{"id":299,"date":"2023-01-25T15:04:42","date_gmt":"2023-01-25T15:04:42","guid":{"rendered":"https:\/\/bastia.ms.decms.eu\/sample-page\/"},"modified":"2026-03-29T15:55:50","modified_gmt":"2026-03-29T15:55:50","slug":"sample-page","status":"publish","type":"page","link":"https:\/\/www.hotel-napoleon-bastia.fr\/de\/","title":{"rendered":"H\u00f4tel Napol\u00e9on"},"content":{"rendered":"<p><strong>Im Herzen der Innenstadt von Bastia<\/strong>, nur wenige Schritte vom ber\u00fchmten Place Saint-Nicolas entfernt, begr\u00fc\u00dft Sie das <strong>Hotel Napol\u00e9on<\/strong> zu einem denkw\u00fcrdigen Aufenthalt. Unser familiengef\u00fchrtes 2-Sterne-Hotel bietet <strong>12 komfortable Zimmer<\/strong> sowie eine<strong> charmante Junior Suite<\/strong>, alle geschmackvoll eingerichtet.<\/p>\n<p><strong>Warum sollten Sie das Hotel Napol\u00e9on w\u00e4hlen?<\/strong><\/p>\n<ul>\n<li><strong>Bevorzugte Lage<\/strong>: Mitten im Stadtzentrum gelegen, erm\u00f6glicht Ihnen unser Hotel, Bastia und seine Sch\u00e4tze voll auszukosten.<\/li>\n<li><strong>Herzlicher Empfang<\/strong>: Unser aufmerksames Team steht Ihnen rund um die Uhr zur Verf\u00fcgung, um Ihre Bed\u00fcrfnisse zu erf\u00fcllen und Sie zu beraten.<\/li>\n<li><strong>Optimaler Komfort<\/strong>: Unsere klimatisierten Zimmer bieten einen idealen Entspannungsbereich nach einem Tag der Erkundung.<\/li>\n<li><strong>Einwandfreie Sauberkeit<\/strong>: Wir legen gro\u00dfen Wert darauf, hohe Sauberkeitsstandards zu halten.<\/li>\n<li><strong>Geb\u00fchrenpflichtiger \u00f6ffentlicher Parkplatznachts<\/strong> geschlossen, 150 Meter entfernt.<\/li>\n<li><strong>Hochwertige Betten<\/strong>: Genie\u00dfen Sie erholsamen Schlaf dank unserer hochwertigen Bettw\u00e4sche.<\/li>\n<li><strong>Garantiert bester Preis<\/strong>: Wenn Sie direkt auf unserer Website buchen, erhalten Sie einen Rabatt von bis zu 10 % im Vergleich zu anderen Buchungskan\u00e4len.<\/li>\n<li><strong>Totale Flexibilit\u00e4t<\/strong>: Organisieren Sie Ihren Aufenthalt nach Ihren W\u00fcnschen und zahlen Sie sp\u00e4ter, mit der Garantie eines pers\u00f6nlichen menschlichen Kontakts.<\/li>\n<li><strong>Empfohlen von renommierten Reisef\u00fchrern<\/strong>\u00a0Seit vielen Jahren wird unsere Einrichtung von renommierten Reisef\u00fchrern wie dem Guide du Routard und dem Gr\u00fcnen Michelin-F\u00fchrer empfohlen. Wir sind stolz auf diese Anerkennung und setzen alles daran, unseren G\u00e4sten ein au\u00dfergew\u00f6hnliches Erlebnis zu bieten.<\/li>\n<\/ul>\n<p><strong>Entdecken Sie Bastia und Korsika<\/strong><\/p>\n<p>Lassen Sie sich von der Sch\u00f6nheit Bastias und unserer Insel Korsika verf\u00fchren. Entdecken Sie malerische Gassen, lokale Aromen und die Authentizit\u00e4t dieses einzigartigen Reiseziels.<\/p>\n<p>Buchen Sie jetzt und treten Sie uns im Hotel Napol\u00e9on bei, um ein unvergessliches Erlebnis in Bastia zu erleben!<\/p>\n","protected":false},"excerpt":{"rendered":"<p>Im Herzen der Innenstadt von Bastia, nur wenige Schritte vom ber\u00fchmten Place Saint-Nicolas entfernt, begr\u00fc\u00dft Sie das Hotel Napol\u00e9on zu einem denkw\u00fcrdigen Aufenthalt. Unser familiengef\u00fchrtes 2-Sterne-Hotel bietet 12 komfortable Zimmer sowie eine charmante Junior Suite, alle geschmackvoll eingerichtet. Warum sollten Sie das Hotel Napol\u00e9on w\u00e4hlen? Bevorzugte Lage: Mitten im Stadtzentrum gelegen, erm\u00f6glicht Ihnen unser Hotel, [&hellip;]<\/p>\n","protected":false},"author":46,"featured_media":0,"parent":0,"menu_order":10,"comment_status":"closed","ping_status":"closed","template":"","meta":{"footnotes":""},"class_list":["post-299","page","type-page","status-publish","hentry"],"yoast_head":"<!-- This site is optimized with the Yoast SEO plugin v26.9 - https:\/\/yoast.com\/product\/yoast-seo-wordpress\/ -->\n<title>H\u00f4tel Napol\u00e9on - H\u00f4tel Napol\u00e9on Bastia<\/title>\n<meta name=\"description\" content=\"Im Herzen der Innenstadt von Bastia, nur wenige Schritte vom ber\u00fchmten Place Saint-Nicolas entfernt, begr\u00fc\u00dft Sie das Hotel Napol\u00e9on zu einem denkw\u00fcrdigen\" \/>\n<meta name=\"robots\" content=\"index, follow, max-snippet:-1, max-image-preview:large, max-video-preview:-1\" \/>\n<link rel=\"canonical\" href=\"https:\/\/www.hotel-napoleon-bastia.fr\/de\/\" \/>\n<meta property=\"og:locale\" content=\"de_DE\" \/>\n<meta property=\"og:type\" content=\"article\" \/>\n<meta property=\"og:title\" content=\"H\u00f4tel Napol\u00e9on - H\u00f4tel Napol\u00e9on Bastia\" \/>\n<meta property=\"og:description\" content=\"Im Herzen der Innenstadt von Bastia, nur wenige Schritte vom ber\u00fchmten Place Saint-Nicolas entfernt, begr\u00fc\u00dft Sie das Hotel Napol\u00e9on zu einem denkw\u00fcrdigen\" \/>\n<meta property=\"og:url\" content=\"https:\/\/www.hotel-napoleon-bastia.fr\/de\/\" \/>\n<meta property=\"og:site_name\" content=\"H\u00f4tel Napol\u00e9on Bastia\" \/>\n<meta property=\"article:modified_time\" content=\"2026-03-29T15:55:50+00:00\" \/>\n<meta name=\"twitter:card\" content=\"summary_large_image\" \/>\n<meta name=\"twitter:label1\" content=\"Gesch\u00e4tzte Lesezeit\" \/>\n\t<meta name=\"twitter:data1\" content=\"2 Minuten\" \/>\n<script type=\"application\/ld+json\" class=\"yoast-schema-graph\">{\"@context\":\"https:\/\/schema.org\",\"@graph\":[{\"@type\":\"WebPage\",\"@id\":\"https:\/\/www.hotel-napoleon-bastia.fr\/de\/\",\"url\":\"https:\/\/www.hotel-napoleon-bastia.fr\/de\/\",\"name\":\"H\u00f4tel Napol\u00e9on - H\u00f4tel Napol\u00e9on Bastia\",\"isPartOf\":{\"@id\":\"https:\/\/www.hotel-napoleon-bastia.fr\/de\/#website\"},\"datePublished\":\"2023-01-25T15:04:42+00:00\",\"dateModified\":\"2026-03-29T15:55:50+00:00\",\"description\":\"Im Herzen der Innenstadt von Bastia, nur wenige Schritte vom ber\u00fchmten Place Saint-Nicolas entfernt, begr\u00fc\u00dft Sie das Hotel Napol\u00e9on zu einem denkw\u00fcrdigen\",\"breadcrumb\":{\"@id\":\"https:\/\/www.hotel-napoleon-bastia.fr\/de\/#breadcrumb\"},\"inLanguage\":\"de-DE\",\"potentialAction\":[{\"@type\":\"ReadAction\",\"target\":[\"https:\/\/www.hotel-napoleon-bastia.fr\/de\/\"]}]},{\"@type\":\"BreadcrumbList\",\"@id\":\"https:\/\/www.hotel-napoleon-bastia.fr\/de\/#breadcrumb\",\"itemListElement\":[{\"@type\":\"ListItem\",\"position\":1,\"name\":\"Home\",\"item\":\"https:\/\/www.hotel-napoleon-bastia.fr\/de\/\"},{\"@type\":\"ListItem\",\"position\":2,\"name\":\"H\u00f4tel Napol\u00e9on\"}]},{\"@type\":\"WebSite\",\"@id\":\"https:\/\/www.hotel-napoleon-bastia.fr\/de\/#website\",\"url\":\"https:\/\/www.hotel-napoleon-bastia.fr\/de\/\",\"name\":\"H\u00f4tel Napol\u00e9on Bastia\",\"description\":\"\",\"potentialAction\":[{\"@type\":\"SearchAction\",\"target\":{\"@type\":\"EntryPoint\",\"urlTemplate\":\"https:\/\/www.hotel-napoleon-bastia.fr\/de\/?s={search_term_string}\"},\"query-input\":{\"@type\":\"PropertyValueSpecification\",\"valueRequired\":true,\"valueName\":\"search_term_string\"}}],\"inLanguage\":\"de-DE\"}]}<\/script>\n<!-- \/ Yoast SEO plugin. -->","yoast_head_json":{"title":"H\u00f4tel Napol\u00e9on - H\u00f4tel Napol\u00e9on Bastia","description":"Im Herzen der Innenstadt von Bastia, nur wenige Schritte vom ber\u00fchmten Place Saint-Nicolas entfernt, begr\u00fc\u00dft Sie das Hotel Napol\u00e9on zu einem denkw\u00fcrdigen","robots":{"index":"index","follow":"follow","max-snippet":"max-snippet:-1","max-image-preview":"max-image-preview:large","max-video-preview":"max-video-preview:-1"},"canonical":"https:\/\/www.hotel-napoleon-bastia.fr\/de\/","og_locale":"de_DE","og_type":"article","og_title":"H\u00f4tel Napol\u00e9on - H\u00f4tel Napol\u00e9on Bastia","og_description":"Im Herzen der Innenstadt von Bastia, nur wenige Schritte vom ber\u00fchmten Place Saint-Nicolas entfernt, begr\u00fc\u00dft Sie das Hotel Napol\u00e9on zu einem denkw\u00fcrdigen","og_url":"https:\/\/www.hotel-napoleon-bastia.fr\/de\/","og_site_name":"H\u00f4tel Napol\u00e9on Bastia","article_modified_time":"2026-03-29T15:55:50+00:00","twitter_card":"summary_large_image","twitter_misc":{"Gesch\u00e4tzte Lesezeit":"2 Minuten"},"schema":{"@context":"https:\/\/schema.org","@graph":[{"@type":"WebPage","@id":"https:\/\/www.hotel-napoleon-bastia.fr\/de\/","url":"https:\/\/www.hotel-napoleon-bastia.fr\/de\/","name":"H\u00f4tel Napol\u00e9on - H\u00f4tel Napol\u00e9on Bastia","isPartOf":{"@id":"https:\/\/www.hotel-napoleon-bastia.fr\/de\/#website"},"datePublished":"2023-01-25T15:04:42+00:00","dateModified":"2026-03-29T15:55:50+00:00","description":"Im Herzen der Innenstadt von Bastia, nur wenige Schritte vom ber\u00fchmten Place Saint-Nicolas entfernt, begr\u00fc\u00dft Sie das Hotel Napol\u00e9on zu einem denkw\u00fcrdigen","breadcrumb":{"@id":"https:\/\/www.hotel-napoleon-bastia.fr\/de\/#breadcrumb"},"inLanguage":"de-DE","potentialAction":[{"@type":"ReadAction","target":["https:\/\/www.hotel-napoleon-bastia.fr\/de\/"]}]},{"@type":"BreadcrumbList","@id":"https:\/\/www.hotel-napoleon-bastia.fr\/de\/#breadcrumb","itemListElement":[{"@type":"ListItem","position":1,"name":"Home","item":"https:\/\/www.hotel-napoleon-bastia.fr\/de\/"},{"@type":"ListItem","position":2,"name":"H\u00f4tel Napol\u00e9on"}]},{"@type":"WebSite","@id":"https:\/\/www.hotel-napoleon-bastia.fr\/de\/#website","url":"https:\/\/www.hotel-napoleon-bastia.fr\/de\/","name":"H\u00f4tel Napol\u00e9on Bastia","description":"","potentialAction":[{"@type":"SearchAction","target":{"@type":"EntryPoint","urlTemplate":"https:\/\/www.hotel-napoleon-bastia.fr\/de\/?s={search_term_string}"},"query-input":{"@type":"PropertyValueSpecification","valueRequired":true,"valueName":"search_term_string"}}],"inLanguage":"de-DE"}]}},"acf":[],"_links":{"self":[{"href":"https:\/\/www.hotel-napoleon-bastia.fr\/de\/wp-json\/wp\/v2\/pages\/299","targetHints":{"allow":["GET"]}}],"collection":[{"href":"https:\/\/www.hotel-napoleon-bastia.fr\/de\/wp-json\/wp\/v2\/pages"}],"about":[{"href":"https:\/\/www.hotel-napoleon-bastia.fr\/de\/wp-json\/wp\/v2\/types\/page"}],"author":[{"embeddable":true,"href":"https:\/\/www.hotel-napoleon-bastia.fr\/de\/wp-json\/wp\/v2\/users\/46"}],"replies":[{"embeddable":true,"href":"https:\/\/www.hotel-napoleon-bastia.fr\/de\/wp-json\/wp\/v2\/comments?post=299"}],"version-history":[{"count":0,"href":"https:\/\/www.hotel-napoleon-bastia.fr\/de\/wp-json\/wp\/v2\/pages\/299\/revisions"}],"wp:attachment":[{"href":"https:\/\/www.hotel-napoleon-bastia.fr\/de\/wp-json\/wp\/v2\/media?parent=299"}],"curies":[{"name":"wp","href":"https:\/\/api.w.org\/{rel}","templated":true}]}}