{"id":300,"date":"2023-01-25T15:40:47","date_gmt":"2023-01-25T15:40:47","guid":{"rendered":"https:\/\/bastia.ms.decms.eu\/chambres-et-suite\/"},"modified":"2026-01-06T13:50:44","modified_gmt":"2026-01-06T13:50:44","slug":"zimmer-und-suite","status":"publish","type":"page","link":"https:\/\/www.hotel-napoleon-bastia.fr\/de\/zimmer-und-suite\/","title":{"rendered":"Zimmer und Suite"},"content":{"rendered":"<p style=\"text-align: center\">Entdecken Sie unsere Auswahl an hochwertigen Zimmern f\u00fcr einen unvergesslichen Aufenthalt! Wir stellen Ihnen hochwertige Bettw\u00e4sche zur Verf\u00fcgung, um Ihnen einen erholsamen Schlaf und maximalen Komfort zu garantieren. Zus\u00e4tzlich k\u00f6nnen Sie sich an hei\u00dfen Tagen mit der Klimaanlage erfrischen.<\/p>\n<p style=\"text-align: center\">Unsere Zimmer, alle im ersten Stock gelegen, sind mit allem ausgestattet, was Sie ben\u00f6tigen: Kostenloses und unbegrenztes WLAN erm\u00f6glicht es Ihnen, jederzeit verbunden zu bleiben, w\u00e4hrend der HD-Flachbildfernseher mit 26 digitalen Kan\u00e4len, ein herausragendes Fernseherlebnis bietet. Zudem steht Ihnen ein Telefon zur Verf\u00fcgung, um Ihre Lieben von Ihrem Zimmer aus anzurufen.<\/p>\n<p style=\"text-align: center\">Sie haben ein eigenes Badezimmer mit Dusche und Haartrockner f\u00fcr Ihr h\u00f6chstes Wohlbefinden. Dar\u00fcber hinaus k\u00f6nnen Sie die Minibar nutzen, um sich zu erfrischen und jederzeit ein k\u00fchles Getr\u00e4nk zu genie\u00dfen. Der Schreibtisch und das doppelverglaste Fenster erm\u00f6glichen es Ihnen, in einer ruhigen und angenehmen Umgebung zu arbeiten.<\/p>\n<p style=\"text-align: center\">Wenn Sie Ihre Kleidung b\u00fcgeln m\u00fcssen, steht Ihnen auf Anfrage ein B\u00fcgeleisen zur Verf\u00fcgung. Buchen Sie jetzt Ihr Zimmer, um alle diese Annehmlichkeiten zu genie\u00dfen und einen perfekten Aufenthalt zu erleben!<\/p>\n","protected":false},"excerpt":{"rendered":"<p>Entdecken Sie unsere Auswahl an hochwertigen Zimmern f\u00fcr einen unvergesslichen Aufenthalt! Wir stellen Ihnen hochwertige Bettw\u00e4sche zur Verf\u00fcgung, um Ihnen einen erholsamen Schlaf und maximalen Komfort zu garantieren. Zus\u00e4tzlich k\u00f6nnen Sie sich an hei\u00dfen Tagen mit der Klimaanlage erfrischen. Unsere Zimmer, alle im ersten Stock gelegen, sind mit allem ausgestattet, was Sie ben\u00f6tigen: Kostenloses und [&hellip;]<\/p>\n","protected":false},"author":46,"featured_media":0,"parent":0,"menu_order":20,"comment_status":"closed","ping_status":"closed","template":"template-rooms.php","meta":{"footnotes":""},"class_list":["post-300","page","type-page","status-publish","hentry"],"yoast_head":"<!-- This site is optimized with the Yoast SEO plugin v26.9 - https:\/\/yoast.com\/product\/yoast-seo-wordpress\/ -->\n<title>Zimmer und Suite - H\u00f4tel Napol\u00e9on Bastia<\/title>\n<meta name=\"description\" content=\"Entdecken Sie unsere Auswahl an hochwertigen Zimmern f\u00fcr einen unvergesslichen Aufenthalt! Wir stellen Ihnen hochwertige Bettw\u00e4sche zur Verf\u00fcgung, um\" \/>\n<meta name=\"robots\" content=\"index, follow, max-snippet:-1, max-image-preview:large, max-video-preview:-1\" \/>\n<link rel=\"canonical\" href=\"https:\/\/www.hotel-napoleon-bastia.fr\/de\/zimmer-und-suite\/\" \/>\n<meta property=\"og:locale\" content=\"de_DE\" \/>\n<meta property=\"og:type\" content=\"article\" \/>\n<meta property=\"og:title\" content=\"Zimmer und Suite - H\u00f4tel Napol\u00e9on Bastia\" \/>\n<meta property=\"og:description\" content=\"Entdecken Sie unsere Auswahl an hochwertigen Zimmern f\u00fcr einen unvergesslichen Aufenthalt! Wir stellen Ihnen hochwertige Bettw\u00e4sche zur Verf\u00fcgung, um\" \/>\n<meta property=\"og:url\" content=\"https:\/\/www.hotel-napoleon-bastia.fr\/de\/zimmer-und-suite\/\" \/>\n<meta property=\"og:site_name\" content=\"H\u00f4tel Napol\u00e9on Bastia\" \/>\n<meta property=\"article:modified_time\" content=\"2026-01-06T13:50:44+00:00\" \/>\n<meta name=\"twitter:card\" content=\"summary_large_image\" \/>\n<meta name=\"twitter:label1\" content=\"Gesch\u00e4tzte Lesezeit\" \/>\n\t<meta name=\"twitter:data1\" content=\"1 Minute\" \/>\n<script type=\"application\/ld+json\" class=\"yoast-schema-graph\">{\"@context\":\"https:\/\/schema.org\",\"@graph\":[{\"@type\":\"WebPage\",\"@id\":\"https:\/\/www.hotel-napoleon-bastia.fr\/de\/zimmer-und-suite\/\",\"url\":\"https:\/\/www.hotel-napoleon-bastia.fr\/de\/zimmer-und-suite\/\",\"name\":\"Zimmer und Suite - H\u00f4tel Napol\u00e9on Bastia\",\"isPartOf\":{\"@id\":\"https:\/\/www.hotel-napoleon-bastia.fr\/de\/#website\"},\"datePublished\":\"2023-01-25T15:40:47+00:00\",\"dateModified\":\"2026-01-06T13:50:44+00:00\",\"description\":\"Entdecken Sie unsere Auswahl an hochwertigen Zimmern f\u00fcr einen unvergesslichen Aufenthalt! Wir stellen Ihnen hochwertige Bettw\u00e4sche zur Verf\u00fcgung, um\",\"breadcrumb\":{\"@id\":\"https:\/\/www.hotel-napoleon-bastia.fr\/de\/zimmer-und-suite\/#breadcrumb\"},\"inLanguage\":\"de-DE\",\"potentialAction\":[{\"@type\":\"ReadAction\",\"target\":[\"https:\/\/www.hotel-napoleon-bastia.fr\/de\/zimmer-und-suite\/\"]}]},{\"@type\":\"BreadcrumbList\",\"@id\":\"https:\/\/www.hotel-napoleon-bastia.fr\/de\/zimmer-und-suite\/#breadcrumb\",\"itemListElement\":[{\"@type\":\"ListItem\",\"position\":1,\"name\":\"Home\",\"item\":\"https:\/\/www.hotel-napoleon-bastia.fr\/de\/\"},{\"@type\":\"ListItem\",\"position\":2,\"name\":\"Zimmer und Suite\"}]},{\"@type\":\"WebSite\",\"@id\":\"https:\/\/www.hotel-napoleon-bastia.fr\/de\/#website\",\"url\":\"https:\/\/www.hotel-napoleon-bastia.fr\/de\/\",\"name\":\"H\u00f4tel Napol\u00e9on Bastia\",\"description\":\"\",\"potentialAction\":[{\"@type\":\"SearchAction\",\"target\":{\"@type\":\"EntryPoint\",\"urlTemplate\":\"https:\/\/www.hotel-napoleon-bastia.fr\/de\/?s={search_term_string}\"},\"query-input\":{\"@type\":\"PropertyValueSpecification\",\"valueRequired\":true,\"valueName\":\"search_term_string\"}}],\"inLanguage\":\"de-DE\"}]}<\/script>\n<!-- \/ Yoast SEO plugin. -->","yoast_head_json":{"title":"Zimmer und Suite - H\u00f4tel Napol\u00e9on Bastia","description":"Entdecken Sie unsere Auswahl an hochwertigen Zimmern f\u00fcr einen unvergesslichen Aufenthalt! Wir stellen Ihnen hochwertige Bettw\u00e4sche zur Verf\u00fcgung, um","robots":{"index":"index","follow":"follow","max-snippet":"max-snippet:-1","max-image-preview":"max-image-preview:large","max-video-preview":"max-video-preview:-1"},"canonical":"https:\/\/www.hotel-napoleon-bastia.fr\/de\/zimmer-und-suite\/","og_locale":"de_DE","og_type":"article","og_title":"Zimmer und Suite - H\u00f4tel Napol\u00e9on Bastia","og_description":"Entdecken Sie unsere Auswahl an hochwertigen Zimmern f\u00fcr einen unvergesslichen Aufenthalt! Wir stellen Ihnen hochwertige Bettw\u00e4sche zur Verf\u00fcgung, um","og_url":"https:\/\/www.hotel-napoleon-bastia.fr\/de\/zimmer-und-suite\/","og_site_name":"H\u00f4tel Napol\u00e9on Bastia","article_modified_time":"2026-01-06T13:50:44+00:00","twitter_card":"summary_large_image","twitter_misc":{"Gesch\u00e4tzte Lesezeit":"1 Minute"},"schema":{"@context":"https:\/\/schema.org","@graph":[{"@type":"WebPage","@id":"https:\/\/www.hotel-napoleon-bastia.fr\/de\/zimmer-und-suite\/","url":"https:\/\/www.hotel-napoleon-bastia.fr\/de\/zimmer-und-suite\/","name":"Zimmer und Suite - H\u00f4tel Napol\u00e9on Bastia","isPartOf":{"@id":"https:\/\/www.hotel-napoleon-bastia.fr\/de\/#website"},"datePublished":"2023-01-25T15:40:47+00:00","dateModified":"2026-01-06T13:50:44+00:00","description":"Entdecken Sie unsere Auswahl an hochwertigen Zimmern f\u00fcr einen unvergesslichen Aufenthalt! Wir stellen Ihnen hochwertige Bettw\u00e4sche zur Verf\u00fcgung, um","breadcrumb":{"@id":"https:\/\/www.hotel-napoleon-bastia.fr\/de\/zimmer-und-suite\/#breadcrumb"},"inLanguage":"de-DE","potentialAction":[{"@type":"ReadAction","target":["https:\/\/www.hotel-napoleon-bastia.fr\/de\/zimmer-und-suite\/"]}]},{"@type":"BreadcrumbList","@id":"https:\/\/www.hotel-napoleon-bastia.fr\/de\/zimmer-und-suite\/#breadcrumb","itemListElement":[{"@type":"ListItem","position":1,"name":"Home","item":"https:\/\/www.hotel-napoleon-bastia.fr\/de\/"},{"@type":"ListItem","position":2,"name":"Zimmer und Suite"}]},{"@type":"WebSite","@id":"https:\/\/www.hotel-napoleon-bastia.fr\/de\/#website","url":"https:\/\/www.hotel-napoleon-bastia.fr\/de\/","name":"H\u00f4tel Napol\u00e9on Bastia","description":"","potentialAction":[{"@type":"SearchAction","target":{"@type":"EntryPoint","urlTemplate":"https:\/\/www.hotel-napoleon-bastia.fr\/de\/?s={search_term_string}"},"query-input":{"@type":"PropertyValueSpecification","valueRequired":true,"valueName":"search_term_string"}}],"inLanguage":"de-DE"}]}},"acf":[],"_links":{"self":[{"href":"https:\/\/www.hotel-napoleon-bastia.fr\/de\/wp-json\/wp\/v2\/pages\/300","targetHints":{"allow":["GET"]}}],"collection":[{"href":"https:\/\/www.hotel-napoleon-bastia.fr\/de\/wp-json\/wp\/v2\/pages"}],"about":[{"href":"https:\/\/www.hotel-napoleon-bastia.fr\/de\/wp-json\/wp\/v2\/types\/page"}],"author":[{"embeddable":true,"href":"https:\/\/www.hotel-napoleon-bastia.fr\/de\/wp-json\/wp\/v2\/users\/46"}],"replies":[{"embeddable":true,"href":"https:\/\/www.hotel-napoleon-bastia.fr\/de\/wp-json\/wp\/v2\/comments?post=300"}],"version-history":[{"count":0,"href":"https:\/\/www.hotel-napoleon-bastia.fr\/de\/wp-json\/wp\/v2\/pages\/300\/revisions"}],"wp:attachment":[{"href":"https:\/\/www.hotel-napoleon-bastia.fr\/de\/wp-json\/wp\/v2\/media?parent=300"}],"curies":[{"name":"wp","href":"https:\/\/api.w.org\/{rel}","templated":true}]}}