{"id":303,"date":"2023-01-25T15:41:24","date_gmt":"2023-01-25T15:41:24","guid":{"rendered":"https:\/\/bastia.ms.decms.eu\/zimmer-und-suite\/chambre-double\/"},"modified":"2023-05-02T13:55:53","modified_gmt":"2023-05-02T13:55:53","slug":"doppelzimmer","status":"publish","type":"page","link":"https:\/\/www.hotel-napoleon-bastia.fr\/de\/zimmer-und-suite\/doppelzimmer\/","title":{"rendered":"Doppelzimmer"},"content":{"rendered":"<p style=\"text-align: center;\">Entdecken Sie den hervorragenden Komfort eines unserer 10 Doppelzimmer im H\u00f4tel Napol\u00e9on. Genie\u00dfen Sie unsere gem\u00fctlichen Betten mit einer Breite von 140 cm und die Klimaanlage f\u00fcr einen erholsamen Schlaf. Unsere erstklassigen Zimmer sind mit 28 cm dicken Matratzen und 3 Komfortzonen ausgestattet, die perfekt auf Ihre K\u00f6rperform abgestimmt sind. G\u00f6nnen Sie sich den Luxus einer weichen Unterst\u00fctzung f\u00fcr einen perfekten Schlaf.<\/p>\n","protected":false},"excerpt":{"rendered":"<p>Entdecken Sie den hervorragenden Komfort eines unserer 10 Doppelzimmer im H\u00f4tel Napol\u00e9on. Genie\u00dfen Sie unsere gem\u00fctlichen Betten mit einer Breite von 140 cm und die Klimaanlage f\u00fcr einen erholsamen Schlaf. Unsere erstklassigen Zimmer sind mit 28 cm dicken Matratzen und 3 Komfortzonen ausgestattet, die perfekt auf Ihre K\u00f6rperform abgestimmt sind. G\u00f6nnen Sie sich den Luxus [&hellip;]<\/p>\n","protected":false},"author":46,"featured_media":0,"parent":300,"menu_order":210,"comment_status":"closed","ping_status":"closed","template":"template-single-room.php","meta":{"footnotes":""},"class_list":["post-303","page","type-page","status-publish","hentry"],"yoast_head":"<!-- This site is optimized with the Yoast SEO plugin v26.9 - https:\/\/yoast.com\/product\/yoast-seo-wordpress\/ -->\n<title>Doppelzimmer - H\u00f4tel Napol\u00e9on Bastia<\/title>\n<meta name=\"description\" content=\"Entdecken Sie den hervorragenden Komfort eines unserer 10 Doppelzimmer im H\u00f4tel Napol\u00e9on. Genie\u00dfen Sie unsere gem\u00fctlichen Betten mit einer Breite von 140\" \/>\n<meta name=\"robots\" content=\"index, follow, max-snippet:-1, max-image-preview:large, max-video-preview:-1\" \/>\n<link rel=\"canonical\" href=\"https:\/\/www.hotel-napoleon-bastia.fr\/de\/zimmer-und-suite\/doppelzimmer\/\" \/>\n<meta property=\"og:locale\" content=\"de_DE\" \/>\n<meta property=\"og:type\" content=\"article\" \/>\n<meta property=\"og:title\" content=\"Doppelzimmer - H\u00f4tel Napol\u00e9on Bastia\" \/>\n<meta property=\"og:description\" content=\"Entdecken Sie den hervorragenden Komfort eines unserer 10 Doppelzimmer im H\u00f4tel Napol\u00e9on. Genie\u00dfen Sie unsere gem\u00fctlichen Betten mit einer Breite von 140\" \/>\n<meta property=\"og:url\" content=\"https:\/\/www.hotel-napoleon-bastia.fr\/de\/zimmer-und-suite\/doppelzimmer\/\" \/>\n<meta property=\"og:site_name\" content=\"H\u00f4tel Napol\u00e9on Bastia\" \/>\n<meta property=\"article:modified_time\" content=\"2023-05-02T13:55:53+00:00\" \/>\n<meta name=\"twitter:card\" content=\"summary_large_image\" \/>\n<meta name=\"twitter:label1\" content=\"Gesch\u00e4tzte Lesezeit\" \/>\n\t<meta name=\"twitter:data1\" content=\"1 Minute\" \/>\n<script type=\"application\/ld+json\" class=\"yoast-schema-graph\">{\"@context\":\"https:\/\/schema.org\",\"@graph\":[{\"@type\":\"WebPage\",\"@id\":\"https:\/\/www.hotel-napoleon-bastia.fr\/de\/zimmer-und-suite\/doppelzimmer\/\",\"url\":\"https:\/\/www.hotel-napoleon-bastia.fr\/de\/zimmer-und-suite\/doppelzimmer\/\",\"name\":\"Doppelzimmer - H\u00f4tel Napol\u00e9on Bastia\",\"isPartOf\":{\"@id\":\"https:\/\/www.hotel-napoleon-bastia.fr\/de\/#website\"},\"datePublished\":\"2023-01-25T15:41:24+00:00\",\"dateModified\":\"2023-05-02T13:55:53+00:00\",\"description\":\"Entdecken Sie den hervorragenden Komfort eines unserer 10 Doppelzimmer im H\u00f4tel Napol\u00e9on. Genie\u00dfen Sie unsere gem\u00fctlichen Betten mit einer Breite von 140\",\"breadcrumb\":{\"@id\":\"https:\/\/www.hotel-napoleon-bastia.fr\/de\/zimmer-und-suite\/doppelzimmer\/#breadcrumb\"},\"inLanguage\":\"de-DE\",\"potentialAction\":[{\"@type\":\"ReadAction\",\"target\":[\"https:\/\/www.hotel-napoleon-bastia.fr\/de\/zimmer-und-suite\/doppelzimmer\/\"]}]},{\"@type\":\"BreadcrumbList\",\"@id\":\"https:\/\/www.hotel-napoleon-bastia.fr\/de\/zimmer-und-suite\/doppelzimmer\/#breadcrumb\",\"itemListElement\":[{\"@type\":\"ListItem\",\"position\":1,\"name\":\"Home\",\"item\":\"https:\/\/www.hotel-napoleon-bastia.fr\/de\/\"},{\"@type\":\"ListItem\",\"position\":2,\"name\":\"Zimmer und Suite\",\"item\":\"https:\/\/www.hotel-napoleon-bastia.fr\/de\/zimmer-und-suite\/\"},{\"@type\":\"ListItem\",\"position\":3,\"name\":\"Doppelzimmer\"}]},{\"@type\":\"WebSite\",\"@id\":\"https:\/\/www.hotel-napoleon-bastia.fr\/de\/#website\",\"url\":\"https:\/\/www.hotel-napoleon-bastia.fr\/de\/\",\"name\":\"H\u00f4tel Napol\u00e9on Bastia\",\"description\":\"\",\"potentialAction\":[{\"@type\":\"SearchAction\",\"target\":{\"@type\":\"EntryPoint\",\"urlTemplate\":\"https:\/\/www.hotel-napoleon-bastia.fr\/de\/?s={search_term_string}\"},\"query-input\":{\"@type\":\"PropertyValueSpecification\",\"valueRequired\":true,\"valueName\":\"search_term_string\"}}],\"inLanguage\":\"de-DE\"}]}<\/script>\n<!-- \/ Yoast SEO plugin. -->","yoast_head_json":{"title":"Doppelzimmer - H\u00f4tel Napol\u00e9on Bastia","description":"Entdecken Sie den hervorragenden Komfort eines unserer 10 Doppelzimmer im H\u00f4tel Napol\u00e9on. Genie\u00dfen Sie unsere gem\u00fctlichen Betten mit einer Breite von 140","robots":{"index":"index","follow":"follow","max-snippet":"max-snippet:-1","max-image-preview":"max-image-preview:large","max-video-preview":"max-video-preview:-1"},"canonical":"https:\/\/www.hotel-napoleon-bastia.fr\/de\/zimmer-und-suite\/doppelzimmer\/","og_locale":"de_DE","og_type":"article","og_title":"Doppelzimmer - H\u00f4tel Napol\u00e9on Bastia","og_description":"Entdecken Sie den hervorragenden Komfort eines unserer 10 Doppelzimmer im H\u00f4tel Napol\u00e9on. Genie\u00dfen Sie unsere gem\u00fctlichen Betten mit einer Breite von 140","og_url":"https:\/\/www.hotel-napoleon-bastia.fr\/de\/zimmer-und-suite\/doppelzimmer\/","og_site_name":"H\u00f4tel Napol\u00e9on Bastia","article_modified_time":"2023-05-02T13:55:53+00:00","twitter_card":"summary_large_image","twitter_misc":{"Gesch\u00e4tzte Lesezeit":"1 Minute"},"schema":{"@context":"https:\/\/schema.org","@graph":[{"@type":"WebPage","@id":"https:\/\/www.hotel-napoleon-bastia.fr\/de\/zimmer-und-suite\/doppelzimmer\/","url":"https:\/\/www.hotel-napoleon-bastia.fr\/de\/zimmer-und-suite\/doppelzimmer\/","name":"Doppelzimmer - H\u00f4tel Napol\u00e9on Bastia","isPartOf":{"@id":"https:\/\/www.hotel-napoleon-bastia.fr\/de\/#website"},"datePublished":"2023-01-25T15:41:24+00:00","dateModified":"2023-05-02T13:55:53+00:00","description":"Entdecken Sie den hervorragenden Komfort eines unserer 10 Doppelzimmer im H\u00f4tel Napol\u00e9on. Genie\u00dfen Sie unsere gem\u00fctlichen Betten mit einer Breite von 140","breadcrumb":{"@id":"https:\/\/www.hotel-napoleon-bastia.fr\/de\/zimmer-und-suite\/doppelzimmer\/#breadcrumb"},"inLanguage":"de-DE","potentialAction":[{"@type":"ReadAction","target":["https:\/\/www.hotel-napoleon-bastia.fr\/de\/zimmer-und-suite\/doppelzimmer\/"]}]},{"@type":"BreadcrumbList","@id":"https:\/\/www.hotel-napoleon-bastia.fr\/de\/zimmer-und-suite\/doppelzimmer\/#breadcrumb","itemListElement":[{"@type":"ListItem","position":1,"name":"Home","item":"https:\/\/www.hotel-napoleon-bastia.fr\/de\/"},{"@type":"ListItem","position":2,"name":"Zimmer und Suite","item":"https:\/\/www.hotel-napoleon-bastia.fr\/de\/zimmer-und-suite\/"},{"@type":"ListItem","position":3,"name":"Doppelzimmer"}]},{"@type":"WebSite","@id":"https:\/\/www.hotel-napoleon-bastia.fr\/de\/#website","url":"https:\/\/www.hotel-napoleon-bastia.fr\/de\/","name":"H\u00f4tel Napol\u00e9on Bastia","description":"","potentialAction":[{"@type":"SearchAction","target":{"@type":"EntryPoint","urlTemplate":"https:\/\/www.hotel-napoleon-bastia.fr\/de\/?s={search_term_string}"},"query-input":{"@type":"PropertyValueSpecification","valueRequired":true,"valueName":"search_term_string"}}],"inLanguage":"de-DE"}]}},"acf":[],"_links":{"self":[{"href":"https:\/\/www.hotel-napoleon-bastia.fr\/de\/wp-json\/wp\/v2\/pages\/303","targetHints":{"allow":["GET"]}}],"collection":[{"href":"https:\/\/www.hotel-napoleon-bastia.fr\/de\/wp-json\/wp\/v2\/pages"}],"about":[{"href":"https:\/\/www.hotel-napoleon-bastia.fr\/de\/wp-json\/wp\/v2\/types\/page"}],"author":[{"embeddable":true,"href":"https:\/\/www.hotel-napoleon-bastia.fr\/de\/wp-json\/wp\/v2\/users\/46"}],"replies":[{"embeddable":true,"href":"https:\/\/www.hotel-napoleon-bastia.fr\/de\/wp-json\/wp\/v2\/comments?post=303"}],"version-history":[{"count":0,"href":"https:\/\/www.hotel-napoleon-bastia.fr\/de\/wp-json\/wp\/v2\/pages\/303\/revisions"}],"up":[{"embeddable":true,"href":"https:\/\/www.hotel-napoleon-bastia.fr\/de\/wp-json\/wp\/v2\/pages\/300"}],"wp:attachment":[{"href":"https:\/\/www.hotel-napoleon-bastia.fr\/de\/wp-json\/wp\/v2\/media?parent=303"}],"curies":[{"name":"wp","href":"https:\/\/api.w.org\/{rel}","templated":true}]}}