{"id":307,"date":"2023-01-27T14:09:40","date_gmt":"2023-01-27T14:09:40","guid":{"rendered":"https:\/\/bastia.ms.decms.eu\/zimmer-und-suite\/chambre-familiale\/"},"modified":"2023-05-02T13:56:06","modified_gmt":"2023-05-02T13:56:06","slug":"familienzimmer","status":"publish","type":"page","link":"https:\/\/www.hotel-napoleon-bastia.fr\/de\/zimmer-und-suite\/familienzimmer\/","title":{"rendered":"Familienzimmer"},"content":{"rendered":"<p style=\"text-align: center;\">G\u00f6nnen Sie sich einen unvergesslichen Familienaufenthalt in unserem komfortablen Familienzimmer im H\u00f4tel Napol\u00e9on. Dieses klimatisierte Zimmer verf\u00fcgt \u00fcber ein gem\u00fctliches Bett mit einer Breite von 140 cm und zwei Etagenbetten, die Ihnen eine optimale Erholung garantieren. Unsere erstklassige Bettw\u00e4sche bietet Ihnen den Komfort, den Sie ben\u00f6tigen, um sich vor einem Tag voller Abenteuer zu erholen. Buchen Sie jetzt, um unvergessliche Momente mit Ihrer Familie zu genie\u00dfen!<\/p>\n","protected":false},"excerpt":{"rendered":"<p>G\u00f6nnen Sie sich einen unvergesslichen Familienaufenthalt in unserem komfortablen Familienzimmer im H\u00f4tel Napol\u00e9on. Dieses klimatisierte Zimmer verf\u00fcgt \u00fcber ein gem\u00fctliches Bett mit einer Breite von 140 cm und zwei Etagenbetten, die Ihnen eine optimale Erholung garantieren. Unsere erstklassige Bettw\u00e4sche bietet Ihnen den Komfort, den Sie ben\u00f6tigen, um sich vor einem Tag voller Abenteuer zu erholen. [&hellip;]<\/p>\n","protected":false},"author":46,"featured_media":0,"parent":300,"menu_order":230,"comment_status":"closed","ping_status":"closed","template":"template-single-room.php","meta":{"footnotes":""},"class_list":["post-307","page","type-page","status-publish","hentry"],"yoast_head":"<!-- This site is optimized with the Yoast SEO plugin v26.9 - https:\/\/yoast.com\/product\/yoast-seo-wordpress\/ -->\n<title>Familienzimmer - H\u00f4tel Napol\u00e9on Bastia<\/title>\n<meta name=\"description\" content=\"G\u00f6nnen Sie sich einen unvergesslichen Familienaufenthalt in unserem komfortablen Familienzimmer im H\u00f4tel Napol\u00e9on. Dieses klimatisierte Zimmer verf\u00fcgt\" \/>\n<meta name=\"robots\" content=\"index, follow, max-snippet:-1, max-image-preview:large, max-video-preview:-1\" \/>\n<link rel=\"canonical\" href=\"https:\/\/www.hotel-napoleon-bastia.fr\/de\/zimmer-und-suite\/familienzimmer\/\" \/>\n<meta property=\"og:locale\" content=\"de_DE\" \/>\n<meta property=\"og:type\" content=\"article\" \/>\n<meta property=\"og:title\" content=\"Familienzimmer - H\u00f4tel Napol\u00e9on Bastia\" \/>\n<meta property=\"og:description\" content=\"G\u00f6nnen Sie sich einen unvergesslichen Familienaufenthalt in unserem komfortablen Familienzimmer im H\u00f4tel Napol\u00e9on. Dieses klimatisierte Zimmer verf\u00fcgt\" \/>\n<meta property=\"og:url\" content=\"https:\/\/www.hotel-napoleon-bastia.fr\/de\/zimmer-und-suite\/familienzimmer\/\" \/>\n<meta property=\"og:site_name\" content=\"H\u00f4tel Napol\u00e9on Bastia\" \/>\n<meta property=\"article:modified_time\" content=\"2023-05-02T13:56:06+00:00\" \/>\n<meta name=\"twitter:card\" content=\"summary_large_image\" \/>\n<meta name=\"twitter:label1\" content=\"Gesch\u00e4tzte Lesezeit\" \/>\n\t<meta name=\"twitter:data1\" content=\"1 Minute\" \/>\n<script type=\"application\/ld+json\" class=\"yoast-schema-graph\">{\"@context\":\"https:\/\/schema.org\",\"@graph\":[{\"@type\":\"WebPage\",\"@id\":\"https:\/\/www.hotel-napoleon-bastia.fr\/de\/zimmer-und-suite\/familienzimmer\/\",\"url\":\"https:\/\/www.hotel-napoleon-bastia.fr\/de\/zimmer-und-suite\/familienzimmer\/\",\"name\":\"Familienzimmer - H\u00f4tel Napol\u00e9on Bastia\",\"isPartOf\":{\"@id\":\"https:\/\/www.hotel-napoleon-bastia.fr\/de\/#website\"},\"datePublished\":\"2023-01-27T14:09:40+00:00\",\"dateModified\":\"2023-05-02T13:56:06+00:00\",\"description\":\"G\u00f6nnen Sie sich einen unvergesslichen Familienaufenthalt in unserem komfortablen Familienzimmer im H\u00f4tel Napol\u00e9on. Dieses klimatisierte Zimmer verf\u00fcgt\",\"breadcrumb\":{\"@id\":\"https:\/\/www.hotel-napoleon-bastia.fr\/de\/zimmer-und-suite\/familienzimmer\/#breadcrumb\"},\"inLanguage\":\"de-DE\",\"potentialAction\":[{\"@type\":\"ReadAction\",\"target\":[\"https:\/\/www.hotel-napoleon-bastia.fr\/de\/zimmer-und-suite\/familienzimmer\/\"]}]},{\"@type\":\"BreadcrumbList\",\"@id\":\"https:\/\/www.hotel-napoleon-bastia.fr\/de\/zimmer-und-suite\/familienzimmer\/#breadcrumb\",\"itemListElement\":[{\"@type\":\"ListItem\",\"position\":1,\"name\":\"Home\",\"item\":\"https:\/\/www.hotel-napoleon-bastia.fr\/de\/\"},{\"@type\":\"ListItem\",\"position\":2,\"name\":\"Zimmer und Suite\",\"item\":\"https:\/\/www.hotel-napoleon-bastia.fr\/de\/zimmer-und-suite\/\"},{\"@type\":\"ListItem\",\"position\":3,\"name\":\"Familienzimmer\"}]},{\"@type\":\"WebSite\",\"@id\":\"https:\/\/www.hotel-napoleon-bastia.fr\/de\/#website\",\"url\":\"https:\/\/www.hotel-napoleon-bastia.fr\/de\/\",\"name\":\"H\u00f4tel Napol\u00e9on Bastia\",\"description\":\"\",\"potentialAction\":[{\"@type\":\"SearchAction\",\"target\":{\"@type\":\"EntryPoint\",\"urlTemplate\":\"https:\/\/www.hotel-napoleon-bastia.fr\/de\/?s={search_term_string}\"},\"query-input\":{\"@type\":\"PropertyValueSpecification\",\"valueRequired\":true,\"valueName\":\"search_term_string\"}}],\"inLanguage\":\"de-DE\"}]}<\/script>\n<!-- \/ Yoast SEO plugin. -->","yoast_head_json":{"title":"Familienzimmer - H\u00f4tel Napol\u00e9on Bastia","description":"G\u00f6nnen Sie sich einen unvergesslichen Familienaufenthalt in unserem komfortablen Familienzimmer im H\u00f4tel Napol\u00e9on. Dieses klimatisierte Zimmer verf\u00fcgt","robots":{"index":"index","follow":"follow","max-snippet":"max-snippet:-1","max-image-preview":"max-image-preview:large","max-video-preview":"max-video-preview:-1"},"canonical":"https:\/\/www.hotel-napoleon-bastia.fr\/de\/zimmer-und-suite\/familienzimmer\/","og_locale":"de_DE","og_type":"article","og_title":"Familienzimmer - H\u00f4tel Napol\u00e9on Bastia","og_description":"G\u00f6nnen Sie sich einen unvergesslichen Familienaufenthalt in unserem komfortablen Familienzimmer im H\u00f4tel Napol\u00e9on. Dieses klimatisierte Zimmer verf\u00fcgt","og_url":"https:\/\/www.hotel-napoleon-bastia.fr\/de\/zimmer-und-suite\/familienzimmer\/","og_site_name":"H\u00f4tel Napol\u00e9on Bastia","article_modified_time":"2023-05-02T13:56:06+00:00","twitter_card":"summary_large_image","twitter_misc":{"Gesch\u00e4tzte Lesezeit":"1 Minute"},"schema":{"@context":"https:\/\/schema.org","@graph":[{"@type":"WebPage","@id":"https:\/\/www.hotel-napoleon-bastia.fr\/de\/zimmer-und-suite\/familienzimmer\/","url":"https:\/\/www.hotel-napoleon-bastia.fr\/de\/zimmer-und-suite\/familienzimmer\/","name":"Familienzimmer - H\u00f4tel Napol\u00e9on Bastia","isPartOf":{"@id":"https:\/\/www.hotel-napoleon-bastia.fr\/de\/#website"},"datePublished":"2023-01-27T14:09:40+00:00","dateModified":"2023-05-02T13:56:06+00:00","description":"G\u00f6nnen Sie sich einen unvergesslichen Familienaufenthalt in unserem komfortablen Familienzimmer im H\u00f4tel Napol\u00e9on. Dieses klimatisierte Zimmer verf\u00fcgt","breadcrumb":{"@id":"https:\/\/www.hotel-napoleon-bastia.fr\/de\/zimmer-und-suite\/familienzimmer\/#breadcrumb"},"inLanguage":"de-DE","potentialAction":[{"@type":"ReadAction","target":["https:\/\/www.hotel-napoleon-bastia.fr\/de\/zimmer-und-suite\/familienzimmer\/"]}]},{"@type":"BreadcrumbList","@id":"https:\/\/www.hotel-napoleon-bastia.fr\/de\/zimmer-und-suite\/familienzimmer\/#breadcrumb","itemListElement":[{"@type":"ListItem","position":1,"name":"Home","item":"https:\/\/www.hotel-napoleon-bastia.fr\/de\/"},{"@type":"ListItem","position":2,"name":"Zimmer und Suite","item":"https:\/\/www.hotel-napoleon-bastia.fr\/de\/zimmer-und-suite\/"},{"@type":"ListItem","position":3,"name":"Familienzimmer"}]},{"@type":"WebSite","@id":"https:\/\/www.hotel-napoleon-bastia.fr\/de\/#website","url":"https:\/\/www.hotel-napoleon-bastia.fr\/de\/","name":"H\u00f4tel Napol\u00e9on Bastia","description":"","potentialAction":[{"@type":"SearchAction","target":{"@type":"EntryPoint","urlTemplate":"https:\/\/www.hotel-napoleon-bastia.fr\/de\/?s={search_term_string}"},"query-input":{"@type":"PropertyValueSpecification","valueRequired":true,"valueName":"search_term_string"}}],"inLanguage":"de-DE"}]}},"acf":[],"_links":{"self":[{"href":"https:\/\/www.hotel-napoleon-bastia.fr\/de\/wp-json\/wp\/v2\/pages\/307","targetHints":{"allow":["GET"]}}],"collection":[{"href":"https:\/\/www.hotel-napoleon-bastia.fr\/de\/wp-json\/wp\/v2\/pages"}],"about":[{"href":"https:\/\/www.hotel-napoleon-bastia.fr\/de\/wp-json\/wp\/v2\/types\/page"}],"author":[{"embeddable":true,"href":"https:\/\/www.hotel-napoleon-bastia.fr\/de\/wp-json\/wp\/v2\/users\/46"}],"replies":[{"embeddable":true,"href":"https:\/\/www.hotel-napoleon-bastia.fr\/de\/wp-json\/wp\/v2\/comments?post=307"}],"version-history":[{"count":0,"href":"https:\/\/www.hotel-napoleon-bastia.fr\/de\/wp-json\/wp\/v2\/pages\/307\/revisions"}],"up":[{"embeddable":true,"href":"https:\/\/www.hotel-napoleon-bastia.fr\/de\/wp-json\/wp\/v2\/pages\/300"}],"wp:attachment":[{"href":"https:\/\/www.hotel-napoleon-bastia.fr\/de\/wp-json\/wp\/v2\/media?parent=307"}],"curies":[{"name":"wp","href":"https:\/\/api.w.org\/{rel}","templated":true}]}}