{"id":309,"date":"2023-01-27T14:10:19","date_gmt":"2023-01-27T14:10:19","guid":{"rendered":"https:\/\/bastia.ms.decms.eu\/zimmer-und-suite\/suite-junior\/"},"modified":"2023-05-02T13:56:13","modified_gmt":"2023-05-02T13:56:13","slug":"junior-suite","status":"publish","type":"page","link":"https:\/\/www.hotel-napoleon-bastia.fr\/de\/zimmer-und-suite\/junior-suite\/","title":{"rendered":"Junior-Suite"},"content":{"rendered":"<p style=\"text-align: center;\">Entdecken Sie den absoluten Komfort unserer Junior Suite im H\u00f4tel Napol\u00e9on. Dieses klimatisierte Zimmer verf\u00fcgt \u00fcber ein gem\u00fctliches Bett mit einer Gr\u00f6\u00dfe von 160&#215;200 cm und einen Wohnbereich, um Ihnen einen unvergesslichen Aufenthalt zu bieten. Genie\u00dfen Sie unsere erstklassige Bettw\u00e4sche mit einer 28 cm dicken Matratze und 3 Komfortzonen, die perfekt auf Ihre K\u00f6rperform abgestimmt sind. Lassen Sie sich von der umh\u00fcllenden Unterst\u00fctzung unserer Bettw\u00e4sche umgeben, w\u00e4hrend Sie gleichzeitig feste Unterst\u00fctzung f\u00fcr einen erholsamen Schlaf erhalten. Auf Anfrage und gegen Aufpreis bietet diese Suite mit einem Schlafsofa Platz f\u00fcr bis zu 4 Personen. Buchen Sie jetzt f\u00fcr einen ruhigen und komfortablen Aufenthalt!<\/p>\n","protected":false},"excerpt":{"rendered":"<p>Entdecken Sie den absoluten Komfort unserer Junior Suite im H\u00f4tel Napol\u00e9on. Dieses klimatisierte Zimmer verf\u00fcgt \u00fcber ein gem\u00fctliches Bett mit einer Gr\u00f6\u00dfe von 160&#215;200 cm und einen Wohnbereich, um Ihnen einen unvergesslichen Aufenthalt zu bieten. Genie\u00dfen Sie unsere erstklassige Bettw\u00e4sche mit einer 28 cm dicken Matratze und 3 Komfortzonen, die perfekt auf Ihre K\u00f6rperform abgestimmt [&hellip;]<\/p>\n","protected":false},"author":46,"featured_media":0,"parent":300,"menu_order":240,"comment_status":"closed","ping_status":"closed","template":"template-single-room.php","meta":{"footnotes":""},"class_list":["post-309","page","type-page","status-publish","hentry"],"yoast_head":"<!-- This site is optimized with the Yoast SEO plugin v26.9 - https:\/\/yoast.com\/product\/yoast-seo-wordpress\/ -->\n<title>Junior-Suite - H\u00f4tel Napol\u00e9on Bastia<\/title>\n<meta name=\"description\" content=\"Entdecken Sie den absoluten Komfort unserer Junior Suite im H\u00f4tel Napol\u00e9on. Dieses klimatisierte Zimmer verf\u00fcgt \u00fcber ein gem\u00fctliches Bett mit einer Gr\u00f6\u00dfe\" \/>\n<meta name=\"robots\" content=\"index, follow, max-snippet:-1, max-image-preview:large, max-video-preview:-1\" \/>\n<link rel=\"canonical\" href=\"https:\/\/www.hotel-napoleon-bastia.fr\/de\/zimmer-und-suite\/junior-suite\/\" \/>\n<meta property=\"og:locale\" content=\"de_DE\" \/>\n<meta property=\"og:type\" content=\"article\" \/>\n<meta property=\"og:title\" content=\"Junior-Suite - H\u00f4tel Napol\u00e9on Bastia\" \/>\n<meta property=\"og:description\" content=\"Entdecken Sie den absoluten Komfort unserer Junior Suite im H\u00f4tel Napol\u00e9on. Dieses klimatisierte Zimmer verf\u00fcgt \u00fcber ein gem\u00fctliches Bett mit einer Gr\u00f6\u00dfe\" \/>\n<meta property=\"og:url\" content=\"https:\/\/www.hotel-napoleon-bastia.fr\/de\/zimmer-und-suite\/junior-suite\/\" \/>\n<meta property=\"og:site_name\" content=\"H\u00f4tel Napol\u00e9on Bastia\" \/>\n<meta property=\"article:modified_time\" content=\"2023-05-02T13:56:13+00:00\" \/>\n<meta name=\"twitter:card\" content=\"summary_large_image\" \/>\n<meta name=\"twitter:label1\" content=\"Gesch\u00e4tzte Lesezeit\" \/>\n\t<meta name=\"twitter:data1\" content=\"1 Minute\" \/>\n<script type=\"application\/ld+json\" class=\"yoast-schema-graph\">{\"@context\":\"https:\/\/schema.org\",\"@graph\":[{\"@type\":\"WebPage\",\"@id\":\"https:\/\/www.hotel-napoleon-bastia.fr\/de\/zimmer-und-suite\/junior-suite\/\",\"url\":\"https:\/\/www.hotel-napoleon-bastia.fr\/de\/zimmer-und-suite\/junior-suite\/\",\"name\":\"Junior-Suite - H\u00f4tel Napol\u00e9on Bastia\",\"isPartOf\":{\"@id\":\"https:\/\/www.hotel-napoleon-bastia.fr\/de\/#website\"},\"datePublished\":\"2023-01-27T14:10:19+00:00\",\"dateModified\":\"2023-05-02T13:56:13+00:00\",\"description\":\"Entdecken Sie den absoluten Komfort unserer Junior Suite im H\u00f4tel Napol\u00e9on. Dieses klimatisierte Zimmer verf\u00fcgt \u00fcber ein gem\u00fctliches Bett mit einer Gr\u00f6\u00dfe\",\"breadcrumb\":{\"@id\":\"https:\/\/www.hotel-napoleon-bastia.fr\/de\/zimmer-und-suite\/junior-suite\/#breadcrumb\"},\"inLanguage\":\"de-DE\",\"potentialAction\":[{\"@type\":\"ReadAction\",\"target\":[\"https:\/\/www.hotel-napoleon-bastia.fr\/de\/zimmer-und-suite\/junior-suite\/\"]}]},{\"@type\":\"BreadcrumbList\",\"@id\":\"https:\/\/www.hotel-napoleon-bastia.fr\/de\/zimmer-und-suite\/junior-suite\/#breadcrumb\",\"itemListElement\":[{\"@type\":\"ListItem\",\"position\":1,\"name\":\"Home\",\"item\":\"https:\/\/www.hotel-napoleon-bastia.fr\/de\/\"},{\"@type\":\"ListItem\",\"position\":2,\"name\":\"Zimmer und Suite\",\"item\":\"https:\/\/www.hotel-napoleon-bastia.fr\/de\/zimmer-und-suite\/\"},{\"@type\":\"ListItem\",\"position\":3,\"name\":\"Junior-Suite\"}]},{\"@type\":\"WebSite\",\"@id\":\"https:\/\/www.hotel-napoleon-bastia.fr\/de\/#website\",\"url\":\"https:\/\/www.hotel-napoleon-bastia.fr\/de\/\",\"name\":\"H\u00f4tel Napol\u00e9on Bastia\",\"description\":\"\",\"potentialAction\":[{\"@type\":\"SearchAction\",\"target\":{\"@type\":\"EntryPoint\",\"urlTemplate\":\"https:\/\/www.hotel-napoleon-bastia.fr\/de\/?s={search_term_string}\"},\"query-input\":{\"@type\":\"PropertyValueSpecification\",\"valueRequired\":true,\"valueName\":\"search_term_string\"}}],\"inLanguage\":\"de-DE\"}]}<\/script>\n<!-- \/ Yoast SEO plugin. -->","yoast_head_json":{"title":"Junior-Suite - H\u00f4tel Napol\u00e9on Bastia","description":"Entdecken Sie den absoluten Komfort unserer Junior Suite im H\u00f4tel Napol\u00e9on. Dieses klimatisierte Zimmer verf\u00fcgt \u00fcber ein gem\u00fctliches Bett mit einer Gr\u00f6\u00dfe","robots":{"index":"index","follow":"follow","max-snippet":"max-snippet:-1","max-image-preview":"max-image-preview:large","max-video-preview":"max-video-preview:-1"},"canonical":"https:\/\/www.hotel-napoleon-bastia.fr\/de\/zimmer-und-suite\/junior-suite\/","og_locale":"de_DE","og_type":"article","og_title":"Junior-Suite - H\u00f4tel Napol\u00e9on Bastia","og_description":"Entdecken Sie den absoluten Komfort unserer Junior Suite im H\u00f4tel Napol\u00e9on. Dieses klimatisierte Zimmer verf\u00fcgt \u00fcber ein gem\u00fctliches Bett mit einer Gr\u00f6\u00dfe","og_url":"https:\/\/www.hotel-napoleon-bastia.fr\/de\/zimmer-und-suite\/junior-suite\/","og_site_name":"H\u00f4tel Napol\u00e9on Bastia","article_modified_time":"2023-05-02T13:56:13+00:00","twitter_card":"summary_large_image","twitter_misc":{"Gesch\u00e4tzte Lesezeit":"1 Minute"},"schema":{"@context":"https:\/\/schema.org","@graph":[{"@type":"WebPage","@id":"https:\/\/www.hotel-napoleon-bastia.fr\/de\/zimmer-und-suite\/junior-suite\/","url":"https:\/\/www.hotel-napoleon-bastia.fr\/de\/zimmer-und-suite\/junior-suite\/","name":"Junior-Suite - H\u00f4tel Napol\u00e9on Bastia","isPartOf":{"@id":"https:\/\/www.hotel-napoleon-bastia.fr\/de\/#website"},"datePublished":"2023-01-27T14:10:19+00:00","dateModified":"2023-05-02T13:56:13+00:00","description":"Entdecken Sie den absoluten Komfort unserer Junior Suite im H\u00f4tel Napol\u00e9on. Dieses klimatisierte Zimmer verf\u00fcgt \u00fcber ein gem\u00fctliches Bett mit einer Gr\u00f6\u00dfe","breadcrumb":{"@id":"https:\/\/www.hotel-napoleon-bastia.fr\/de\/zimmer-und-suite\/junior-suite\/#breadcrumb"},"inLanguage":"de-DE","potentialAction":[{"@type":"ReadAction","target":["https:\/\/www.hotel-napoleon-bastia.fr\/de\/zimmer-und-suite\/junior-suite\/"]}]},{"@type":"BreadcrumbList","@id":"https:\/\/www.hotel-napoleon-bastia.fr\/de\/zimmer-und-suite\/junior-suite\/#breadcrumb","itemListElement":[{"@type":"ListItem","position":1,"name":"Home","item":"https:\/\/www.hotel-napoleon-bastia.fr\/de\/"},{"@type":"ListItem","position":2,"name":"Zimmer und Suite","item":"https:\/\/www.hotel-napoleon-bastia.fr\/de\/zimmer-und-suite\/"},{"@type":"ListItem","position":3,"name":"Junior-Suite"}]},{"@type":"WebSite","@id":"https:\/\/www.hotel-napoleon-bastia.fr\/de\/#website","url":"https:\/\/www.hotel-napoleon-bastia.fr\/de\/","name":"H\u00f4tel Napol\u00e9on Bastia","description":"","potentialAction":[{"@type":"SearchAction","target":{"@type":"EntryPoint","urlTemplate":"https:\/\/www.hotel-napoleon-bastia.fr\/de\/?s={search_term_string}"},"query-input":{"@type":"PropertyValueSpecification","valueRequired":true,"valueName":"search_term_string"}}],"inLanguage":"de-DE"}]}},"acf":[],"_links":{"self":[{"href":"https:\/\/www.hotel-napoleon-bastia.fr\/de\/wp-json\/wp\/v2\/pages\/309","targetHints":{"allow":["GET"]}}],"collection":[{"href":"https:\/\/www.hotel-napoleon-bastia.fr\/de\/wp-json\/wp\/v2\/pages"}],"about":[{"href":"https:\/\/www.hotel-napoleon-bastia.fr\/de\/wp-json\/wp\/v2\/types\/page"}],"author":[{"embeddable":true,"href":"https:\/\/www.hotel-napoleon-bastia.fr\/de\/wp-json\/wp\/v2\/users\/46"}],"replies":[{"embeddable":true,"href":"https:\/\/www.hotel-napoleon-bastia.fr\/de\/wp-json\/wp\/v2\/comments?post=309"}],"version-history":[{"count":0,"href":"https:\/\/www.hotel-napoleon-bastia.fr\/de\/wp-json\/wp\/v2\/pages\/309\/revisions"}],"up":[{"embeddable":true,"href":"https:\/\/www.hotel-napoleon-bastia.fr\/de\/wp-json\/wp\/v2\/pages\/300"}],"wp:attachment":[{"href":"https:\/\/www.hotel-napoleon-bastia.fr\/de\/wp-json\/wp\/v2\/media?parent=309"}],"curies":[{"name":"wp","href":"https:\/\/api.w.org\/{rel}","templated":true}]}}