{"id":311,"date":"2023-01-25T15:41:52","date_gmt":"2023-01-25T15:41:52","guid":{"rendered":"https:\/\/bastia.ms.decms.eu\/services-et-equipements\/"},"modified":"2024-09-04T10:00:27","modified_gmt":"2024-09-04T10:00:27","slug":"dienstleistungen-und-ausstattung","status":"publish","type":"page","link":"https:\/\/www.hotel-napoleon-bastia.fr\/de\/dienstleistungen-und-ausstattung\/","title":{"rendered":"Dienstleistungen und Ausstattung"},"content":{"rendered":"<p style=\"text-align: center\">Genie\u00dfen Sie unsere Dienstleistungen rund um die Uhr: Unsere Rezeption ist 24 Stunden am Tag, 7 Tage die Woche ge\u00f6ffnet, um all Ihre Anfragen zu beantworten. Bleiben Sie dank unserem kostenlosen WLAN verbunden.<\/p>\n<p style=\"text-align: center\">Starten Sie gut in den Tag mit unserem k\u00f6stlichen Fr\u00fchst\u00fcck, das von 6:40 bis 10:00 Uhr direkt auf Ihrem Zimmer serviert wird. Es umfasst eine halbe Baguette und ein frisches Croissant von unserem Partner Carlotti, sowie ein hei\u00dfes Getr\u00e4nk, Joghurt, K\u00e4se, Butter, korsische Marmelade und Orangensaft.<\/p>\n<p style=\"text-align: center\">M\u00fcssen Sie Dokumente drucken? Kein Problem, unser Team steht Ihnen zur Verf\u00fcgung, um Ihre Anfragen zu erf\u00fcllen. Reisen Sie mit Ihrem Haustier? Wir akzeptieren Katzen und Hunde ( mit Zuschlag), um Ihren Aufenthalt noch angenehmer zu gestalten. Wir stellen Ihnen auch gerne ein Babybett, einen Hochstuhl und eine Wickelunterlage zur Verf\u00fcgung, wenn Sie mit Ihrem kleinen Schatz reisen. Wir sind hier, um Ihren Aufenthalt so komfortabel und praktisch wie m\u00f6glich zu gestalten.<\/p>\n","protected":false},"excerpt":{"rendered":"<p>Genie\u00dfen Sie unsere Dienstleistungen rund um die Uhr: Unsere Rezeption ist 24 Stunden am Tag, 7 Tage die Woche ge\u00f6ffnet, um all Ihre Anfragen zu beantworten. Bleiben Sie dank unserem kostenlosen WLAN verbunden. Starten Sie gut in den Tag mit unserem k\u00f6stlichen Fr\u00fchst\u00fcck, das von 6:40 bis 10:00 Uhr direkt auf Ihrem Zimmer serviert wird. [&hellip;]<\/p>\n","protected":false},"author":46,"featured_media":0,"parent":0,"menu_order":30,"comment_status":"closed","ping_status":"closed","template":"template-services.php","meta":{"footnotes":""},"class_list":["post-311","page","type-page","status-publish","hentry"],"yoast_head":"<!-- This site is optimized with the Yoast SEO plugin v26.9 - https:\/\/yoast.com\/product\/yoast-seo-wordpress\/ -->\n<title>Dienstleistungen und Ausstattung - H\u00f4tel Napol\u00e9on Bastia<\/title>\n<meta name=\"description\" content=\"Genie\u00dfen Sie unsere Dienstleistungen rund um die Uhr: Unsere Rezeption ist 24 Stunden am Tag, 7 Tage die Woche ge\u00f6ffnet, um all Ihre Anfragen zu\" \/>\n<meta name=\"robots\" content=\"index, follow, max-snippet:-1, max-image-preview:large, max-video-preview:-1\" \/>\n<link rel=\"canonical\" href=\"https:\/\/www.hotel-napoleon-bastia.fr\/de\/dienstleistungen-und-ausstattung\/\" \/>\n<meta property=\"og:locale\" content=\"de_DE\" \/>\n<meta property=\"og:type\" content=\"article\" \/>\n<meta property=\"og:title\" content=\"Dienstleistungen und Ausstattung - H\u00f4tel Napol\u00e9on Bastia\" \/>\n<meta property=\"og:description\" content=\"Genie\u00dfen Sie unsere Dienstleistungen rund um die Uhr: Unsere Rezeption ist 24 Stunden am Tag, 7 Tage die Woche ge\u00f6ffnet, um all Ihre Anfragen zu\" \/>\n<meta property=\"og:url\" content=\"https:\/\/www.hotel-napoleon-bastia.fr\/de\/dienstleistungen-und-ausstattung\/\" \/>\n<meta property=\"og:site_name\" content=\"H\u00f4tel Napol\u00e9on Bastia\" \/>\n<meta property=\"article:modified_time\" content=\"2024-09-04T10:00:27+00:00\" \/>\n<meta name=\"twitter:card\" content=\"summary_large_image\" \/>\n<meta name=\"twitter:label1\" content=\"Gesch\u00e4tzte Lesezeit\" \/>\n\t<meta name=\"twitter:data1\" content=\"1 Minute\" \/>\n<script type=\"application\/ld+json\" class=\"yoast-schema-graph\">{\"@context\":\"https:\/\/schema.org\",\"@graph\":[{\"@type\":\"WebPage\",\"@id\":\"https:\/\/www.hotel-napoleon-bastia.fr\/de\/dienstleistungen-und-ausstattung\/\",\"url\":\"https:\/\/www.hotel-napoleon-bastia.fr\/de\/dienstleistungen-und-ausstattung\/\",\"name\":\"Dienstleistungen und Ausstattung - H\u00f4tel Napol\u00e9on Bastia\",\"isPartOf\":{\"@id\":\"https:\/\/www.hotel-napoleon-bastia.fr\/de\/#website\"},\"datePublished\":\"2023-01-25T15:41:52+00:00\",\"dateModified\":\"2024-09-04T10:00:27+00:00\",\"description\":\"Genie\u00dfen Sie unsere Dienstleistungen rund um die Uhr: Unsere Rezeption ist 24 Stunden am Tag, 7 Tage die Woche ge\u00f6ffnet, um all Ihre Anfragen zu\",\"breadcrumb\":{\"@id\":\"https:\/\/www.hotel-napoleon-bastia.fr\/de\/dienstleistungen-und-ausstattung\/#breadcrumb\"},\"inLanguage\":\"de-DE\",\"potentialAction\":[{\"@type\":\"ReadAction\",\"target\":[\"https:\/\/www.hotel-napoleon-bastia.fr\/de\/dienstleistungen-und-ausstattung\/\"]}]},{\"@type\":\"BreadcrumbList\",\"@id\":\"https:\/\/www.hotel-napoleon-bastia.fr\/de\/dienstleistungen-und-ausstattung\/#breadcrumb\",\"itemListElement\":[{\"@type\":\"ListItem\",\"position\":1,\"name\":\"Home\",\"item\":\"https:\/\/www.hotel-napoleon-bastia.fr\/de\/\"},{\"@type\":\"ListItem\",\"position\":2,\"name\":\"Dienstleistungen und Ausstattung\"}]},{\"@type\":\"WebSite\",\"@id\":\"https:\/\/www.hotel-napoleon-bastia.fr\/de\/#website\",\"url\":\"https:\/\/www.hotel-napoleon-bastia.fr\/de\/\",\"name\":\"H\u00f4tel Napol\u00e9on Bastia\",\"description\":\"\",\"potentialAction\":[{\"@type\":\"SearchAction\",\"target\":{\"@type\":\"EntryPoint\",\"urlTemplate\":\"https:\/\/www.hotel-napoleon-bastia.fr\/de\/?s={search_term_string}\"},\"query-input\":{\"@type\":\"PropertyValueSpecification\",\"valueRequired\":true,\"valueName\":\"search_term_string\"}}],\"inLanguage\":\"de-DE\"}]}<\/script>\n<!-- \/ Yoast SEO plugin. -->","yoast_head_json":{"title":"Dienstleistungen und Ausstattung - H\u00f4tel Napol\u00e9on Bastia","description":"Genie\u00dfen Sie unsere Dienstleistungen rund um die Uhr: Unsere Rezeption ist 24 Stunden am Tag, 7 Tage die Woche ge\u00f6ffnet, um all Ihre Anfragen zu","robots":{"index":"index","follow":"follow","max-snippet":"max-snippet:-1","max-image-preview":"max-image-preview:large","max-video-preview":"max-video-preview:-1"},"canonical":"https:\/\/www.hotel-napoleon-bastia.fr\/de\/dienstleistungen-und-ausstattung\/","og_locale":"de_DE","og_type":"article","og_title":"Dienstleistungen und Ausstattung - H\u00f4tel Napol\u00e9on Bastia","og_description":"Genie\u00dfen Sie unsere Dienstleistungen rund um die Uhr: Unsere Rezeption ist 24 Stunden am Tag, 7 Tage die Woche ge\u00f6ffnet, um all Ihre Anfragen zu","og_url":"https:\/\/www.hotel-napoleon-bastia.fr\/de\/dienstleistungen-und-ausstattung\/","og_site_name":"H\u00f4tel Napol\u00e9on Bastia","article_modified_time":"2024-09-04T10:00:27+00:00","twitter_card":"summary_large_image","twitter_misc":{"Gesch\u00e4tzte Lesezeit":"1 Minute"},"schema":{"@context":"https:\/\/schema.org","@graph":[{"@type":"WebPage","@id":"https:\/\/www.hotel-napoleon-bastia.fr\/de\/dienstleistungen-und-ausstattung\/","url":"https:\/\/www.hotel-napoleon-bastia.fr\/de\/dienstleistungen-und-ausstattung\/","name":"Dienstleistungen und Ausstattung - H\u00f4tel Napol\u00e9on Bastia","isPartOf":{"@id":"https:\/\/www.hotel-napoleon-bastia.fr\/de\/#website"},"datePublished":"2023-01-25T15:41:52+00:00","dateModified":"2024-09-04T10:00:27+00:00","description":"Genie\u00dfen Sie unsere Dienstleistungen rund um die Uhr: Unsere Rezeption ist 24 Stunden am Tag, 7 Tage die Woche ge\u00f6ffnet, um all Ihre Anfragen zu","breadcrumb":{"@id":"https:\/\/www.hotel-napoleon-bastia.fr\/de\/dienstleistungen-und-ausstattung\/#breadcrumb"},"inLanguage":"de-DE","potentialAction":[{"@type":"ReadAction","target":["https:\/\/www.hotel-napoleon-bastia.fr\/de\/dienstleistungen-und-ausstattung\/"]}]},{"@type":"BreadcrumbList","@id":"https:\/\/www.hotel-napoleon-bastia.fr\/de\/dienstleistungen-und-ausstattung\/#breadcrumb","itemListElement":[{"@type":"ListItem","position":1,"name":"Home","item":"https:\/\/www.hotel-napoleon-bastia.fr\/de\/"},{"@type":"ListItem","position":2,"name":"Dienstleistungen und Ausstattung"}]},{"@type":"WebSite","@id":"https:\/\/www.hotel-napoleon-bastia.fr\/de\/#website","url":"https:\/\/www.hotel-napoleon-bastia.fr\/de\/","name":"H\u00f4tel Napol\u00e9on Bastia","description":"","potentialAction":[{"@type":"SearchAction","target":{"@type":"EntryPoint","urlTemplate":"https:\/\/www.hotel-napoleon-bastia.fr\/de\/?s={search_term_string}"},"query-input":{"@type":"PropertyValueSpecification","valueRequired":true,"valueName":"search_term_string"}}],"inLanguage":"de-DE"}]}},"acf":[],"_links":{"self":[{"href":"https:\/\/www.hotel-napoleon-bastia.fr\/de\/wp-json\/wp\/v2\/pages\/311","targetHints":{"allow":["GET"]}}],"collection":[{"href":"https:\/\/www.hotel-napoleon-bastia.fr\/de\/wp-json\/wp\/v2\/pages"}],"about":[{"href":"https:\/\/www.hotel-napoleon-bastia.fr\/de\/wp-json\/wp\/v2\/types\/page"}],"author":[{"embeddable":true,"href":"https:\/\/www.hotel-napoleon-bastia.fr\/de\/wp-json\/wp\/v2\/users\/46"}],"replies":[{"embeddable":true,"href":"https:\/\/www.hotel-napoleon-bastia.fr\/de\/wp-json\/wp\/v2\/comments?post=311"}],"version-history":[{"count":0,"href":"https:\/\/www.hotel-napoleon-bastia.fr\/de\/wp-json\/wp\/v2\/pages\/311\/revisions"}],"wp:attachment":[{"href":"https:\/\/www.hotel-napoleon-bastia.fr\/de\/wp-json\/wp\/v2\/media?parent=311"}],"curies":[{"name":"wp","href":"https:\/\/api.w.org\/{rel}","templated":true}]}}