{"id":313,"date":"2023-01-25T15:43:26","date_gmt":"2023-01-25T15:43:26","guid":{"rendered":"https:\/\/bastia.ms.decms.eu\/bastia\/"},"modified":"2023-04-03T13:55:38","modified_gmt":"2023-04-03T13:55:38","slug":"bastia","status":"publish","type":"page","link":"https:\/\/www.hotel-napoleon-bastia.fr\/de\/bastia\/","title":{"rendered":"Bastia"},"content":{"rendered":"<p style=\"text-align: center;\">Entdecken Sie die charmante Stadt Bastia, ein ideales Ziel f\u00fcr Kunst- und Geschichtsliebhaber in Haute-Corse. Die Altstadt im Viertel Terra-Vecchia ist ein echtes authentisches Juwel. Sie werden von ihren typischen Gassen und alten Geb\u00e4uden begeistert sein. Der malerische alte Hafen ist ein Muss, den Sie entdecken sollten, mit seiner warmen Atmosph\u00e4re von Caf\u00e9s und Restaurants sowie seiner im 17. Jahrhundert erbauten Kirche Saint-Jean-Baptiste.<\/p>\n<p style=\"text-align: center;\">Am Sonntagmorgen sollten Sie unbedingt auf den Place Saint-Nicolas gehen, um den Flohmarkt zu besuchen und das Leben auf seinen von Palmen umgebenen Caf\u00e9terrassen zu genie\u00dfen. Der Place du March\u00e9, ges\u00e4umt von alten H\u00e4usern, ist ebenfalls sehr beliebt f\u00fcr seinen traditionellen Markt (samstags und sonntags).<\/p>\n<p style=\"text-align: center;\">Die genuesische Zitadelle Terra-Nova, die zwischen dem 15. und 17. Jahrhundert erbaut wurde, ist eine unverzichtbare historische St\u00e4tte. Hier k\u00f6nnen Sie den Palast der Gouverneure, die ehemalige Residenz der genuesischen Gouverneure, die heute das Geschichtsmuseum von Bastia beherbergt, sowie die im 17. Jahrhundert erbaute Kathedrale Sainte-Marie und das Oratorium der Bruderschaft Sainte-Croix (Kapelle Sainte-Croix) aus dem 15. Jahrhundert entdecken. Verpassen Sie nicht einen Spaziergang auf der herrlichen Balkonpromenade, der Aldilonda, die einen atemberaubenden Blick auf das Meer bietet.<\/p>\n<p style=\"text-align: center;\">Bastia, eine Stadt der Kunst und Geschichte, wo Kulturerbe und mediterraner Charme sich vermischen. Buchen Sie jetzt Ihren Aufenthalt f\u00fcr ein unvergessliches Erlebnis.<\/p>\n","protected":false},"excerpt":{"rendered":"<p>Entdecken Sie die charmante Stadt Bastia, ein ideales Ziel f\u00fcr Kunst- und Geschichtsliebhaber in Haute-Corse. Die Altstadt im Viertel Terra-Vecchia ist ein echtes authentisches Juwel. Sie werden von ihren typischen Gassen und alten Geb\u00e4uden begeistert sein. Der malerische alte Hafen ist ein Muss, den Sie entdecken sollten, mit seiner warmen Atmosph\u00e4re von Caf\u00e9s und Restaurants [&hellip;]<\/p>\n","protected":false},"author":46,"featured_media":0,"parent":0,"menu_order":40,"comment_status":"closed","ping_status":"closed","template":"","meta":{"footnotes":""},"class_list":["post-313","page","type-page","status-publish","hentry"],"yoast_head":"<!-- This site is optimized with the Yoast SEO plugin v26.9 - https:\/\/yoast.com\/product\/yoast-seo-wordpress\/ -->\n<title>Bastia - H\u00f4tel Napol\u00e9on Bastia<\/title>\n<meta name=\"description\" content=\"Entdecken Sie die charmante Stadt Bastia, ein ideales Ziel f\u00fcr Kunst- und Geschichtsliebhaber in Haute-Corse. Die Altstadt im Viertel Terra-Vecchia ist\" \/>\n<meta name=\"robots\" content=\"index, follow, max-snippet:-1, max-image-preview:large, max-video-preview:-1\" \/>\n<link rel=\"canonical\" href=\"https:\/\/www.hotel-napoleon-bastia.fr\/de\/bastia\/\" \/>\n<meta property=\"og:locale\" content=\"de_DE\" \/>\n<meta property=\"og:type\" content=\"article\" \/>\n<meta property=\"og:title\" content=\"Bastia - H\u00f4tel Napol\u00e9on Bastia\" \/>\n<meta property=\"og:description\" content=\"Entdecken Sie die charmante Stadt Bastia, ein ideales Ziel f\u00fcr Kunst- und Geschichtsliebhaber in Haute-Corse. Die Altstadt im Viertel Terra-Vecchia ist\" \/>\n<meta property=\"og:url\" content=\"https:\/\/www.hotel-napoleon-bastia.fr\/de\/bastia\/\" \/>\n<meta property=\"og:site_name\" content=\"H\u00f4tel Napol\u00e9on Bastia\" \/>\n<meta property=\"article:modified_time\" content=\"2023-04-03T13:55:38+00:00\" \/>\n<meta name=\"twitter:card\" content=\"summary_large_image\" \/>\n<meta name=\"twitter:label1\" content=\"Gesch\u00e4tzte Lesezeit\" \/>\n\t<meta name=\"twitter:data1\" content=\"1 Minute\" \/>\n<script type=\"application\/ld+json\" class=\"yoast-schema-graph\">{\"@context\":\"https:\/\/schema.org\",\"@graph\":[{\"@type\":\"WebPage\",\"@id\":\"https:\/\/www.hotel-napoleon-bastia.fr\/de\/bastia\/\",\"url\":\"https:\/\/www.hotel-napoleon-bastia.fr\/de\/bastia\/\",\"name\":\"Bastia - H\u00f4tel Napol\u00e9on Bastia\",\"isPartOf\":{\"@id\":\"https:\/\/www.hotel-napoleon-bastia.fr\/de\/#website\"},\"datePublished\":\"2023-01-25T15:43:26+00:00\",\"dateModified\":\"2023-04-03T13:55:38+00:00\",\"description\":\"Entdecken Sie die charmante Stadt Bastia, ein ideales Ziel f\u00fcr Kunst- und Geschichtsliebhaber in Haute-Corse. Die Altstadt im Viertel Terra-Vecchia ist\",\"breadcrumb\":{\"@id\":\"https:\/\/www.hotel-napoleon-bastia.fr\/de\/bastia\/#breadcrumb\"},\"inLanguage\":\"de-DE\",\"potentialAction\":[{\"@type\":\"ReadAction\",\"target\":[\"https:\/\/www.hotel-napoleon-bastia.fr\/de\/bastia\/\"]}]},{\"@type\":\"BreadcrumbList\",\"@id\":\"https:\/\/www.hotel-napoleon-bastia.fr\/de\/bastia\/#breadcrumb\",\"itemListElement\":[{\"@type\":\"ListItem\",\"position\":1,\"name\":\"Home\",\"item\":\"https:\/\/www.hotel-napoleon-bastia.fr\/de\/\"},{\"@type\":\"ListItem\",\"position\":2,\"name\":\"Bastia\"}]},{\"@type\":\"WebSite\",\"@id\":\"https:\/\/www.hotel-napoleon-bastia.fr\/de\/#website\",\"url\":\"https:\/\/www.hotel-napoleon-bastia.fr\/de\/\",\"name\":\"H\u00f4tel Napol\u00e9on Bastia\",\"description\":\"\",\"potentialAction\":[{\"@type\":\"SearchAction\",\"target\":{\"@type\":\"EntryPoint\",\"urlTemplate\":\"https:\/\/www.hotel-napoleon-bastia.fr\/de\/?s={search_term_string}\"},\"query-input\":{\"@type\":\"PropertyValueSpecification\",\"valueRequired\":true,\"valueName\":\"search_term_string\"}}],\"inLanguage\":\"de-DE\"}]}<\/script>\n<!-- \/ Yoast SEO plugin. -->","yoast_head_json":{"title":"Bastia - H\u00f4tel Napol\u00e9on Bastia","description":"Entdecken Sie die charmante Stadt Bastia, ein ideales Ziel f\u00fcr Kunst- und Geschichtsliebhaber in Haute-Corse. Die Altstadt im Viertel Terra-Vecchia ist","robots":{"index":"index","follow":"follow","max-snippet":"max-snippet:-1","max-image-preview":"max-image-preview:large","max-video-preview":"max-video-preview:-1"},"canonical":"https:\/\/www.hotel-napoleon-bastia.fr\/de\/bastia\/","og_locale":"de_DE","og_type":"article","og_title":"Bastia - H\u00f4tel Napol\u00e9on Bastia","og_description":"Entdecken Sie die charmante Stadt Bastia, ein ideales Ziel f\u00fcr Kunst- und Geschichtsliebhaber in Haute-Corse. Die Altstadt im Viertel Terra-Vecchia ist","og_url":"https:\/\/www.hotel-napoleon-bastia.fr\/de\/bastia\/","og_site_name":"H\u00f4tel Napol\u00e9on Bastia","article_modified_time":"2023-04-03T13:55:38+00:00","twitter_card":"summary_large_image","twitter_misc":{"Gesch\u00e4tzte Lesezeit":"1 Minute"},"schema":{"@context":"https:\/\/schema.org","@graph":[{"@type":"WebPage","@id":"https:\/\/www.hotel-napoleon-bastia.fr\/de\/bastia\/","url":"https:\/\/www.hotel-napoleon-bastia.fr\/de\/bastia\/","name":"Bastia - H\u00f4tel Napol\u00e9on Bastia","isPartOf":{"@id":"https:\/\/www.hotel-napoleon-bastia.fr\/de\/#website"},"datePublished":"2023-01-25T15:43:26+00:00","dateModified":"2023-04-03T13:55:38+00:00","description":"Entdecken Sie die charmante Stadt Bastia, ein ideales Ziel f\u00fcr Kunst- und Geschichtsliebhaber in Haute-Corse. Die Altstadt im Viertel Terra-Vecchia ist","breadcrumb":{"@id":"https:\/\/www.hotel-napoleon-bastia.fr\/de\/bastia\/#breadcrumb"},"inLanguage":"de-DE","potentialAction":[{"@type":"ReadAction","target":["https:\/\/www.hotel-napoleon-bastia.fr\/de\/bastia\/"]}]},{"@type":"BreadcrumbList","@id":"https:\/\/www.hotel-napoleon-bastia.fr\/de\/bastia\/#breadcrumb","itemListElement":[{"@type":"ListItem","position":1,"name":"Home","item":"https:\/\/www.hotel-napoleon-bastia.fr\/de\/"},{"@type":"ListItem","position":2,"name":"Bastia"}]},{"@type":"WebSite","@id":"https:\/\/www.hotel-napoleon-bastia.fr\/de\/#website","url":"https:\/\/www.hotel-napoleon-bastia.fr\/de\/","name":"H\u00f4tel Napol\u00e9on Bastia","description":"","potentialAction":[{"@type":"SearchAction","target":{"@type":"EntryPoint","urlTemplate":"https:\/\/www.hotel-napoleon-bastia.fr\/de\/?s={search_term_string}"},"query-input":{"@type":"PropertyValueSpecification","valueRequired":true,"valueName":"search_term_string"}}],"inLanguage":"de-DE"}]}},"acf":[],"_links":{"self":[{"href":"https:\/\/www.hotel-napoleon-bastia.fr\/de\/wp-json\/wp\/v2\/pages\/313","targetHints":{"allow":["GET"]}}],"collection":[{"href":"https:\/\/www.hotel-napoleon-bastia.fr\/de\/wp-json\/wp\/v2\/pages"}],"about":[{"href":"https:\/\/www.hotel-napoleon-bastia.fr\/de\/wp-json\/wp\/v2\/types\/page"}],"author":[{"embeddable":true,"href":"https:\/\/www.hotel-napoleon-bastia.fr\/de\/wp-json\/wp\/v2\/users\/46"}],"replies":[{"embeddable":true,"href":"https:\/\/www.hotel-napoleon-bastia.fr\/de\/wp-json\/wp\/v2\/comments?post=313"}],"version-history":[{"count":0,"href":"https:\/\/www.hotel-napoleon-bastia.fr\/de\/wp-json\/wp\/v2\/pages\/313\/revisions"}],"wp:attachment":[{"href":"https:\/\/www.hotel-napoleon-bastia.fr\/de\/wp-json\/wp\/v2\/media?parent=313"}],"curies":[{"name":"wp","href":"https:\/\/api.w.org\/{rel}","templated":true}]}}