{"id":319,"date":"2023-01-25T15:44:55","date_gmt":"2023-01-25T15:44:55","guid":{"rendered":"https:\/\/bastia.ms.decms.eu\/nos-recommandations\/"},"modified":"2023-04-03T13:56:09","modified_gmt":"2023-04-03T13:56:09","slug":"unsere-vorschlaege","status":"publish","type":"page","link":"https:\/\/www.hotel-napoleon-bastia.fr\/de\/unsere-vorschlaege\/","title":{"rendered":"Unsere Vorschl\u00e4ge"},"content":{"rendered":"<p style=\"text-align: center;\">Bieten Sie sich einen unvergesslichen Aufenthalt, indem Sie exklusive Adressen entdecken, die speziell f\u00fcr Sie ausgew\u00e4hlt wurden! Lassen Sie sich zu den begehrtesten Orten f\u00fchren und genie\u00dfen Sie unvergessliche Momente w\u00e4hrend Ihres Aufenthalts. Was das Essen betrifft, werden wir Ihnen direkt die besten Restaurants in Bastia empfehlen.<\/p>\n","protected":false},"excerpt":{"rendered":"<p>Bieten Sie sich einen unvergesslichen Aufenthalt, indem Sie exklusive Adressen entdecken, die speziell f\u00fcr Sie ausgew\u00e4hlt wurden! Lassen Sie sich zu den begehrtesten Orten f\u00fchren und genie\u00dfen Sie unvergessliche Momente w\u00e4hrend Ihres Aufenthalts. Was das Essen betrifft, werden wir Ihnen direkt die besten Restaurants in Bastia empfehlen.<\/p>\n","protected":false},"author":46,"featured_media":0,"parent":0,"menu_order":50,"comment_status":"closed","ping_status":"closed","template":"template-default-3.php","meta":{"footnotes":""},"class_list":["post-319","page","type-page","status-publish","hentry"],"yoast_head":"<!-- This site is optimized with the Yoast SEO plugin v26.9 - https:\/\/yoast.com\/product\/yoast-seo-wordpress\/ -->\n<title>Unsere Vorschl\u00e4ge - H\u00f4tel Napol\u00e9on Bastia<\/title>\n<meta name=\"description\" content=\"Bieten Sie sich einen unvergesslichen Aufenthalt, indem Sie exklusive Adressen entdecken, die speziell f\u00fcr Sie ausgew\u00e4hlt wurden! Lassen Sie sich zu den\" \/>\n<meta name=\"robots\" content=\"index, follow, max-snippet:-1, max-image-preview:large, max-video-preview:-1\" \/>\n<link rel=\"canonical\" href=\"https:\/\/www.hotel-napoleon-bastia.fr\/de\/unsere-vorschlaege\/\" \/>\n<meta property=\"og:locale\" content=\"de_DE\" \/>\n<meta property=\"og:type\" content=\"article\" \/>\n<meta property=\"og:title\" content=\"Unsere Vorschl\u00e4ge - H\u00f4tel Napol\u00e9on Bastia\" \/>\n<meta property=\"og:description\" content=\"Bieten Sie sich einen unvergesslichen Aufenthalt, indem Sie exklusive Adressen entdecken, die speziell f\u00fcr Sie ausgew\u00e4hlt wurden! Lassen Sie sich zu den\" \/>\n<meta property=\"og:url\" content=\"https:\/\/www.hotel-napoleon-bastia.fr\/de\/unsere-vorschlaege\/\" \/>\n<meta property=\"og:site_name\" content=\"H\u00f4tel Napol\u00e9on Bastia\" \/>\n<meta property=\"article:modified_time\" content=\"2023-04-03T13:56:09+00:00\" \/>\n<meta name=\"twitter:card\" content=\"summary_large_image\" \/>\n<meta name=\"twitter:label1\" content=\"Gesch\u00e4tzte Lesezeit\" \/>\n\t<meta name=\"twitter:data1\" content=\"1 Minute\" \/>\n<script type=\"application\/ld+json\" class=\"yoast-schema-graph\">{\"@context\":\"https:\/\/schema.org\",\"@graph\":[{\"@type\":\"WebPage\",\"@id\":\"https:\/\/www.hotel-napoleon-bastia.fr\/de\/unsere-vorschlaege\/\",\"url\":\"https:\/\/www.hotel-napoleon-bastia.fr\/de\/unsere-vorschlaege\/\",\"name\":\"Unsere Vorschl\u00e4ge - H\u00f4tel Napol\u00e9on Bastia\",\"isPartOf\":{\"@id\":\"https:\/\/www.hotel-napoleon-bastia.fr\/de\/#website\"},\"datePublished\":\"2023-01-25T15:44:55+00:00\",\"dateModified\":\"2023-04-03T13:56:09+00:00\",\"description\":\"Bieten Sie sich einen unvergesslichen Aufenthalt, indem Sie exklusive Adressen entdecken, die speziell f\u00fcr Sie ausgew\u00e4hlt wurden! Lassen Sie sich zu den\",\"breadcrumb\":{\"@id\":\"https:\/\/www.hotel-napoleon-bastia.fr\/de\/unsere-vorschlaege\/#breadcrumb\"},\"inLanguage\":\"de-DE\",\"potentialAction\":[{\"@type\":\"ReadAction\",\"target\":[\"https:\/\/www.hotel-napoleon-bastia.fr\/de\/unsere-vorschlaege\/\"]}]},{\"@type\":\"BreadcrumbList\",\"@id\":\"https:\/\/www.hotel-napoleon-bastia.fr\/de\/unsere-vorschlaege\/#breadcrumb\",\"itemListElement\":[{\"@type\":\"ListItem\",\"position\":1,\"name\":\"Home\",\"item\":\"https:\/\/www.hotel-napoleon-bastia.fr\/de\/\"},{\"@type\":\"ListItem\",\"position\":2,\"name\":\"Unsere Vorschl\u00e4ge\"}]},{\"@type\":\"WebSite\",\"@id\":\"https:\/\/www.hotel-napoleon-bastia.fr\/de\/#website\",\"url\":\"https:\/\/www.hotel-napoleon-bastia.fr\/de\/\",\"name\":\"H\u00f4tel Napol\u00e9on Bastia\",\"description\":\"\",\"potentialAction\":[{\"@type\":\"SearchAction\",\"target\":{\"@type\":\"EntryPoint\",\"urlTemplate\":\"https:\/\/www.hotel-napoleon-bastia.fr\/de\/?s={search_term_string}\"},\"query-input\":{\"@type\":\"PropertyValueSpecification\",\"valueRequired\":true,\"valueName\":\"search_term_string\"}}],\"inLanguage\":\"de-DE\"}]}<\/script>\n<!-- \/ Yoast SEO plugin. -->","yoast_head_json":{"title":"Unsere Vorschl\u00e4ge - H\u00f4tel Napol\u00e9on Bastia","description":"Bieten Sie sich einen unvergesslichen Aufenthalt, indem Sie exklusive Adressen entdecken, die speziell f\u00fcr Sie ausgew\u00e4hlt wurden! Lassen Sie sich zu den","robots":{"index":"index","follow":"follow","max-snippet":"max-snippet:-1","max-image-preview":"max-image-preview:large","max-video-preview":"max-video-preview:-1"},"canonical":"https:\/\/www.hotel-napoleon-bastia.fr\/de\/unsere-vorschlaege\/","og_locale":"de_DE","og_type":"article","og_title":"Unsere Vorschl\u00e4ge - H\u00f4tel Napol\u00e9on Bastia","og_description":"Bieten Sie sich einen unvergesslichen Aufenthalt, indem Sie exklusive Adressen entdecken, die speziell f\u00fcr Sie ausgew\u00e4hlt wurden! Lassen Sie sich zu den","og_url":"https:\/\/www.hotel-napoleon-bastia.fr\/de\/unsere-vorschlaege\/","og_site_name":"H\u00f4tel Napol\u00e9on Bastia","article_modified_time":"2023-04-03T13:56:09+00:00","twitter_card":"summary_large_image","twitter_misc":{"Gesch\u00e4tzte Lesezeit":"1 Minute"},"schema":{"@context":"https:\/\/schema.org","@graph":[{"@type":"WebPage","@id":"https:\/\/www.hotel-napoleon-bastia.fr\/de\/unsere-vorschlaege\/","url":"https:\/\/www.hotel-napoleon-bastia.fr\/de\/unsere-vorschlaege\/","name":"Unsere Vorschl\u00e4ge - H\u00f4tel Napol\u00e9on Bastia","isPartOf":{"@id":"https:\/\/www.hotel-napoleon-bastia.fr\/de\/#website"},"datePublished":"2023-01-25T15:44:55+00:00","dateModified":"2023-04-03T13:56:09+00:00","description":"Bieten Sie sich einen unvergesslichen Aufenthalt, indem Sie exklusive Adressen entdecken, die speziell f\u00fcr Sie ausgew\u00e4hlt wurden! Lassen Sie sich zu den","breadcrumb":{"@id":"https:\/\/www.hotel-napoleon-bastia.fr\/de\/unsere-vorschlaege\/#breadcrumb"},"inLanguage":"de-DE","potentialAction":[{"@type":"ReadAction","target":["https:\/\/www.hotel-napoleon-bastia.fr\/de\/unsere-vorschlaege\/"]}]},{"@type":"BreadcrumbList","@id":"https:\/\/www.hotel-napoleon-bastia.fr\/de\/unsere-vorschlaege\/#breadcrumb","itemListElement":[{"@type":"ListItem","position":1,"name":"Home","item":"https:\/\/www.hotel-napoleon-bastia.fr\/de\/"},{"@type":"ListItem","position":2,"name":"Unsere Vorschl\u00e4ge"}]},{"@type":"WebSite","@id":"https:\/\/www.hotel-napoleon-bastia.fr\/de\/#website","url":"https:\/\/www.hotel-napoleon-bastia.fr\/de\/","name":"H\u00f4tel Napol\u00e9on Bastia","description":"","potentialAction":[{"@type":"SearchAction","target":{"@type":"EntryPoint","urlTemplate":"https:\/\/www.hotel-napoleon-bastia.fr\/de\/?s={search_term_string}"},"query-input":{"@type":"PropertyValueSpecification","valueRequired":true,"valueName":"search_term_string"}}],"inLanguage":"de-DE"}]}},"acf":[],"_links":{"self":[{"href":"https:\/\/www.hotel-napoleon-bastia.fr\/de\/wp-json\/wp\/v2\/pages\/319","targetHints":{"allow":["GET"]}}],"collection":[{"href":"https:\/\/www.hotel-napoleon-bastia.fr\/de\/wp-json\/wp\/v2\/pages"}],"about":[{"href":"https:\/\/www.hotel-napoleon-bastia.fr\/de\/wp-json\/wp\/v2\/types\/page"}],"author":[{"embeddable":true,"href":"https:\/\/www.hotel-napoleon-bastia.fr\/de\/wp-json\/wp\/v2\/users\/46"}],"replies":[{"embeddable":true,"href":"https:\/\/www.hotel-napoleon-bastia.fr\/de\/wp-json\/wp\/v2\/comments?post=319"}],"version-history":[{"count":0,"href":"https:\/\/www.hotel-napoleon-bastia.fr\/de\/wp-json\/wp\/v2\/pages\/319\/revisions"}],"wp:attachment":[{"href":"https:\/\/www.hotel-napoleon-bastia.fr\/de\/wp-json\/wp\/v2\/media?parent=319"}],"curies":[{"name":"wp","href":"https:\/\/api.w.org\/{rel}","templated":true}]}}