{"id":320,"date":"2023-01-27T14:11:36","date_gmt":"2023-01-27T14:11:36","guid":{"rendered":"https:\/\/bastia.ms.decms.eu\/unsere-vorschlaege\/lempreinte-caviste\/"},"modified":"2023-05-10T10:28:11","modified_gmt":"2023-05-10T10:28:11","slug":"lempreinte-caviste","status":"publish","type":"page","link":"https:\/\/www.hotel-napoleon-bastia.fr\/de\/unsere-vorschlaege\/lempreinte-caviste\/","title":{"rendered":"L&#8217;Empreinte Caviste"},"content":{"rendered":"<p style=\"text-align: left;\">Gelegen nur 30 Meter vom H\u00f4tel Napol\u00e9on in Bastia entfernt, finden Sie hier eine gro\u00dfe Auswahl an korsischen Weinen, Weinen vom Festland, Champagner und Spirituosen sowie Feinkost und ausgezeichnete Beratung. F\u00fcr Ihre Last-Minute-W\u00fcnsche ist das Gesch\u00e4ft t\u00e4glich bis 20 Uhr und auch sonntagmorgens ge\u00f6ffnet.<\/p>\n<p><strong>4 avenue Mar\u00e9chal S\u00e9bastiani, 20200 Bastia<\/strong><br \/>\n<a href=\"tel:+33 (0)4 95 65 31 13\">+33 (0)4 95 65 31 13<\/a><\/p>\n","protected":false},"excerpt":{"rendered":"<p>Gelegen nur 30 Meter vom H\u00f4tel Napol\u00e9on in Bastia entfernt, finden Sie hier eine gro\u00dfe Auswahl an korsischen Weinen, Weinen vom Festland, Champagner und Spirituosen sowie Feinkost und ausgezeichnete Beratung. F\u00fcr Ihre Last-Minute-W\u00fcnsche ist das Gesch\u00e4ft t\u00e4glich bis 20 Uhr und auch sonntagmorgens ge\u00f6ffnet. 4 avenue Mar\u00e9chal S\u00e9bastiani, 20200 Bastia +33 (0)4 95 65 31 [&hellip;]<\/p>\n","protected":false},"author":46,"featured_media":0,"parent":319,"menu_order":510,"comment_status":"closed","ping_status":"closed","template":"template-default-2.php","meta":{"footnotes":""},"class_list":["post-320","page","type-page","status-publish","hentry"],"yoast_head":"<!-- This site is optimized with the Yoast SEO plugin v26.9 - https:\/\/yoast.com\/product\/yoast-seo-wordpress\/ -->\n<title>L&#039;Empreinte Caviste - H\u00f4tel Napol\u00e9on Bastia<\/title>\n<meta name=\"description\" content=\"Gelegen nur 30 Meter vom H\u00f4tel Napol\u00e9on in Bastia entfernt, finden Sie hier eine gro\u00dfe Auswahl an korsischen Weinen, Weinen vom Festland, Champagner und\" \/>\n<meta name=\"robots\" content=\"index, follow, max-snippet:-1, max-image-preview:large, max-video-preview:-1\" \/>\n<link rel=\"canonical\" href=\"https:\/\/www.hotel-napoleon-bastia.fr\/de\/unsere-vorschlaege\/lempreinte-caviste\/\" \/>\n<meta property=\"og:locale\" content=\"de_DE\" \/>\n<meta property=\"og:type\" content=\"article\" \/>\n<meta property=\"og:title\" content=\"L&#039;Empreinte Caviste - H\u00f4tel Napol\u00e9on Bastia\" \/>\n<meta property=\"og:description\" content=\"Gelegen nur 30 Meter vom H\u00f4tel Napol\u00e9on in Bastia entfernt, finden Sie hier eine gro\u00dfe Auswahl an korsischen Weinen, Weinen vom Festland, Champagner und\" \/>\n<meta property=\"og:url\" content=\"https:\/\/www.hotel-napoleon-bastia.fr\/de\/unsere-vorschlaege\/lempreinte-caviste\/\" \/>\n<meta property=\"og:site_name\" content=\"H\u00f4tel Napol\u00e9on Bastia\" \/>\n<meta property=\"article:modified_time\" content=\"2023-05-10T10:28:11+00:00\" \/>\n<meta name=\"twitter:card\" content=\"summary_large_image\" \/>\n<meta name=\"twitter:label1\" content=\"Gesch\u00e4tzte Lesezeit\" \/>\n\t<meta name=\"twitter:data1\" content=\"1 Minute\" \/>\n<script type=\"application\/ld+json\" class=\"yoast-schema-graph\">{\"@context\":\"https:\/\/schema.org\",\"@graph\":[{\"@type\":\"WebPage\",\"@id\":\"https:\/\/www.hotel-napoleon-bastia.fr\/de\/unsere-vorschlaege\/lempreinte-caviste\/\",\"url\":\"https:\/\/www.hotel-napoleon-bastia.fr\/de\/unsere-vorschlaege\/lempreinte-caviste\/\",\"name\":\"L'Empreinte Caviste - H\u00f4tel Napol\u00e9on Bastia\",\"isPartOf\":{\"@id\":\"https:\/\/www.hotel-napoleon-bastia.fr\/de\/#website\"},\"datePublished\":\"2023-01-27T14:11:36+00:00\",\"dateModified\":\"2023-05-10T10:28:11+00:00\",\"description\":\"Gelegen nur 30 Meter vom H\u00f4tel Napol\u00e9on in Bastia entfernt, finden Sie hier eine gro\u00dfe Auswahl an korsischen Weinen, Weinen vom Festland, Champagner und\",\"breadcrumb\":{\"@id\":\"https:\/\/www.hotel-napoleon-bastia.fr\/de\/unsere-vorschlaege\/lempreinte-caviste\/#breadcrumb\"},\"inLanguage\":\"de-DE\",\"potentialAction\":[{\"@type\":\"ReadAction\",\"target\":[\"https:\/\/www.hotel-napoleon-bastia.fr\/de\/unsere-vorschlaege\/lempreinte-caviste\/\"]}]},{\"@type\":\"BreadcrumbList\",\"@id\":\"https:\/\/www.hotel-napoleon-bastia.fr\/de\/unsere-vorschlaege\/lempreinte-caviste\/#breadcrumb\",\"itemListElement\":[{\"@type\":\"ListItem\",\"position\":1,\"name\":\"Home\",\"item\":\"https:\/\/www.hotel-napoleon-bastia.fr\/de\/\"},{\"@type\":\"ListItem\",\"position\":2,\"name\":\"Unsere Vorschl\u00e4ge\",\"item\":\"https:\/\/www.hotel-napoleon-bastia.fr\/de\/unsere-vorschlaege\/\"},{\"@type\":\"ListItem\",\"position\":3,\"name\":\"L&#8217;Empreinte Caviste\"}]},{\"@type\":\"WebSite\",\"@id\":\"https:\/\/www.hotel-napoleon-bastia.fr\/de\/#website\",\"url\":\"https:\/\/www.hotel-napoleon-bastia.fr\/de\/\",\"name\":\"H\u00f4tel Napol\u00e9on Bastia\",\"description\":\"\",\"potentialAction\":[{\"@type\":\"SearchAction\",\"target\":{\"@type\":\"EntryPoint\",\"urlTemplate\":\"https:\/\/www.hotel-napoleon-bastia.fr\/de\/?s={search_term_string}\"},\"query-input\":{\"@type\":\"PropertyValueSpecification\",\"valueRequired\":true,\"valueName\":\"search_term_string\"}}],\"inLanguage\":\"de-DE\"}]}<\/script>\n<!-- \/ Yoast SEO plugin. -->","yoast_head_json":{"title":"L'Empreinte Caviste - H\u00f4tel Napol\u00e9on Bastia","description":"Gelegen nur 30 Meter vom H\u00f4tel Napol\u00e9on in Bastia entfernt, finden Sie hier eine gro\u00dfe Auswahl an korsischen Weinen, Weinen vom Festland, Champagner und","robots":{"index":"index","follow":"follow","max-snippet":"max-snippet:-1","max-image-preview":"max-image-preview:large","max-video-preview":"max-video-preview:-1"},"canonical":"https:\/\/www.hotel-napoleon-bastia.fr\/de\/unsere-vorschlaege\/lempreinte-caviste\/","og_locale":"de_DE","og_type":"article","og_title":"L'Empreinte Caviste - H\u00f4tel Napol\u00e9on Bastia","og_description":"Gelegen nur 30 Meter vom H\u00f4tel Napol\u00e9on in Bastia entfernt, finden Sie hier eine gro\u00dfe Auswahl an korsischen Weinen, Weinen vom Festland, Champagner und","og_url":"https:\/\/www.hotel-napoleon-bastia.fr\/de\/unsere-vorschlaege\/lempreinte-caviste\/","og_site_name":"H\u00f4tel Napol\u00e9on Bastia","article_modified_time":"2023-05-10T10:28:11+00:00","twitter_card":"summary_large_image","twitter_misc":{"Gesch\u00e4tzte Lesezeit":"1 Minute"},"schema":{"@context":"https:\/\/schema.org","@graph":[{"@type":"WebPage","@id":"https:\/\/www.hotel-napoleon-bastia.fr\/de\/unsere-vorschlaege\/lempreinte-caviste\/","url":"https:\/\/www.hotel-napoleon-bastia.fr\/de\/unsere-vorschlaege\/lempreinte-caviste\/","name":"L'Empreinte Caviste - H\u00f4tel Napol\u00e9on Bastia","isPartOf":{"@id":"https:\/\/www.hotel-napoleon-bastia.fr\/de\/#website"},"datePublished":"2023-01-27T14:11:36+00:00","dateModified":"2023-05-10T10:28:11+00:00","description":"Gelegen nur 30 Meter vom H\u00f4tel Napol\u00e9on in Bastia entfernt, finden Sie hier eine gro\u00dfe Auswahl an korsischen Weinen, Weinen vom Festland, Champagner und","breadcrumb":{"@id":"https:\/\/www.hotel-napoleon-bastia.fr\/de\/unsere-vorschlaege\/lempreinte-caviste\/#breadcrumb"},"inLanguage":"de-DE","potentialAction":[{"@type":"ReadAction","target":["https:\/\/www.hotel-napoleon-bastia.fr\/de\/unsere-vorschlaege\/lempreinte-caviste\/"]}]},{"@type":"BreadcrumbList","@id":"https:\/\/www.hotel-napoleon-bastia.fr\/de\/unsere-vorschlaege\/lempreinte-caviste\/#breadcrumb","itemListElement":[{"@type":"ListItem","position":1,"name":"Home","item":"https:\/\/www.hotel-napoleon-bastia.fr\/de\/"},{"@type":"ListItem","position":2,"name":"Unsere Vorschl\u00e4ge","item":"https:\/\/www.hotel-napoleon-bastia.fr\/de\/unsere-vorschlaege\/"},{"@type":"ListItem","position":3,"name":"L&#8217;Empreinte Caviste"}]},{"@type":"WebSite","@id":"https:\/\/www.hotel-napoleon-bastia.fr\/de\/#website","url":"https:\/\/www.hotel-napoleon-bastia.fr\/de\/","name":"H\u00f4tel Napol\u00e9on Bastia","description":"","potentialAction":[{"@type":"SearchAction","target":{"@type":"EntryPoint","urlTemplate":"https:\/\/www.hotel-napoleon-bastia.fr\/de\/?s={search_term_string}"},"query-input":{"@type":"PropertyValueSpecification","valueRequired":true,"valueName":"search_term_string"}}],"inLanguage":"de-DE"}]}},"acf":[],"_links":{"self":[{"href":"https:\/\/www.hotel-napoleon-bastia.fr\/de\/wp-json\/wp\/v2\/pages\/320","targetHints":{"allow":["GET"]}}],"collection":[{"href":"https:\/\/www.hotel-napoleon-bastia.fr\/de\/wp-json\/wp\/v2\/pages"}],"about":[{"href":"https:\/\/www.hotel-napoleon-bastia.fr\/de\/wp-json\/wp\/v2\/types\/page"}],"author":[{"embeddable":true,"href":"https:\/\/www.hotel-napoleon-bastia.fr\/de\/wp-json\/wp\/v2\/users\/46"}],"replies":[{"embeddable":true,"href":"https:\/\/www.hotel-napoleon-bastia.fr\/de\/wp-json\/wp\/v2\/comments?post=320"}],"version-history":[{"count":0,"href":"https:\/\/www.hotel-napoleon-bastia.fr\/de\/wp-json\/wp\/v2\/pages\/320\/revisions"}],"up":[{"embeddable":true,"href":"https:\/\/www.hotel-napoleon-bastia.fr\/de\/wp-json\/wp\/v2\/pages\/319"}],"wp:attachment":[{"href":"https:\/\/www.hotel-napoleon-bastia.fr\/de\/wp-json\/wp\/v2\/media?parent=320"}],"curies":[{"name":"wp","href":"https:\/\/api.w.org\/{rel}","templated":true}]}}