{"id":325,"date":"2023-03-07T15:49:56","date_gmt":"2023-03-07T15:49:56","guid":{"rendered":"https:\/\/bastia.ms.decms.eu\/unsere-vorschlaege\/boutique-noi\/"},"modified":"2023-05-10T11:01:41","modified_gmt":"2023-05-10T11:01:41","slug":"boutique-noi","status":"publish","type":"page","link":"https:\/\/www.hotel-napoleon-bastia.fr\/de\/unsere-vorschlaege\/boutique-noi\/","title":{"rendered":"Boutique Noi"},"content":{"rendered":"<p>Boutique Noi, unter dem H\u00f4tel Napol\u00e9on in Bastia gelegen, bietet Ihnen qualitativ hochwertige lokale Produkte wie Wurstwaren, Honig, Kuchen, Canistrelli usw. Der Empfang und die Beratung sind bemerkenswert.<\/p>\n<p><strong>45 boulevard Paoli, 20200 Bastia<\/strong><br \/>\n<a href=\"tel:+33 (0)4 95 32 47 04\">+33 (0)4 95 32 47 04<\/a><\/p>\n","protected":false},"excerpt":{"rendered":"<p>Boutique Noi, unter dem H\u00f4tel Napol\u00e9on in Bastia gelegen, bietet Ihnen qualitativ hochwertige lokale Produkte wie Wurstwaren, Honig, Kuchen, Canistrelli usw. Der Empfang und die Beratung sind bemerkenswert. 45 boulevard Paoli, 20200 Bastia +33 (0)4 95 32 47 04<\/p>\n","protected":false},"author":46,"featured_media":0,"parent":319,"menu_order":530,"comment_status":"closed","ping_status":"closed","template":"template-default-2.php","meta":{"footnotes":""},"class_list":["post-325","page","type-page","status-publish","hentry"],"yoast_head":"<!-- This site is optimized with the Yoast SEO plugin v26.9 - https:\/\/yoast.com\/product\/yoast-seo-wordpress\/ -->\n<title>Boutique Noi - H\u00f4tel Napol\u00e9on Bastia<\/title>\n<meta name=\"description\" content=\"Boutique Noi, unter dem H\u00f4tel Napol\u00e9on in Bastia gelegen, bietet Ihnen qualitativ hochwertige lokale Produkte wie Wurstwaren, Honig, Kuchen, Canistrelli\" \/>\n<meta name=\"robots\" content=\"index, follow, max-snippet:-1, max-image-preview:large, max-video-preview:-1\" \/>\n<link rel=\"canonical\" href=\"https:\/\/www.hotel-napoleon-bastia.fr\/de\/unsere-vorschlaege\/boutique-noi\/\" \/>\n<meta property=\"og:locale\" content=\"de_DE\" \/>\n<meta property=\"og:type\" content=\"article\" \/>\n<meta property=\"og:title\" content=\"Boutique Noi - H\u00f4tel Napol\u00e9on Bastia\" \/>\n<meta property=\"og:description\" content=\"Boutique Noi, unter dem H\u00f4tel Napol\u00e9on in Bastia gelegen, bietet Ihnen qualitativ hochwertige lokale Produkte wie Wurstwaren, Honig, Kuchen, Canistrelli\" \/>\n<meta property=\"og:url\" content=\"https:\/\/www.hotel-napoleon-bastia.fr\/de\/unsere-vorschlaege\/boutique-noi\/\" \/>\n<meta property=\"og:site_name\" content=\"H\u00f4tel Napol\u00e9on Bastia\" \/>\n<meta property=\"article:modified_time\" content=\"2023-05-10T11:01:41+00:00\" \/>\n<meta name=\"twitter:card\" content=\"summary_large_image\" \/>\n<meta name=\"twitter:label1\" content=\"Gesch\u00e4tzte Lesezeit\" \/>\n\t<meta name=\"twitter:data1\" content=\"1 Minute\" \/>\n<script type=\"application\/ld+json\" class=\"yoast-schema-graph\">{\"@context\":\"https:\/\/schema.org\",\"@graph\":[{\"@type\":\"WebPage\",\"@id\":\"https:\/\/www.hotel-napoleon-bastia.fr\/de\/unsere-vorschlaege\/boutique-noi\/\",\"url\":\"https:\/\/www.hotel-napoleon-bastia.fr\/de\/unsere-vorschlaege\/boutique-noi\/\",\"name\":\"Boutique Noi - H\u00f4tel Napol\u00e9on Bastia\",\"isPartOf\":{\"@id\":\"https:\/\/www.hotel-napoleon-bastia.fr\/de\/#website\"},\"datePublished\":\"2023-03-07T15:49:56+00:00\",\"dateModified\":\"2023-05-10T11:01:41+00:00\",\"description\":\"Boutique Noi, unter dem H\u00f4tel Napol\u00e9on in Bastia gelegen, bietet Ihnen qualitativ hochwertige lokale Produkte wie Wurstwaren, Honig, Kuchen, Canistrelli\",\"breadcrumb\":{\"@id\":\"https:\/\/www.hotel-napoleon-bastia.fr\/de\/unsere-vorschlaege\/boutique-noi\/#breadcrumb\"},\"inLanguage\":\"de-DE\",\"potentialAction\":[{\"@type\":\"ReadAction\",\"target\":[\"https:\/\/www.hotel-napoleon-bastia.fr\/de\/unsere-vorschlaege\/boutique-noi\/\"]}]},{\"@type\":\"BreadcrumbList\",\"@id\":\"https:\/\/www.hotel-napoleon-bastia.fr\/de\/unsere-vorschlaege\/boutique-noi\/#breadcrumb\",\"itemListElement\":[{\"@type\":\"ListItem\",\"position\":1,\"name\":\"Home\",\"item\":\"https:\/\/www.hotel-napoleon-bastia.fr\/de\/\"},{\"@type\":\"ListItem\",\"position\":2,\"name\":\"Unsere Vorschl\u00e4ge\",\"item\":\"https:\/\/www.hotel-napoleon-bastia.fr\/de\/unsere-vorschlaege\/\"},{\"@type\":\"ListItem\",\"position\":3,\"name\":\"Boutique Noi\"}]},{\"@type\":\"WebSite\",\"@id\":\"https:\/\/www.hotel-napoleon-bastia.fr\/de\/#website\",\"url\":\"https:\/\/www.hotel-napoleon-bastia.fr\/de\/\",\"name\":\"H\u00f4tel Napol\u00e9on Bastia\",\"description\":\"\",\"potentialAction\":[{\"@type\":\"SearchAction\",\"target\":{\"@type\":\"EntryPoint\",\"urlTemplate\":\"https:\/\/www.hotel-napoleon-bastia.fr\/de\/?s={search_term_string}\"},\"query-input\":{\"@type\":\"PropertyValueSpecification\",\"valueRequired\":true,\"valueName\":\"search_term_string\"}}],\"inLanguage\":\"de-DE\"}]}<\/script>\n<!-- \/ Yoast SEO plugin. -->","yoast_head_json":{"title":"Boutique Noi - H\u00f4tel Napol\u00e9on Bastia","description":"Boutique Noi, unter dem H\u00f4tel Napol\u00e9on in Bastia gelegen, bietet Ihnen qualitativ hochwertige lokale Produkte wie Wurstwaren, Honig, Kuchen, Canistrelli","robots":{"index":"index","follow":"follow","max-snippet":"max-snippet:-1","max-image-preview":"max-image-preview:large","max-video-preview":"max-video-preview:-1"},"canonical":"https:\/\/www.hotel-napoleon-bastia.fr\/de\/unsere-vorschlaege\/boutique-noi\/","og_locale":"de_DE","og_type":"article","og_title":"Boutique Noi - H\u00f4tel Napol\u00e9on Bastia","og_description":"Boutique Noi, unter dem H\u00f4tel Napol\u00e9on in Bastia gelegen, bietet Ihnen qualitativ hochwertige lokale Produkte wie Wurstwaren, Honig, Kuchen, Canistrelli","og_url":"https:\/\/www.hotel-napoleon-bastia.fr\/de\/unsere-vorschlaege\/boutique-noi\/","og_site_name":"H\u00f4tel Napol\u00e9on Bastia","article_modified_time":"2023-05-10T11:01:41+00:00","twitter_card":"summary_large_image","twitter_misc":{"Gesch\u00e4tzte Lesezeit":"1 Minute"},"schema":{"@context":"https:\/\/schema.org","@graph":[{"@type":"WebPage","@id":"https:\/\/www.hotel-napoleon-bastia.fr\/de\/unsere-vorschlaege\/boutique-noi\/","url":"https:\/\/www.hotel-napoleon-bastia.fr\/de\/unsere-vorschlaege\/boutique-noi\/","name":"Boutique Noi - H\u00f4tel Napol\u00e9on Bastia","isPartOf":{"@id":"https:\/\/www.hotel-napoleon-bastia.fr\/de\/#website"},"datePublished":"2023-03-07T15:49:56+00:00","dateModified":"2023-05-10T11:01:41+00:00","description":"Boutique Noi, unter dem H\u00f4tel Napol\u00e9on in Bastia gelegen, bietet Ihnen qualitativ hochwertige lokale Produkte wie Wurstwaren, Honig, Kuchen, Canistrelli","breadcrumb":{"@id":"https:\/\/www.hotel-napoleon-bastia.fr\/de\/unsere-vorschlaege\/boutique-noi\/#breadcrumb"},"inLanguage":"de-DE","potentialAction":[{"@type":"ReadAction","target":["https:\/\/www.hotel-napoleon-bastia.fr\/de\/unsere-vorschlaege\/boutique-noi\/"]}]},{"@type":"BreadcrumbList","@id":"https:\/\/www.hotel-napoleon-bastia.fr\/de\/unsere-vorschlaege\/boutique-noi\/#breadcrumb","itemListElement":[{"@type":"ListItem","position":1,"name":"Home","item":"https:\/\/www.hotel-napoleon-bastia.fr\/de\/"},{"@type":"ListItem","position":2,"name":"Unsere Vorschl\u00e4ge","item":"https:\/\/www.hotel-napoleon-bastia.fr\/de\/unsere-vorschlaege\/"},{"@type":"ListItem","position":3,"name":"Boutique Noi"}]},{"@type":"WebSite","@id":"https:\/\/www.hotel-napoleon-bastia.fr\/de\/#website","url":"https:\/\/www.hotel-napoleon-bastia.fr\/de\/","name":"H\u00f4tel Napol\u00e9on Bastia","description":"","potentialAction":[{"@type":"SearchAction","target":{"@type":"EntryPoint","urlTemplate":"https:\/\/www.hotel-napoleon-bastia.fr\/de\/?s={search_term_string}"},"query-input":{"@type":"PropertyValueSpecification","valueRequired":true,"valueName":"search_term_string"}}],"inLanguage":"de-DE"}]}},"acf":[],"_links":{"self":[{"href":"https:\/\/www.hotel-napoleon-bastia.fr\/de\/wp-json\/wp\/v2\/pages\/325","targetHints":{"allow":["GET"]}}],"collection":[{"href":"https:\/\/www.hotel-napoleon-bastia.fr\/de\/wp-json\/wp\/v2\/pages"}],"about":[{"href":"https:\/\/www.hotel-napoleon-bastia.fr\/de\/wp-json\/wp\/v2\/types\/page"}],"author":[{"embeddable":true,"href":"https:\/\/www.hotel-napoleon-bastia.fr\/de\/wp-json\/wp\/v2\/users\/46"}],"replies":[{"embeddable":true,"href":"https:\/\/www.hotel-napoleon-bastia.fr\/de\/wp-json\/wp\/v2\/comments?post=325"}],"version-history":[{"count":0,"href":"https:\/\/www.hotel-napoleon-bastia.fr\/de\/wp-json\/wp\/v2\/pages\/325\/revisions"}],"up":[{"embeddable":true,"href":"https:\/\/www.hotel-napoleon-bastia.fr\/de\/wp-json\/wp\/v2\/pages\/319"}],"wp:attachment":[{"href":"https:\/\/www.hotel-napoleon-bastia.fr\/de\/wp-json\/wp\/v2\/media?parent=325"}],"curies":[{"name":"wp","href":"https:\/\/api.w.org\/{rel}","templated":true}]}}