{"id":329,"date":"2023-03-07T15:52:27","date_gmt":"2023-03-07T15:52:27","guid":{"rendered":"https:\/\/bastia.ms.decms.eu\/unsere-vorschlaege\/casanera-bastia\/"},"modified":"2023-05-10T11:39:43","modified_gmt":"2023-05-10T11:39:43","slug":"casanera-bastia","status":"publish","type":"page","link":"https:\/\/www.hotel-napoleon-bastia.fr\/de\/unsere-vorschlaege\/casanera-bastia\/","title":{"rendered":"Casanera Bastia"},"content":{"rendered":"<p>Casanera, 250 Meter vom H\u00f4tel Napol\u00e9on in Bastia entfernt, bietet Ihnen eine Auswahl an Schmuck sowie ihre komplette Palette an Kosmetik- und Duftprodukten Made in Maquis. Sie haben die Qual der Wahl, um ein bisschen Korsika in Ihrem Gep\u00e4ck mit nach Hause zu nehmen.<\/p>\n<p><strong>20 rue C\u00e9sar Campinchi, 20200 Bastia<\/strong><br \/>\n<a href=\"tel:+33 (0)4 95 38 34 59\">+33 (0)4 95 38 34 59<\/a><br \/>\n<a href=\"https:\/\/casanera.corsica\/\" target=\"_blank\" rel=\"noopener\">https:\/\/casanera.corsica\/<\/a><\/p>\n","protected":false},"excerpt":{"rendered":"<p>Casanera, 250 Meter vom H\u00f4tel Napol\u00e9on in Bastia entfernt, bietet Ihnen eine Auswahl an Schmuck sowie ihre komplette Palette an Kosmetik- und Duftprodukten Made in Maquis. Sie haben die Qual der Wahl, um ein bisschen Korsika in Ihrem Gep\u00e4ck mit nach Hause zu nehmen. 20 rue C\u00e9sar Campinchi, 20200 Bastia +33 (0)4 95 38 34 [&hellip;]<\/p>\n","protected":false},"author":46,"featured_media":0,"parent":319,"menu_order":550,"comment_status":"closed","ping_status":"closed","template":"template-default-2.php","meta":{"footnotes":""},"class_list":["post-329","page","type-page","status-publish","hentry"],"yoast_head":"<!-- This site is optimized with the Yoast SEO plugin v26.9 - https:\/\/yoast.com\/product\/yoast-seo-wordpress\/ -->\n<title>Casanera Bastia - H\u00f4tel Napol\u00e9on Bastia<\/title>\n<meta name=\"description\" content=\"Casanera, 250 Meter vom H\u00f4tel Napol\u00e9on in Bastia entfernt, bietet Ihnen eine Auswahl an Schmuck sowie ihre komplette Palette an Kosmetik- und\" \/>\n<meta name=\"robots\" content=\"index, follow, max-snippet:-1, max-image-preview:large, max-video-preview:-1\" \/>\n<link rel=\"canonical\" href=\"https:\/\/www.hotel-napoleon-bastia.fr\/de\/unsere-vorschlaege\/casanera-bastia\/\" \/>\n<meta property=\"og:locale\" content=\"de_DE\" \/>\n<meta property=\"og:type\" content=\"article\" \/>\n<meta property=\"og:title\" content=\"Casanera Bastia - H\u00f4tel Napol\u00e9on Bastia\" \/>\n<meta property=\"og:description\" content=\"Casanera, 250 Meter vom H\u00f4tel Napol\u00e9on in Bastia entfernt, bietet Ihnen eine Auswahl an Schmuck sowie ihre komplette Palette an Kosmetik- und\" \/>\n<meta property=\"og:url\" content=\"https:\/\/www.hotel-napoleon-bastia.fr\/de\/unsere-vorschlaege\/casanera-bastia\/\" \/>\n<meta property=\"og:site_name\" content=\"H\u00f4tel Napol\u00e9on Bastia\" \/>\n<meta property=\"article:modified_time\" content=\"2023-05-10T11:39:43+00:00\" \/>\n<meta name=\"twitter:card\" content=\"summary_large_image\" \/>\n<meta name=\"twitter:label1\" content=\"Gesch\u00e4tzte Lesezeit\" \/>\n\t<meta name=\"twitter:data1\" content=\"1 Minute\" \/>\n<script type=\"application\/ld+json\" class=\"yoast-schema-graph\">{\"@context\":\"https:\/\/schema.org\",\"@graph\":[{\"@type\":\"WebPage\",\"@id\":\"https:\/\/www.hotel-napoleon-bastia.fr\/de\/unsere-vorschlaege\/casanera-bastia\/\",\"url\":\"https:\/\/www.hotel-napoleon-bastia.fr\/de\/unsere-vorschlaege\/casanera-bastia\/\",\"name\":\"Casanera Bastia - H\u00f4tel Napol\u00e9on Bastia\",\"isPartOf\":{\"@id\":\"https:\/\/www.hotel-napoleon-bastia.fr\/de\/#website\"},\"datePublished\":\"2023-03-07T15:52:27+00:00\",\"dateModified\":\"2023-05-10T11:39:43+00:00\",\"description\":\"Casanera, 250 Meter vom H\u00f4tel Napol\u00e9on in Bastia entfernt, bietet Ihnen eine Auswahl an Schmuck sowie ihre komplette Palette an Kosmetik- und\",\"breadcrumb\":{\"@id\":\"https:\/\/www.hotel-napoleon-bastia.fr\/de\/unsere-vorschlaege\/casanera-bastia\/#breadcrumb\"},\"inLanguage\":\"de-DE\",\"potentialAction\":[{\"@type\":\"ReadAction\",\"target\":[\"https:\/\/www.hotel-napoleon-bastia.fr\/de\/unsere-vorschlaege\/casanera-bastia\/\"]}]},{\"@type\":\"BreadcrumbList\",\"@id\":\"https:\/\/www.hotel-napoleon-bastia.fr\/de\/unsere-vorschlaege\/casanera-bastia\/#breadcrumb\",\"itemListElement\":[{\"@type\":\"ListItem\",\"position\":1,\"name\":\"Home\",\"item\":\"https:\/\/www.hotel-napoleon-bastia.fr\/de\/\"},{\"@type\":\"ListItem\",\"position\":2,\"name\":\"Unsere Vorschl\u00e4ge\",\"item\":\"https:\/\/www.hotel-napoleon-bastia.fr\/de\/unsere-vorschlaege\/\"},{\"@type\":\"ListItem\",\"position\":3,\"name\":\"Casanera Bastia\"}]},{\"@type\":\"WebSite\",\"@id\":\"https:\/\/www.hotel-napoleon-bastia.fr\/de\/#website\",\"url\":\"https:\/\/www.hotel-napoleon-bastia.fr\/de\/\",\"name\":\"H\u00f4tel Napol\u00e9on Bastia\",\"description\":\"\",\"potentialAction\":[{\"@type\":\"SearchAction\",\"target\":{\"@type\":\"EntryPoint\",\"urlTemplate\":\"https:\/\/www.hotel-napoleon-bastia.fr\/de\/?s={search_term_string}\"},\"query-input\":{\"@type\":\"PropertyValueSpecification\",\"valueRequired\":true,\"valueName\":\"search_term_string\"}}],\"inLanguage\":\"de-DE\"}]}<\/script>\n<!-- \/ Yoast SEO plugin. -->","yoast_head_json":{"title":"Casanera Bastia - H\u00f4tel Napol\u00e9on Bastia","description":"Casanera, 250 Meter vom H\u00f4tel Napol\u00e9on in Bastia entfernt, bietet Ihnen eine Auswahl an Schmuck sowie ihre komplette Palette an Kosmetik- und","robots":{"index":"index","follow":"follow","max-snippet":"max-snippet:-1","max-image-preview":"max-image-preview:large","max-video-preview":"max-video-preview:-1"},"canonical":"https:\/\/www.hotel-napoleon-bastia.fr\/de\/unsere-vorschlaege\/casanera-bastia\/","og_locale":"de_DE","og_type":"article","og_title":"Casanera Bastia - H\u00f4tel Napol\u00e9on Bastia","og_description":"Casanera, 250 Meter vom H\u00f4tel Napol\u00e9on in Bastia entfernt, bietet Ihnen eine Auswahl an Schmuck sowie ihre komplette Palette an Kosmetik- und","og_url":"https:\/\/www.hotel-napoleon-bastia.fr\/de\/unsere-vorschlaege\/casanera-bastia\/","og_site_name":"H\u00f4tel Napol\u00e9on Bastia","article_modified_time":"2023-05-10T11:39:43+00:00","twitter_card":"summary_large_image","twitter_misc":{"Gesch\u00e4tzte Lesezeit":"1 Minute"},"schema":{"@context":"https:\/\/schema.org","@graph":[{"@type":"WebPage","@id":"https:\/\/www.hotel-napoleon-bastia.fr\/de\/unsere-vorschlaege\/casanera-bastia\/","url":"https:\/\/www.hotel-napoleon-bastia.fr\/de\/unsere-vorschlaege\/casanera-bastia\/","name":"Casanera Bastia - H\u00f4tel Napol\u00e9on Bastia","isPartOf":{"@id":"https:\/\/www.hotel-napoleon-bastia.fr\/de\/#website"},"datePublished":"2023-03-07T15:52:27+00:00","dateModified":"2023-05-10T11:39:43+00:00","description":"Casanera, 250 Meter vom H\u00f4tel Napol\u00e9on in Bastia entfernt, bietet Ihnen eine Auswahl an Schmuck sowie ihre komplette Palette an Kosmetik- und","breadcrumb":{"@id":"https:\/\/www.hotel-napoleon-bastia.fr\/de\/unsere-vorschlaege\/casanera-bastia\/#breadcrumb"},"inLanguage":"de-DE","potentialAction":[{"@type":"ReadAction","target":["https:\/\/www.hotel-napoleon-bastia.fr\/de\/unsere-vorschlaege\/casanera-bastia\/"]}]},{"@type":"BreadcrumbList","@id":"https:\/\/www.hotel-napoleon-bastia.fr\/de\/unsere-vorschlaege\/casanera-bastia\/#breadcrumb","itemListElement":[{"@type":"ListItem","position":1,"name":"Home","item":"https:\/\/www.hotel-napoleon-bastia.fr\/de\/"},{"@type":"ListItem","position":2,"name":"Unsere Vorschl\u00e4ge","item":"https:\/\/www.hotel-napoleon-bastia.fr\/de\/unsere-vorschlaege\/"},{"@type":"ListItem","position":3,"name":"Casanera Bastia"}]},{"@type":"WebSite","@id":"https:\/\/www.hotel-napoleon-bastia.fr\/de\/#website","url":"https:\/\/www.hotel-napoleon-bastia.fr\/de\/","name":"H\u00f4tel Napol\u00e9on Bastia","description":"","potentialAction":[{"@type":"SearchAction","target":{"@type":"EntryPoint","urlTemplate":"https:\/\/www.hotel-napoleon-bastia.fr\/de\/?s={search_term_string}"},"query-input":{"@type":"PropertyValueSpecification","valueRequired":true,"valueName":"search_term_string"}}],"inLanguage":"de-DE"}]}},"acf":[],"_links":{"self":[{"href":"https:\/\/www.hotel-napoleon-bastia.fr\/de\/wp-json\/wp\/v2\/pages\/329","targetHints":{"allow":["GET"]}}],"collection":[{"href":"https:\/\/www.hotel-napoleon-bastia.fr\/de\/wp-json\/wp\/v2\/pages"}],"about":[{"href":"https:\/\/www.hotel-napoleon-bastia.fr\/de\/wp-json\/wp\/v2\/types\/page"}],"author":[{"embeddable":true,"href":"https:\/\/www.hotel-napoleon-bastia.fr\/de\/wp-json\/wp\/v2\/users\/46"}],"replies":[{"embeddable":true,"href":"https:\/\/www.hotel-napoleon-bastia.fr\/de\/wp-json\/wp\/v2\/comments?post=329"}],"version-history":[{"count":0,"href":"https:\/\/www.hotel-napoleon-bastia.fr\/de\/wp-json\/wp\/v2\/pages\/329\/revisions"}],"up":[{"embeddable":true,"href":"https:\/\/www.hotel-napoleon-bastia.fr\/de\/wp-json\/wp\/v2\/pages\/319"}],"wp:attachment":[{"href":"https:\/\/www.hotel-napoleon-bastia.fr\/de\/wp-json\/wp\/v2\/media?parent=329"}],"curies":[{"name":"wp","href":"https:\/\/api.w.org\/{rel}","templated":true}]}}