{"id":388,"date":"2023-03-07T16:41:24","date_gmt":"2023-03-07T16:41:24","guid":{"rendered":"https:\/\/bastia.ms.decms.eu\/zimmer-und-suite\/chambre-twin-ou-quadruple\/"},"modified":"2023-05-02T13:56:17","modified_gmt":"2023-05-02T13:56:17","slug":"doppel-oder-vierbettzimmer","status":"publish","type":"page","link":"https:\/\/www.hotel-napoleon-bastia.fr\/de\/zimmer-und-suite\/doppel-oder-vierbettzimmer\/","title":{"rendered":"Doppel- oder Vierbettzimmer"},"content":{"rendered":"<p style=\"text-align: center;\">Unsere Junior Suite f\u00fcr eine Belegung von bis zu 3 oder 4 Personen oder f\u00fcr 2 Personen mit getrennten Betten. Es ist mit einem Queensize-Bett von 160x200cm und einem Schlafsofa von 140x200cm ausgestattet. Buchen Sie jetzt f\u00fcr einen ruhigen Aufenthalt.<\/p>\n","protected":false},"excerpt":{"rendered":"<p>Unsere Junior Suite f\u00fcr eine Belegung von bis zu 3 oder 4 Personen oder f\u00fcr 2 Personen mit getrennten Betten. Es ist mit einem Queensize-Bett von 160x200cm und einem Schlafsofa von 140x200cm ausgestattet. Buchen Sie jetzt f\u00fcr einen ruhigen Aufenthalt.<\/p>\n","protected":false},"author":46,"featured_media":0,"parent":300,"menu_order":250,"comment_status":"closed","ping_status":"closed","template":"template-single-room.php","meta":{"footnotes":""},"class_list":["post-388","page","type-page","status-publish","hentry"],"yoast_head":"<!-- This site is optimized with the Yoast SEO plugin v26.9 - https:\/\/yoast.com\/product\/yoast-seo-wordpress\/ -->\n<title>Doppel- oder Vierbettzimmer - H\u00f4tel Napol\u00e9on Bastia<\/title>\n<meta name=\"description\" content=\"Unsere Junior Suite f\u00fcr eine Belegung von bis zu 3 oder 4 Personen oder f\u00fcr 2 Personen mit getrennten Betten. Es ist mit einem Queensize-Bett von\" \/>\n<meta name=\"robots\" content=\"index, follow, max-snippet:-1, max-image-preview:large, max-video-preview:-1\" \/>\n<link rel=\"canonical\" href=\"https:\/\/www.hotel-napoleon-bastia.fr\/de\/zimmer-und-suite\/doppel-oder-vierbettzimmer\/\" \/>\n<meta property=\"og:locale\" content=\"de_DE\" \/>\n<meta property=\"og:type\" content=\"article\" \/>\n<meta property=\"og:title\" content=\"Doppel- oder Vierbettzimmer - H\u00f4tel Napol\u00e9on Bastia\" \/>\n<meta property=\"og:description\" content=\"Unsere Junior Suite f\u00fcr eine Belegung von bis zu 3 oder 4 Personen oder f\u00fcr 2 Personen mit getrennten Betten. Es ist mit einem Queensize-Bett von\" \/>\n<meta property=\"og:url\" content=\"https:\/\/www.hotel-napoleon-bastia.fr\/de\/zimmer-und-suite\/doppel-oder-vierbettzimmer\/\" \/>\n<meta property=\"og:site_name\" content=\"H\u00f4tel Napol\u00e9on Bastia\" \/>\n<meta property=\"article:modified_time\" content=\"2023-05-02T13:56:17+00:00\" \/>\n<meta name=\"twitter:card\" content=\"summary_large_image\" \/>\n<meta name=\"twitter:label1\" content=\"Gesch\u00e4tzte Lesezeit\" \/>\n\t<meta name=\"twitter:data1\" content=\"1 Minute\" \/>\n<script type=\"application\/ld+json\" class=\"yoast-schema-graph\">{\"@context\":\"https:\/\/schema.org\",\"@graph\":[{\"@type\":\"WebPage\",\"@id\":\"https:\/\/www.hotel-napoleon-bastia.fr\/de\/zimmer-und-suite\/doppel-oder-vierbettzimmer\/\",\"url\":\"https:\/\/www.hotel-napoleon-bastia.fr\/de\/zimmer-und-suite\/doppel-oder-vierbettzimmer\/\",\"name\":\"Doppel- oder Vierbettzimmer - H\u00f4tel Napol\u00e9on Bastia\",\"isPartOf\":{\"@id\":\"https:\/\/www.hotel-napoleon-bastia.fr\/de\/#website\"},\"datePublished\":\"2023-03-07T16:41:24+00:00\",\"dateModified\":\"2023-05-02T13:56:17+00:00\",\"description\":\"Unsere Junior Suite f\u00fcr eine Belegung von bis zu 3 oder 4 Personen oder f\u00fcr 2 Personen mit getrennten Betten. Es ist mit einem Queensize-Bett von\",\"breadcrumb\":{\"@id\":\"https:\/\/www.hotel-napoleon-bastia.fr\/de\/zimmer-und-suite\/doppel-oder-vierbettzimmer\/#breadcrumb\"},\"inLanguage\":\"de-DE\",\"potentialAction\":[{\"@type\":\"ReadAction\",\"target\":[\"https:\/\/www.hotel-napoleon-bastia.fr\/de\/zimmer-und-suite\/doppel-oder-vierbettzimmer\/\"]}]},{\"@type\":\"BreadcrumbList\",\"@id\":\"https:\/\/www.hotel-napoleon-bastia.fr\/de\/zimmer-und-suite\/doppel-oder-vierbettzimmer\/#breadcrumb\",\"itemListElement\":[{\"@type\":\"ListItem\",\"position\":1,\"name\":\"Home\",\"item\":\"https:\/\/www.hotel-napoleon-bastia.fr\/de\/\"},{\"@type\":\"ListItem\",\"position\":2,\"name\":\"Zimmer und Suite\",\"item\":\"https:\/\/www.hotel-napoleon-bastia.fr\/de\/zimmer-und-suite\/\"},{\"@type\":\"ListItem\",\"position\":3,\"name\":\"Doppel- oder Vierbettzimmer\"}]},{\"@type\":\"WebSite\",\"@id\":\"https:\/\/www.hotel-napoleon-bastia.fr\/de\/#website\",\"url\":\"https:\/\/www.hotel-napoleon-bastia.fr\/de\/\",\"name\":\"H\u00f4tel Napol\u00e9on Bastia\",\"description\":\"\",\"potentialAction\":[{\"@type\":\"SearchAction\",\"target\":{\"@type\":\"EntryPoint\",\"urlTemplate\":\"https:\/\/www.hotel-napoleon-bastia.fr\/de\/?s={search_term_string}\"},\"query-input\":{\"@type\":\"PropertyValueSpecification\",\"valueRequired\":true,\"valueName\":\"search_term_string\"}}],\"inLanguage\":\"de-DE\"}]}<\/script>\n<!-- \/ Yoast SEO plugin. -->","yoast_head_json":{"title":"Doppel- oder Vierbettzimmer - H\u00f4tel Napol\u00e9on Bastia","description":"Unsere Junior Suite f\u00fcr eine Belegung von bis zu 3 oder 4 Personen oder f\u00fcr 2 Personen mit getrennten Betten. Es ist mit einem Queensize-Bett von","robots":{"index":"index","follow":"follow","max-snippet":"max-snippet:-1","max-image-preview":"max-image-preview:large","max-video-preview":"max-video-preview:-1"},"canonical":"https:\/\/www.hotel-napoleon-bastia.fr\/de\/zimmer-und-suite\/doppel-oder-vierbettzimmer\/","og_locale":"de_DE","og_type":"article","og_title":"Doppel- oder Vierbettzimmer - H\u00f4tel Napol\u00e9on Bastia","og_description":"Unsere Junior Suite f\u00fcr eine Belegung von bis zu 3 oder 4 Personen oder f\u00fcr 2 Personen mit getrennten Betten. Es ist mit einem Queensize-Bett von","og_url":"https:\/\/www.hotel-napoleon-bastia.fr\/de\/zimmer-und-suite\/doppel-oder-vierbettzimmer\/","og_site_name":"H\u00f4tel Napol\u00e9on Bastia","article_modified_time":"2023-05-02T13:56:17+00:00","twitter_card":"summary_large_image","twitter_misc":{"Gesch\u00e4tzte Lesezeit":"1 Minute"},"schema":{"@context":"https:\/\/schema.org","@graph":[{"@type":"WebPage","@id":"https:\/\/www.hotel-napoleon-bastia.fr\/de\/zimmer-und-suite\/doppel-oder-vierbettzimmer\/","url":"https:\/\/www.hotel-napoleon-bastia.fr\/de\/zimmer-und-suite\/doppel-oder-vierbettzimmer\/","name":"Doppel- oder Vierbettzimmer - H\u00f4tel Napol\u00e9on Bastia","isPartOf":{"@id":"https:\/\/www.hotel-napoleon-bastia.fr\/de\/#website"},"datePublished":"2023-03-07T16:41:24+00:00","dateModified":"2023-05-02T13:56:17+00:00","description":"Unsere Junior Suite f\u00fcr eine Belegung von bis zu 3 oder 4 Personen oder f\u00fcr 2 Personen mit getrennten Betten. Es ist mit einem Queensize-Bett von","breadcrumb":{"@id":"https:\/\/www.hotel-napoleon-bastia.fr\/de\/zimmer-und-suite\/doppel-oder-vierbettzimmer\/#breadcrumb"},"inLanguage":"de-DE","potentialAction":[{"@type":"ReadAction","target":["https:\/\/www.hotel-napoleon-bastia.fr\/de\/zimmer-und-suite\/doppel-oder-vierbettzimmer\/"]}]},{"@type":"BreadcrumbList","@id":"https:\/\/www.hotel-napoleon-bastia.fr\/de\/zimmer-und-suite\/doppel-oder-vierbettzimmer\/#breadcrumb","itemListElement":[{"@type":"ListItem","position":1,"name":"Home","item":"https:\/\/www.hotel-napoleon-bastia.fr\/de\/"},{"@type":"ListItem","position":2,"name":"Zimmer und Suite","item":"https:\/\/www.hotel-napoleon-bastia.fr\/de\/zimmer-und-suite\/"},{"@type":"ListItem","position":3,"name":"Doppel- oder Vierbettzimmer"}]},{"@type":"WebSite","@id":"https:\/\/www.hotel-napoleon-bastia.fr\/de\/#website","url":"https:\/\/www.hotel-napoleon-bastia.fr\/de\/","name":"H\u00f4tel Napol\u00e9on Bastia","description":"","potentialAction":[{"@type":"SearchAction","target":{"@type":"EntryPoint","urlTemplate":"https:\/\/www.hotel-napoleon-bastia.fr\/de\/?s={search_term_string}"},"query-input":{"@type":"PropertyValueSpecification","valueRequired":true,"valueName":"search_term_string"}}],"inLanguage":"de-DE"}]}},"acf":[],"_links":{"self":[{"href":"https:\/\/www.hotel-napoleon-bastia.fr\/de\/wp-json\/wp\/v2\/pages\/388","targetHints":{"allow":["GET"]}}],"collection":[{"href":"https:\/\/www.hotel-napoleon-bastia.fr\/de\/wp-json\/wp\/v2\/pages"}],"about":[{"href":"https:\/\/www.hotel-napoleon-bastia.fr\/de\/wp-json\/wp\/v2\/types\/page"}],"author":[{"embeddable":true,"href":"https:\/\/www.hotel-napoleon-bastia.fr\/de\/wp-json\/wp\/v2\/users\/46"}],"replies":[{"embeddable":true,"href":"https:\/\/www.hotel-napoleon-bastia.fr\/de\/wp-json\/wp\/v2\/comments?post=388"}],"version-history":[{"count":0,"href":"https:\/\/www.hotel-napoleon-bastia.fr\/de\/wp-json\/wp\/v2\/pages\/388\/revisions"}],"up":[{"embeddable":true,"href":"https:\/\/www.hotel-napoleon-bastia.fr\/de\/wp-json\/wp\/v2\/pages\/300"}],"wp:attachment":[{"href":"https:\/\/www.hotel-napoleon-bastia.fr\/de\/wp-json\/wp\/v2\/media?parent=388"}],"curies":[{"name":"wp","href":"https:\/\/api.w.org\/{rel}","templated":true}]}}