{"id":394,"date":"2023-03-15T17:03:43","date_gmt":"2023-03-15T17:03:43","guid":{"rendered":"https:\/\/bastia.ms.decms.eu\/unsere-vorschlaege\/w2cj-graff\/"},"modified":"2023-04-26T08:29:19","modified_gmt":"2023-04-26T08:29:19","slug":"w2cj-graff","status":"publish","type":"page","link":"https:\/\/www.hotel-napoleon-bastia.fr\/de\/unsere-vorschlaege\/w2cj-graff\/","title":{"rendered":"W2CJ Graff"},"content":{"rendered":"<p>W2CJ, mit seinem richtigen Namen Hugo Mei, ist ein Graffiti-K\u00fcnstler aus Bastia. Er begann sich f\u00fcr Graffiti zu interessieren, als er 14 Jahre alt war und in die High School ging. Anfangs \u00fcbte er auf Papier, aber bald begann er, W\u00e4nde an verlassenen Orten zu bemalen. Im Laufe der Jahre hat Hugo einen einzigartigen Stil entwickelt, der Zeichnung und Graffiti kombiniert und der heute durch sein Emblem, den rosa Flamingo, erkennbar ist.<\/p>\n<p>F\u00fcr ihn sind alle Oberfl\u00e4chen ein Spielplatz, sei es W\u00e4nde, Leinw\u00e4nde, Feuerl\u00f6scher oder sogar Messer. Er ist st\u00e4ndig auf der Suche nach neuen Ausdrucksformen und Inspirationen, um einzigartige und originelle Kunstwerke zu schaffen.<\/p>\n<p>Wenn Sie in Bastia sind, halten Sie Ausschau nach den farbenfrohen und inspirierenden Werken von W2CJ in den Stra\u00dfen der Stadt.<\/p>\n<p><a href=\"https:\/\/w2cjgraff.bigcartel.com\/\" target=\"_blank\" rel=\"noopener\">https:\/\/w2cjgraff.bigcartel.com\/<\/a><br \/>\n<a href=\"https:\/\/www.instagram.com\/hugo.w2cj\/\" target=\"_blank\" rel=\"noopener\">https:\/\/www.instagram.com\/hugo.w2cj\/<\/a><\/p>\n","protected":false},"excerpt":{"rendered":"<p>W2CJ, mit seinem richtigen Namen Hugo Mei, ist ein Graffiti-K\u00fcnstler aus Bastia. Er begann sich f\u00fcr Graffiti zu interessieren, als er 14 Jahre alt war und in die High School ging. Anfangs \u00fcbte er auf Papier, aber bald begann er, W\u00e4nde an verlassenen Orten zu bemalen. Im Laufe der Jahre hat Hugo einen einzigartigen Stil [&hellip;]<\/p>\n","protected":false},"author":46,"featured_media":0,"parent":319,"menu_order":580,"comment_status":"closed","ping_status":"closed","template":"template-default-2.php","meta":{"footnotes":""},"class_list":["post-394","page","type-page","status-publish","hentry"],"yoast_head":"<!-- This site is optimized with the Yoast SEO plugin v26.9 - https:\/\/yoast.com\/product\/yoast-seo-wordpress\/ -->\n<title>W2CJ Graff - H\u00f4tel Napol\u00e9on Bastia<\/title>\n<meta name=\"description\" content=\"W2CJ, mit seinem richtigen Namen Hugo Mei, ist ein Graffiti-K\u00fcnstler aus Bastia. Er begann sich f\u00fcr Graffiti zu interessieren, als er 14 Jahre alt war und\" \/>\n<meta name=\"robots\" content=\"index, follow, max-snippet:-1, max-image-preview:large, max-video-preview:-1\" \/>\n<link rel=\"canonical\" href=\"https:\/\/www.hotel-napoleon-bastia.fr\/de\/unsere-vorschlaege\/w2cj-graff\/\" \/>\n<meta property=\"og:locale\" content=\"de_DE\" \/>\n<meta property=\"og:type\" content=\"article\" \/>\n<meta property=\"og:title\" content=\"W2CJ Graff - H\u00f4tel Napol\u00e9on Bastia\" \/>\n<meta property=\"og:description\" content=\"W2CJ, mit seinem richtigen Namen Hugo Mei, ist ein Graffiti-K\u00fcnstler aus Bastia. Er begann sich f\u00fcr Graffiti zu interessieren, als er 14 Jahre alt war und\" \/>\n<meta property=\"og:url\" content=\"https:\/\/www.hotel-napoleon-bastia.fr\/de\/unsere-vorschlaege\/w2cj-graff\/\" \/>\n<meta property=\"og:site_name\" content=\"H\u00f4tel Napol\u00e9on Bastia\" \/>\n<meta property=\"article:modified_time\" content=\"2023-04-26T08:29:19+00:00\" \/>\n<meta name=\"twitter:card\" content=\"summary_large_image\" \/>\n<meta name=\"twitter:label1\" content=\"Gesch\u00e4tzte Lesezeit\" \/>\n\t<meta name=\"twitter:data1\" content=\"1 Minute\" \/>\n<script type=\"application\/ld+json\" class=\"yoast-schema-graph\">{\"@context\":\"https:\/\/schema.org\",\"@graph\":[{\"@type\":\"WebPage\",\"@id\":\"https:\/\/www.hotel-napoleon-bastia.fr\/de\/unsere-vorschlaege\/w2cj-graff\/\",\"url\":\"https:\/\/www.hotel-napoleon-bastia.fr\/de\/unsere-vorschlaege\/w2cj-graff\/\",\"name\":\"W2CJ Graff - H\u00f4tel Napol\u00e9on Bastia\",\"isPartOf\":{\"@id\":\"https:\/\/www.hotel-napoleon-bastia.fr\/de\/#website\"},\"datePublished\":\"2023-03-15T17:03:43+00:00\",\"dateModified\":\"2023-04-26T08:29:19+00:00\",\"description\":\"W2CJ, mit seinem richtigen Namen Hugo Mei, ist ein Graffiti-K\u00fcnstler aus Bastia. Er begann sich f\u00fcr Graffiti zu interessieren, als er 14 Jahre alt war und\",\"breadcrumb\":{\"@id\":\"https:\/\/www.hotel-napoleon-bastia.fr\/de\/unsere-vorschlaege\/w2cj-graff\/#breadcrumb\"},\"inLanguage\":\"de-DE\",\"potentialAction\":[{\"@type\":\"ReadAction\",\"target\":[\"https:\/\/www.hotel-napoleon-bastia.fr\/de\/unsere-vorschlaege\/w2cj-graff\/\"]}]},{\"@type\":\"BreadcrumbList\",\"@id\":\"https:\/\/www.hotel-napoleon-bastia.fr\/de\/unsere-vorschlaege\/w2cj-graff\/#breadcrumb\",\"itemListElement\":[{\"@type\":\"ListItem\",\"position\":1,\"name\":\"Home\",\"item\":\"https:\/\/www.hotel-napoleon-bastia.fr\/de\/\"},{\"@type\":\"ListItem\",\"position\":2,\"name\":\"Unsere Vorschl\u00e4ge\",\"item\":\"https:\/\/www.hotel-napoleon-bastia.fr\/de\/unsere-vorschlaege\/\"},{\"@type\":\"ListItem\",\"position\":3,\"name\":\"W2CJ Graff\"}]},{\"@type\":\"WebSite\",\"@id\":\"https:\/\/www.hotel-napoleon-bastia.fr\/de\/#website\",\"url\":\"https:\/\/www.hotel-napoleon-bastia.fr\/de\/\",\"name\":\"H\u00f4tel Napol\u00e9on Bastia\",\"description\":\"\",\"potentialAction\":[{\"@type\":\"SearchAction\",\"target\":{\"@type\":\"EntryPoint\",\"urlTemplate\":\"https:\/\/www.hotel-napoleon-bastia.fr\/de\/?s={search_term_string}\"},\"query-input\":{\"@type\":\"PropertyValueSpecification\",\"valueRequired\":true,\"valueName\":\"search_term_string\"}}],\"inLanguage\":\"de-DE\"}]}<\/script>\n<!-- \/ Yoast SEO plugin. -->","yoast_head_json":{"title":"W2CJ Graff - H\u00f4tel Napol\u00e9on Bastia","description":"W2CJ, mit seinem richtigen Namen Hugo Mei, ist ein Graffiti-K\u00fcnstler aus Bastia. Er begann sich f\u00fcr Graffiti zu interessieren, als er 14 Jahre alt war und","robots":{"index":"index","follow":"follow","max-snippet":"max-snippet:-1","max-image-preview":"max-image-preview:large","max-video-preview":"max-video-preview:-1"},"canonical":"https:\/\/www.hotel-napoleon-bastia.fr\/de\/unsere-vorschlaege\/w2cj-graff\/","og_locale":"de_DE","og_type":"article","og_title":"W2CJ Graff - H\u00f4tel Napol\u00e9on Bastia","og_description":"W2CJ, mit seinem richtigen Namen Hugo Mei, ist ein Graffiti-K\u00fcnstler aus Bastia. Er begann sich f\u00fcr Graffiti zu interessieren, als er 14 Jahre alt war und","og_url":"https:\/\/www.hotel-napoleon-bastia.fr\/de\/unsere-vorschlaege\/w2cj-graff\/","og_site_name":"H\u00f4tel Napol\u00e9on Bastia","article_modified_time":"2023-04-26T08:29:19+00:00","twitter_card":"summary_large_image","twitter_misc":{"Gesch\u00e4tzte Lesezeit":"1 Minute"},"schema":{"@context":"https:\/\/schema.org","@graph":[{"@type":"WebPage","@id":"https:\/\/www.hotel-napoleon-bastia.fr\/de\/unsere-vorschlaege\/w2cj-graff\/","url":"https:\/\/www.hotel-napoleon-bastia.fr\/de\/unsere-vorschlaege\/w2cj-graff\/","name":"W2CJ Graff - H\u00f4tel Napol\u00e9on Bastia","isPartOf":{"@id":"https:\/\/www.hotel-napoleon-bastia.fr\/de\/#website"},"datePublished":"2023-03-15T17:03:43+00:00","dateModified":"2023-04-26T08:29:19+00:00","description":"W2CJ, mit seinem richtigen Namen Hugo Mei, ist ein Graffiti-K\u00fcnstler aus Bastia. Er begann sich f\u00fcr Graffiti zu interessieren, als er 14 Jahre alt war und","breadcrumb":{"@id":"https:\/\/www.hotel-napoleon-bastia.fr\/de\/unsere-vorschlaege\/w2cj-graff\/#breadcrumb"},"inLanguage":"de-DE","potentialAction":[{"@type":"ReadAction","target":["https:\/\/www.hotel-napoleon-bastia.fr\/de\/unsere-vorschlaege\/w2cj-graff\/"]}]},{"@type":"BreadcrumbList","@id":"https:\/\/www.hotel-napoleon-bastia.fr\/de\/unsere-vorschlaege\/w2cj-graff\/#breadcrumb","itemListElement":[{"@type":"ListItem","position":1,"name":"Home","item":"https:\/\/www.hotel-napoleon-bastia.fr\/de\/"},{"@type":"ListItem","position":2,"name":"Unsere Vorschl\u00e4ge","item":"https:\/\/www.hotel-napoleon-bastia.fr\/de\/unsere-vorschlaege\/"},{"@type":"ListItem","position":3,"name":"W2CJ Graff"}]},{"@type":"WebSite","@id":"https:\/\/www.hotel-napoleon-bastia.fr\/de\/#website","url":"https:\/\/www.hotel-napoleon-bastia.fr\/de\/","name":"H\u00f4tel Napol\u00e9on Bastia","description":"","potentialAction":[{"@type":"SearchAction","target":{"@type":"EntryPoint","urlTemplate":"https:\/\/www.hotel-napoleon-bastia.fr\/de\/?s={search_term_string}"},"query-input":{"@type":"PropertyValueSpecification","valueRequired":true,"valueName":"search_term_string"}}],"inLanguage":"de-DE"}]}},"acf":[],"_links":{"self":[{"href":"https:\/\/www.hotel-napoleon-bastia.fr\/de\/wp-json\/wp\/v2\/pages\/394","targetHints":{"allow":["GET"]}}],"collection":[{"href":"https:\/\/www.hotel-napoleon-bastia.fr\/de\/wp-json\/wp\/v2\/pages"}],"about":[{"href":"https:\/\/www.hotel-napoleon-bastia.fr\/de\/wp-json\/wp\/v2\/types\/page"}],"author":[{"embeddable":true,"href":"https:\/\/www.hotel-napoleon-bastia.fr\/de\/wp-json\/wp\/v2\/users\/46"}],"replies":[{"embeddable":true,"href":"https:\/\/www.hotel-napoleon-bastia.fr\/de\/wp-json\/wp\/v2\/comments?post=394"}],"version-history":[{"count":0,"href":"https:\/\/www.hotel-napoleon-bastia.fr\/de\/wp-json\/wp\/v2\/pages\/394\/revisions"}],"up":[{"embeddable":true,"href":"https:\/\/www.hotel-napoleon-bastia.fr\/de\/wp-json\/wp\/v2\/pages\/319"}],"wp:attachment":[{"href":"https:\/\/www.hotel-napoleon-bastia.fr\/de\/wp-json\/wp\/v2\/media?parent=394"}],"curies":[{"name":"wp","href":"https:\/\/api.w.org\/{rel}","templated":true}]}}