{"id":150,"date":"2023-01-25T15:04:42","date_gmt":"2023-01-25T15:04:42","guid":{"rendered":"https:\/\/bastia.ms.decms.eu\/sample-page\/"},"modified":"2026-03-29T15:59:47","modified_gmt":"2026-03-29T15:59:47","slug":"sample-page","status":"publish","type":"page","link":"https:\/\/www.hotel-napoleon-bastia.fr\/en\/","title":{"rendered":"H\u00f4tel Napol\u00e9on"},"content":{"rendered":"<p>Discover the <strong>H\u00f4tel Napol\u00e9on<\/strong>, a 2-star establishment ideally located in the <strong>city center of Bastia<\/strong>, a few steps from the famous Place Saint-Nicolas. Our family hotel offers <strong>12 comfortable<\/strong> <strong>rooms<\/strong> and a <strong>charming Junior Suite<\/strong>, combining Corsican tradition and modern comfort.<\/p>\n<p><strong>Why choose the H\u00f4tel Napol\u00e9on for your stay in Bastia?<\/strong><\/p>\n<p>\u2022 <strong>Strategic location<\/strong>: In the heart of Bastia, enjoy the treasures of the city on foot.<br \/>\n\u2022 <strong>Comfortable rooms<\/strong>: Air conditioning, high-end bedding and impeccable cleanliness.<br \/>\n\u2022<strong> Personalized welcome<\/strong>: Our local team welcomes you 24 hours a day and advises you on the best activities in Bastia.<br \/>\n\u2022 \u200b\u200b<strong>Great\u00a0rates<\/strong>: Book directly on our site to benefit from a discount of up to 10%. Best price guaranteed.<br \/>\n\u2022<strong> Maximum flexibility<\/strong>: Organize your stay at your convenience with deferred payment.<br \/>\n\u2022 <strong>Secure parking<\/strong>: Public payd parking 150 meters away, closed at night.<\/p>\n<p><strong>An authentic Bastia experience<\/strong><\/p>\n<p>Let yourself be seduced by the charm of Bastia and Corsica. From the H\u00f4tel Napol\u00e9on, explore:<br \/>\n\u2022 The old town and its picturesque streets<br \/>\n\u2022 The Old Port and its typical restaurants<br \/>\n\u2022 The Genoese Citadel and its exceptional panorama and l&#8217;Aldilonda, its balcony promenade above the sea.<br \/>\n\u2022 The fine sandy beaches nearby<\/p>\n<p><strong>Recognized by tourist guides<\/strong><br \/>\nThe <strong>H\u00f4tel Napol\u00e9on<\/strong> is proud to be recommended by prestigious guides such as the <strong>Guide du Routard<\/strong> and the <strong>Michelin Green Guide<\/strong>, a guarantee of the quality of our welcome and our services.<\/p>\n<p><strong>Book your stay in Bastia<\/strong><br \/>\nChoose the <strong>H\u00f4tel Napol\u00e9on<\/strong> for an authentic experience in the heart of Bastia. Book directly on our site to take advantage of the best offers and live an unforgettable stay in Corsica<\/p>\n","protected":false},"excerpt":{"rendered":"<p>Discover the H\u00f4tel Napol\u00e9on, a 2-star establishment ideally located in the city center of Bastia, a few steps from the famous Place Saint-Nicolas. Our family hotel offers 12 comfortable rooms and a charming Junior Suite, combining Corsican tradition and modern comfort. Why choose the H\u00f4tel Napol\u00e9on for your stay in Bastia? \u2022 Strategic location: In [&hellip;]<\/p>\n","protected":false},"author":46,"featured_media":0,"parent":0,"menu_order":10,"comment_status":"closed","ping_status":"closed","template":"","meta":{"footnotes":""},"class_list":["post-150","page","type-page","status-publish","hentry"],"yoast_head":"<!-- This site is optimized with the Yoast SEO plugin v26.9 - https:\/\/yoast.com\/product\/yoast-seo-wordpress\/ -->\n<title>H\u00f4tel Napol\u00e9on - H\u00f4tel Napol\u00e9on Bastia<\/title>\n<meta name=\"description\" content=\"Discover the H\u00f4tel Napol\u00e9on, a 2-star establishment ideally located in the city center of Bastia, a few steps from the famous Place Saint-Nicolas. Our\" \/>\n<meta name=\"robots\" content=\"index, follow, max-snippet:-1, max-image-preview:large, max-video-preview:-1\" \/>\n<link rel=\"canonical\" href=\"https:\/\/www.hotel-napoleon-bastia.fr\/en\/\" \/>\n<meta property=\"og:locale\" content=\"en_US\" \/>\n<meta property=\"og:type\" content=\"article\" \/>\n<meta property=\"og:title\" content=\"H\u00f4tel Napol\u00e9on - H\u00f4tel Napol\u00e9on Bastia\" \/>\n<meta property=\"og:description\" content=\"Discover the H\u00f4tel Napol\u00e9on, a 2-star establishment ideally located in the city center of Bastia, a few steps from the famous Place Saint-Nicolas. Our\" \/>\n<meta property=\"og:url\" content=\"https:\/\/www.hotel-napoleon-bastia.fr\/en\/\" \/>\n<meta property=\"og:site_name\" content=\"H\u00f4tel Napol\u00e9on Bastia\" \/>\n<meta property=\"article:modified_time\" content=\"2026-03-29T15:59:47+00:00\" \/>\n<meta name=\"twitter:card\" content=\"summary_large_image\" \/>\n<meta name=\"twitter:label1\" content=\"Est. reading time\" \/>\n\t<meta name=\"twitter:data1\" content=\"2 minutes\" \/>\n<script type=\"application\/ld+json\" class=\"yoast-schema-graph\">{\"@context\":\"https:\/\/schema.org\",\"@graph\":[{\"@type\":\"WebPage\",\"@id\":\"https:\/\/www.hotel-napoleon-bastia.fr\/en\/\",\"url\":\"https:\/\/www.hotel-napoleon-bastia.fr\/en\/\",\"name\":\"H\u00f4tel Napol\u00e9on - H\u00f4tel Napol\u00e9on Bastia\",\"isPartOf\":{\"@id\":\"https:\/\/www.hotel-napoleon-bastia.fr\/en\/#website\"},\"datePublished\":\"2023-01-25T15:04:42+00:00\",\"dateModified\":\"2026-03-29T15:59:47+00:00\",\"description\":\"Discover the H\u00f4tel Napol\u00e9on, a 2-star establishment ideally located in the city center of Bastia, a few steps from the famous Place Saint-Nicolas. Our\",\"breadcrumb\":{\"@id\":\"https:\/\/www.hotel-napoleon-bastia.fr\/en\/#breadcrumb\"},\"inLanguage\":\"en-US\",\"potentialAction\":[{\"@type\":\"ReadAction\",\"target\":[\"https:\/\/www.hotel-napoleon-bastia.fr\/en\/\"]}]},{\"@type\":\"BreadcrumbList\",\"@id\":\"https:\/\/www.hotel-napoleon-bastia.fr\/en\/#breadcrumb\",\"itemListElement\":[{\"@type\":\"ListItem\",\"position\":1,\"name\":\"Home\",\"item\":\"https:\/\/www.hotel-napoleon-bastia.fr\/en\/\"},{\"@type\":\"ListItem\",\"position\":2,\"name\":\"H\u00f4tel Napol\u00e9on\"}]},{\"@type\":\"WebSite\",\"@id\":\"https:\/\/www.hotel-napoleon-bastia.fr\/en\/#website\",\"url\":\"https:\/\/www.hotel-napoleon-bastia.fr\/en\/\",\"name\":\"H\u00f4tel Napol\u00e9on Bastia\",\"description\":\"\",\"potentialAction\":[{\"@type\":\"SearchAction\",\"target\":{\"@type\":\"EntryPoint\",\"urlTemplate\":\"https:\/\/www.hotel-napoleon-bastia.fr\/en\/?s={search_term_string}\"},\"query-input\":{\"@type\":\"PropertyValueSpecification\",\"valueRequired\":true,\"valueName\":\"search_term_string\"}}],\"inLanguage\":\"en-US\"}]}<\/script>\n<!-- \/ Yoast SEO plugin. -->","yoast_head_json":{"title":"H\u00f4tel Napol\u00e9on - H\u00f4tel Napol\u00e9on Bastia","description":"Discover the H\u00f4tel Napol\u00e9on, a 2-star establishment ideally located in the city center of Bastia, a few steps from the famous Place Saint-Nicolas. Our","robots":{"index":"index","follow":"follow","max-snippet":"max-snippet:-1","max-image-preview":"max-image-preview:large","max-video-preview":"max-video-preview:-1"},"canonical":"https:\/\/www.hotel-napoleon-bastia.fr\/en\/","og_locale":"en_US","og_type":"article","og_title":"H\u00f4tel Napol\u00e9on - H\u00f4tel Napol\u00e9on Bastia","og_description":"Discover the H\u00f4tel Napol\u00e9on, a 2-star establishment ideally located in the city center of Bastia, a few steps from the famous Place Saint-Nicolas. Our","og_url":"https:\/\/www.hotel-napoleon-bastia.fr\/en\/","og_site_name":"H\u00f4tel Napol\u00e9on Bastia","article_modified_time":"2026-03-29T15:59:47+00:00","twitter_card":"summary_large_image","twitter_misc":{"Est. reading time":"2 minutes"},"schema":{"@context":"https:\/\/schema.org","@graph":[{"@type":"WebPage","@id":"https:\/\/www.hotel-napoleon-bastia.fr\/en\/","url":"https:\/\/www.hotel-napoleon-bastia.fr\/en\/","name":"H\u00f4tel Napol\u00e9on - H\u00f4tel Napol\u00e9on Bastia","isPartOf":{"@id":"https:\/\/www.hotel-napoleon-bastia.fr\/en\/#website"},"datePublished":"2023-01-25T15:04:42+00:00","dateModified":"2026-03-29T15:59:47+00:00","description":"Discover the H\u00f4tel Napol\u00e9on, a 2-star establishment ideally located in the city center of Bastia, a few steps from the famous Place Saint-Nicolas. Our","breadcrumb":{"@id":"https:\/\/www.hotel-napoleon-bastia.fr\/en\/#breadcrumb"},"inLanguage":"en-US","potentialAction":[{"@type":"ReadAction","target":["https:\/\/www.hotel-napoleon-bastia.fr\/en\/"]}]},{"@type":"BreadcrumbList","@id":"https:\/\/www.hotel-napoleon-bastia.fr\/en\/#breadcrumb","itemListElement":[{"@type":"ListItem","position":1,"name":"Home","item":"https:\/\/www.hotel-napoleon-bastia.fr\/en\/"},{"@type":"ListItem","position":2,"name":"H\u00f4tel Napol\u00e9on"}]},{"@type":"WebSite","@id":"https:\/\/www.hotel-napoleon-bastia.fr\/en\/#website","url":"https:\/\/www.hotel-napoleon-bastia.fr\/en\/","name":"H\u00f4tel Napol\u00e9on Bastia","description":"","potentialAction":[{"@type":"SearchAction","target":{"@type":"EntryPoint","urlTemplate":"https:\/\/www.hotel-napoleon-bastia.fr\/en\/?s={search_term_string}"},"query-input":{"@type":"PropertyValueSpecification","valueRequired":true,"valueName":"search_term_string"}}],"inLanguage":"en-US"}]}},"acf":[],"_links":{"self":[{"href":"https:\/\/www.hotel-napoleon-bastia.fr\/en\/wp-json\/wp\/v2\/pages\/150","targetHints":{"allow":["GET"]}}],"collection":[{"href":"https:\/\/www.hotel-napoleon-bastia.fr\/en\/wp-json\/wp\/v2\/pages"}],"about":[{"href":"https:\/\/www.hotel-napoleon-bastia.fr\/en\/wp-json\/wp\/v2\/types\/page"}],"author":[{"embeddable":true,"href":"https:\/\/www.hotel-napoleon-bastia.fr\/en\/wp-json\/wp\/v2\/users\/46"}],"replies":[{"embeddable":true,"href":"https:\/\/www.hotel-napoleon-bastia.fr\/en\/wp-json\/wp\/v2\/comments?post=150"}],"version-history":[{"count":0,"href":"https:\/\/www.hotel-napoleon-bastia.fr\/en\/wp-json\/wp\/v2\/pages\/150\/revisions"}],"wp:attachment":[{"href":"https:\/\/www.hotel-napoleon-bastia.fr\/en\/wp-json\/wp\/v2\/media?parent=150"}],"curies":[{"name":"wp","href":"https:\/\/api.w.org\/{rel}","templated":true}]}}