{"id":153,"date":"2023-01-27T14:09:06","date_gmt":"2023-01-27T14:09:06","guid":{"rendered":"https:\/\/bastia.ms.decms.eu\/chambres-et-suite\/chambre-twin\/"},"modified":"2023-05-02T13:39:51","modified_gmt":"2023-05-02T13:39:51","slug":"twin-room","status":"publish","type":"page","link":"https:\/\/www.hotel-napoleon-bastia.fr\/en\/rooms-and-suite\/twin-room\/","title":{"rendered":"Twin room"},"content":{"rendered":"<p style=\"text-align: center;\">Discover the excellent comfort of our air-conditioned twin room at H\u00f4tel Napol\u00e9on. Our beds with a width of 90 cm provide a restful sleep so you can fully enjoy your stay. Our high-quality bedding is equipped with a 26 cm thick mattress, benefiting from BULTEX nano technology for an unforgettable comfort experience. The enveloping welcome and firm support of our mattresses ensure an optimal night&#8217;s sleep.<\/p>\n","protected":false},"excerpt":{"rendered":"<p>Discover the excellent comfort of our air-conditioned twin room at H\u00f4tel Napol\u00e9on. Our beds with a width of 90 cm provide a restful sleep so you can fully enjoy your stay. Our high-quality bedding is equipped with a 26 cm thick mattress, benefiting from BULTEX nano technology for an unforgettable comfort experience. The enveloping welcome [&hellip;]<\/p>\n","protected":false},"author":46,"featured_media":0,"parent":151,"menu_order":220,"comment_status":"closed","ping_status":"closed","template":"template-single-room.php","meta":{"footnotes":""},"class_list":["post-153","page","type-page","status-publish","hentry"],"yoast_head":"<!-- This site is optimized with the Yoast SEO plugin v26.9 - https:\/\/yoast.com\/product\/yoast-seo-wordpress\/ -->\n<title>Twin room - H\u00f4tel Napol\u00e9on Bastia<\/title>\n<meta name=\"description\" content=\"Discover the excellent comfort of our air-conditioned twin room at H\u00f4tel Napol\u00e9on. Our beds with a width of 90 cm provide a restful sleep so you can fully\" \/>\n<meta name=\"robots\" content=\"index, follow, max-snippet:-1, max-image-preview:large, max-video-preview:-1\" \/>\n<link rel=\"canonical\" href=\"https:\/\/www.hotel-napoleon-bastia.fr\/en\/rooms-and-suite\/twin-room\/\" \/>\n<meta property=\"og:locale\" content=\"en_US\" \/>\n<meta property=\"og:type\" content=\"article\" \/>\n<meta property=\"og:title\" content=\"Twin room - H\u00f4tel Napol\u00e9on Bastia\" \/>\n<meta property=\"og:description\" content=\"Discover the excellent comfort of our air-conditioned twin room at H\u00f4tel Napol\u00e9on. Our beds with a width of 90 cm provide a restful sleep so you can fully\" \/>\n<meta property=\"og:url\" content=\"https:\/\/www.hotel-napoleon-bastia.fr\/en\/rooms-and-suite\/twin-room\/\" \/>\n<meta property=\"og:site_name\" content=\"H\u00f4tel Napol\u00e9on Bastia\" \/>\n<meta property=\"article:modified_time\" content=\"2023-05-02T13:39:51+00:00\" \/>\n<meta name=\"twitter:card\" content=\"summary_large_image\" \/>\n<meta name=\"twitter:label1\" content=\"Est. reading time\" \/>\n\t<meta name=\"twitter:data1\" content=\"1 minute\" \/>\n<script type=\"application\/ld+json\" class=\"yoast-schema-graph\">{\"@context\":\"https:\/\/schema.org\",\"@graph\":[{\"@type\":\"WebPage\",\"@id\":\"https:\/\/www.hotel-napoleon-bastia.fr\/en\/rooms-and-suite\/twin-room\/\",\"url\":\"https:\/\/www.hotel-napoleon-bastia.fr\/en\/rooms-and-suite\/twin-room\/\",\"name\":\"Twin room - H\u00f4tel Napol\u00e9on Bastia\",\"isPartOf\":{\"@id\":\"https:\/\/www.hotel-napoleon-bastia.fr\/en\/#website\"},\"datePublished\":\"2023-01-27T14:09:06+00:00\",\"dateModified\":\"2023-05-02T13:39:51+00:00\",\"description\":\"Discover the excellent comfort of our air-conditioned twin room at H\u00f4tel Napol\u00e9on. Our beds with a width of 90 cm provide a restful sleep so you can fully\",\"breadcrumb\":{\"@id\":\"https:\/\/www.hotel-napoleon-bastia.fr\/en\/rooms-and-suite\/twin-room\/#breadcrumb\"},\"inLanguage\":\"en-US\",\"potentialAction\":[{\"@type\":\"ReadAction\",\"target\":[\"https:\/\/www.hotel-napoleon-bastia.fr\/en\/rooms-and-suite\/twin-room\/\"]}]},{\"@type\":\"BreadcrumbList\",\"@id\":\"https:\/\/www.hotel-napoleon-bastia.fr\/en\/rooms-and-suite\/twin-room\/#breadcrumb\",\"itemListElement\":[{\"@type\":\"ListItem\",\"position\":1,\"name\":\"Home\",\"item\":\"https:\/\/www.hotel-napoleon-bastia.fr\/en\/\"},{\"@type\":\"ListItem\",\"position\":2,\"name\":\"Rooms and suite\",\"item\":\"https:\/\/www.hotel-napoleon-bastia.fr\/en\/rooms-and-suite\/\"},{\"@type\":\"ListItem\",\"position\":3,\"name\":\"Twin room\"}]},{\"@type\":\"WebSite\",\"@id\":\"https:\/\/www.hotel-napoleon-bastia.fr\/en\/#website\",\"url\":\"https:\/\/www.hotel-napoleon-bastia.fr\/en\/\",\"name\":\"H\u00f4tel Napol\u00e9on Bastia\",\"description\":\"\",\"potentialAction\":[{\"@type\":\"SearchAction\",\"target\":{\"@type\":\"EntryPoint\",\"urlTemplate\":\"https:\/\/www.hotel-napoleon-bastia.fr\/en\/?s={search_term_string}\"},\"query-input\":{\"@type\":\"PropertyValueSpecification\",\"valueRequired\":true,\"valueName\":\"search_term_string\"}}],\"inLanguage\":\"en-US\"}]}<\/script>\n<!-- \/ Yoast SEO plugin. -->","yoast_head_json":{"title":"Twin room - H\u00f4tel Napol\u00e9on Bastia","description":"Discover the excellent comfort of our air-conditioned twin room at H\u00f4tel Napol\u00e9on. Our beds with a width of 90 cm provide a restful sleep so you can fully","robots":{"index":"index","follow":"follow","max-snippet":"max-snippet:-1","max-image-preview":"max-image-preview:large","max-video-preview":"max-video-preview:-1"},"canonical":"https:\/\/www.hotel-napoleon-bastia.fr\/en\/rooms-and-suite\/twin-room\/","og_locale":"en_US","og_type":"article","og_title":"Twin room - H\u00f4tel Napol\u00e9on Bastia","og_description":"Discover the excellent comfort of our air-conditioned twin room at H\u00f4tel Napol\u00e9on. Our beds with a width of 90 cm provide a restful sleep so you can fully","og_url":"https:\/\/www.hotel-napoleon-bastia.fr\/en\/rooms-and-suite\/twin-room\/","og_site_name":"H\u00f4tel Napol\u00e9on Bastia","article_modified_time":"2023-05-02T13:39:51+00:00","twitter_card":"summary_large_image","twitter_misc":{"Est. reading time":"1 minute"},"schema":{"@context":"https:\/\/schema.org","@graph":[{"@type":"WebPage","@id":"https:\/\/www.hotel-napoleon-bastia.fr\/en\/rooms-and-suite\/twin-room\/","url":"https:\/\/www.hotel-napoleon-bastia.fr\/en\/rooms-and-suite\/twin-room\/","name":"Twin room - H\u00f4tel Napol\u00e9on Bastia","isPartOf":{"@id":"https:\/\/www.hotel-napoleon-bastia.fr\/en\/#website"},"datePublished":"2023-01-27T14:09:06+00:00","dateModified":"2023-05-02T13:39:51+00:00","description":"Discover the excellent comfort of our air-conditioned twin room at H\u00f4tel Napol\u00e9on. Our beds with a width of 90 cm provide a restful sleep so you can fully","breadcrumb":{"@id":"https:\/\/www.hotel-napoleon-bastia.fr\/en\/rooms-and-suite\/twin-room\/#breadcrumb"},"inLanguage":"en-US","potentialAction":[{"@type":"ReadAction","target":["https:\/\/www.hotel-napoleon-bastia.fr\/en\/rooms-and-suite\/twin-room\/"]}]},{"@type":"BreadcrumbList","@id":"https:\/\/www.hotel-napoleon-bastia.fr\/en\/rooms-and-suite\/twin-room\/#breadcrumb","itemListElement":[{"@type":"ListItem","position":1,"name":"Home","item":"https:\/\/www.hotel-napoleon-bastia.fr\/en\/"},{"@type":"ListItem","position":2,"name":"Rooms and suite","item":"https:\/\/www.hotel-napoleon-bastia.fr\/en\/rooms-and-suite\/"},{"@type":"ListItem","position":3,"name":"Twin room"}]},{"@type":"WebSite","@id":"https:\/\/www.hotel-napoleon-bastia.fr\/en\/#website","url":"https:\/\/www.hotel-napoleon-bastia.fr\/en\/","name":"H\u00f4tel Napol\u00e9on Bastia","description":"","potentialAction":[{"@type":"SearchAction","target":{"@type":"EntryPoint","urlTemplate":"https:\/\/www.hotel-napoleon-bastia.fr\/en\/?s={search_term_string}"},"query-input":{"@type":"PropertyValueSpecification","valueRequired":true,"valueName":"search_term_string"}}],"inLanguage":"en-US"}]}},"acf":[],"_links":{"self":[{"href":"https:\/\/www.hotel-napoleon-bastia.fr\/en\/wp-json\/wp\/v2\/pages\/153","targetHints":{"allow":["GET"]}}],"collection":[{"href":"https:\/\/www.hotel-napoleon-bastia.fr\/en\/wp-json\/wp\/v2\/pages"}],"about":[{"href":"https:\/\/www.hotel-napoleon-bastia.fr\/en\/wp-json\/wp\/v2\/types\/page"}],"author":[{"embeddable":true,"href":"https:\/\/www.hotel-napoleon-bastia.fr\/en\/wp-json\/wp\/v2\/users\/46"}],"replies":[{"embeddable":true,"href":"https:\/\/www.hotel-napoleon-bastia.fr\/en\/wp-json\/wp\/v2\/comments?post=153"}],"version-history":[{"count":0,"href":"https:\/\/www.hotel-napoleon-bastia.fr\/en\/wp-json\/wp\/v2\/pages\/153\/revisions"}],"up":[{"embeddable":true,"href":"https:\/\/www.hotel-napoleon-bastia.fr\/en\/wp-json\/wp\/v2\/pages\/151"}],"wp:attachment":[{"href":"https:\/\/www.hotel-napoleon-bastia.fr\/en\/wp-json\/wp\/v2\/media?parent=153"}],"curies":[{"name":"wp","href":"https:\/\/api.w.org\/{rel}","templated":true}]}}