{"id":155,"date":"2023-01-27T14:10:19","date_gmt":"2023-01-27T14:10:19","guid":{"rendered":"https:\/\/bastia.ms.decms.eu\/chambres-et-suite\/suite-junior\/"},"modified":"2023-05-02T13:40:16","modified_gmt":"2023-05-02T13:40:16","slug":"junior-suite","status":"publish","type":"page","link":"https:\/\/www.hotel-napoleon-bastia.fr\/en\/rooms-and-suite\/junior-suite\/","title":{"rendered":"Junior suite"},"content":{"rendered":"<p style=\"text-align: center;\">Discover the absolute comfort of our junior suite at H\u00f4tel Napol\u00e9on. This air-conditioned room is equipped with a cozy 160&#215;200 cm bed and a sitting area to offer you an unforgettable stay. Enjoy our high-quality bedding with a 28 cm thick mattress and 3 comfort zones for perfectly adapted support to your morphology. Let yourself be enveloped by the soft welcome of the bedding while enjoying firm support for a restful sleep. With a convertible sofa, this suite can accommodate up to 4 people upon request and for an additional fee. Book now for a peaceful and comfortable stay!<\/p>\n","protected":false},"excerpt":{"rendered":"<p>Discover the absolute comfort of our junior suite at H\u00f4tel Napol\u00e9on. This air-conditioned room is equipped with a cozy 160&#215;200 cm bed and a sitting area to offer you an unforgettable stay. Enjoy our high-quality bedding with a 28 cm thick mattress and 3 comfort zones for perfectly adapted support to your morphology. Let yourself [&hellip;]<\/p>\n","protected":false},"author":46,"featured_media":0,"parent":151,"menu_order":240,"comment_status":"closed","ping_status":"closed","template":"template-single-room.php","meta":{"footnotes":""},"class_list":["post-155","page","type-page","status-publish","hentry"],"yoast_head":"<!-- This site is optimized with the Yoast SEO plugin v26.9 - https:\/\/yoast.com\/product\/yoast-seo-wordpress\/ -->\n<title>Junior suite - H\u00f4tel Napol\u00e9on Bastia<\/title>\n<meta name=\"description\" content=\"Discover the absolute comfort of our junior suite at H\u00f4tel Napol\u00e9on. This air-conditioned room is equipped with a cozy 160x200 cm bed and a sitting area\" \/>\n<meta name=\"robots\" content=\"index, follow, max-snippet:-1, max-image-preview:large, max-video-preview:-1\" \/>\n<link rel=\"canonical\" href=\"https:\/\/www.hotel-napoleon-bastia.fr\/en\/rooms-and-suite\/junior-suite\/\" \/>\n<meta property=\"og:locale\" content=\"en_US\" \/>\n<meta property=\"og:type\" content=\"article\" \/>\n<meta property=\"og:title\" content=\"Junior suite - H\u00f4tel Napol\u00e9on Bastia\" \/>\n<meta property=\"og:description\" content=\"Discover the absolute comfort of our junior suite at H\u00f4tel Napol\u00e9on. This air-conditioned room is equipped with a cozy 160x200 cm bed and a sitting area\" \/>\n<meta property=\"og:url\" content=\"https:\/\/www.hotel-napoleon-bastia.fr\/en\/rooms-and-suite\/junior-suite\/\" \/>\n<meta property=\"og:site_name\" content=\"H\u00f4tel Napol\u00e9on Bastia\" \/>\n<meta property=\"article:modified_time\" content=\"2023-05-02T13:40:16+00:00\" \/>\n<meta name=\"twitter:card\" content=\"summary_large_image\" \/>\n<meta name=\"twitter:label1\" content=\"Est. reading time\" \/>\n\t<meta name=\"twitter:data1\" content=\"1 minute\" \/>\n<script type=\"application\/ld+json\" class=\"yoast-schema-graph\">{\"@context\":\"https:\/\/schema.org\",\"@graph\":[{\"@type\":\"WebPage\",\"@id\":\"https:\/\/www.hotel-napoleon-bastia.fr\/en\/rooms-and-suite\/junior-suite\/\",\"url\":\"https:\/\/www.hotel-napoleon-bastia.fr\/en\/rooms-and-suite\/junior-suite\/\",\"name\":\"Junior suite - H\u00f4tel Napol\u00e9on Bastia\",\"isPartOf\":{\"@id\":\"https:\/\/www.hotel-napoleon-bastia.fr\/en\/#website\"},\"datePublished\":\"2023-01-27T14:10:19+00:00\",\"dateModified\":\"2023-05-02T13:40:16+00:00\",\"description\":\"Discover the absolute comfort of our junior suite at H\u00f4tel Napol\u00e9on. This air-conditioned room is equipped with a cozy 160x200 cm bed and a sitting area\",\"breadcrumb\":{\"@id\":\"https:\/\/www.hotel-napoleon-bastia.fr\/en\/rooms-and-suite\/junior-suite\/#breadcrumb\"},\"inLanguage\":\"en-US\",\"potentialAction\":[{\"@type\":\"ReadAction\",\"target\":[\"https:\/\/www.hotel-napoleon-bastia.fr\/en\/rooms-and-suite\/junior-suite\/\"]}]},{\"@type\":\"BreadcrumbList\",\"@id\":\"https:\/\/www.hotel-napoleon-bastia.fr\/en\/rooms-and-suite\/junior-suite\/#breadcrumb\",\"itemListElement\":[{\"@type\":\"ListItem\",\"position\":1,\"name\":\"Home\",\"item\":\"https:\/\/www.hotel-napoleon-bastia.fr\/en\/\"},{\"@type\":\"ListItem\",\"position\":2,\"name\":\"Rooms and suite\",\"item\":\"https:\/\/www.hotel-napoleon-bastia.fr\/en\/rooms-and-suite\/\"},{\"@type\":\"ListItem\",\"position\":3,\"name\":\"Junior suite\"}]},{\"@type\":\"WebSite\",\"@id\":\"https:\/\/www.hotel-napoleon-bastia.fr\/en\/#website\",\"url\":\"https:\/\/www.hotel-napoleon-bastia.fr\/en\/\",\"name\":\"H\u00f4tel Napol\u00e9on Bastia\",\"description\":\"\",\"potentialAction\":[{\"@type\":\"SearchAction\",\"target\":{\"@type\":\"EntryPoint\",\"urlTemplate\":\"https:\/\/www.hotel-napoleon-bastia.fr\/en\/?s={search_term_string}\"},\"query-input\":{\"@type\":\"PropertyValueSpecification\",\"valueRequired\":true,\"valueName\":\"search_term_string\"}}],\"inLanguage\":\"en-US\"}]}<\/script>\n<!-- \/ Yoast SEO plugin. -->","yoast_head_json":{"title":"Junior suite - H\u00f4tel Napol\u00e9on Bastia","description":"Discover the absolute comfort of our junior suite at H\u00f4tel Napol\u00e9on. This air-conditioned room is equipped with a cozy 160x200 cm bed and a sitting area","robots":{"index":"index","follow":"follow","max-snippet":"max-snippet:-1","max-image-preview":"max-image-preview:large","max-video-preview":"max-video-preview:-1"},"canonical":"https:\/\/www.hotel-napoleon-bastia.fr\/en\/rooms-and-suite\/junior-suite\/","og_locale":"en_US","og_type":"article","og_title":"Junior suite - H\u00f4tel Napol\u00e9on Bastia","og_description":"Discover the absolute comfort of our junior suite at H\u00f4tel Napol\u00e9on. This air-conditioned room is equipped with a cozy 160x200 cm bed and a sitting area","og_url":"https:\/\/www.hotel-napoleon-bastia.fr\/en\/rooms-and-suite\/junior-suite\/","og_site_name":"H\u00f4tel Napol\u00e9on Bastia","article_modified_time":"2023-05-02T13:40:16+00:00","twitter_card":"summary_large_image","twitter_misc":{"Est. reading time":"1 minute"},"schema":{"@context":"https:\/\/schema.org","@graph":[{"@type":"WebPage","@id":"https:\/\/www.hotel-napoleon-bastia.fr\/en\/rooms-and-suite\/junior-suite\/","url":"https:\/\/www.hotel-napoleon-bastia.fr\/en\/rooms-and-suite\/junior-suite\/","name":"Junior suite - H\u00f4tel Napol\u00e9on Bastia","isPartOf":{"@id":"https:\/\/www.hotel-napoleon-bastia.fr\/en\/#website"},"datePublished":"2023-01-27T14:10:19+00:00","dateModified":"2023-05-02T13:40:16+00:00","description":"Discover the absolute comfort of our junior suite at H\u00f4tel Napol\u00e9on. This air-conditioned room is equipped with a cozy 160x200 cm bed and a sitting area","breadcrumb":{"@id":"https:\/\/www.hotel-napoleon-bastia.fr\/en\/rooms-and-suite\/junior-suite\/#breadcrumb"},"inLanguage":"en-US","potentialAction":[{"@type":"ReadAction","target":["https:\/\/www.hotel-napoleon-bastia.fr\/en\/rooms-and-suite\/junior-suite\/"]}]},{"@type":"BreadcrumbList","@id":"https:\/\/www.hotel-napoleon-bastia.fr\/en\/rooms-and-suite\/junior-suite\/#breadcrumb","itemListElement":[{"@type":"ListItem","position":1,"name":"Home","item":"https:\/\/www.hotel-napoleon-bastia.fr\/en\/"},{"@type":"ListItem","position":2,"name":"Rooms and suite","item":"https:\/\/www.hotel-napoleon-bastia.fr\/en\/rooms-and-suite\/"},{"@type":"ListItem","position":3,"name":"Junior suite"}]},{"@type":"WebSite","@id":"https:\/\/www.hotel-napoleon-bastia.fr\/en\/#website","url":"https:\/\/www.hotel-napoleon-bastia.fr\/en\/","name":"H\u00f4tel Napol\u00e9on Bastia","description":"","potentialAction":[{"@type":"SearchAction","target":{"@type":"EntryPoint","urlTemplate":"https:\/\/www.hotel-napoleon-bastia.fr\/en\/?s={search_term_string}"},"query-input":{"@type":"PropertyValueSpecification","valueRequired":true,"valueName":"search_term_string"}}],"inLanguage":"en-US"}]}},"acf":[],"_links":{"self":[{"href":"https:\/\/www.hotel-napoleon-bastia.fr\/en\/wp-json\/wp\/v2\/pages\/155","targetHints":{"allow":["GET"]}}],"collection":[{"href":"https:\/\/www.hotel-napoleon-bastia.fr\/en\/wp-json\/wp\/v2\/pages"}],"about":[{"href":"https:\/\/www.hotel-napoleon-bastia.fr\/en\/wp-json\/wp\/v2\/types\/page"}],"author":[{"embeddable":true,"href":"https:\/\/www.hotel-napoleon-bastia.fr\/en\/wp-json\/wp\/v2\/users\/46"}],"replies":[{"embeddable":true,"href":"https:\/\/www.hotel-napoleon-bastia.fr\/en\/wp-json\/wp\/v2\/comments?post=155"}],"version-history":[{"count":0,"href":"https:\/\/www.hotel-napoleon-bastia.fr\/en\/wp-json\/wp\/v2\/pages\/155\/revisions"}],"up":[{"embeddable":true,"href":"https:\/\/www.hotel-napoleon-bastia.fr\/en\/wp-json\/wp\/v2\/pages\/151"}],"wp:attachment":[{"href":"https:\/\/www.hotel-napoleon-bastia.fr\/en\/wp-json\/wp\/v2\/media?parent=155"}],"curies":[{"name":"wp","href":"https:\/\/api.w.org\/{rel}","templated":true}]}}