{"id":165,"date":"2023-03-07T15:51:14","date_gmt":"2023-03-07T15:51:14","guid":{"rendered":"https:\/\/bastia.ms.decms.eu\/nos-recommandations\/mattei-concept-store\/"},"modified":"2023-05-10T11:04:22","modified_gmt":"2023-05-10T11:04:22","slug":"mattei-concept-store","status":"publish","type":"page","link":"https:\/\/www.hotel-napoleon-bastia.fr\/en\/our-suggestions\/mattei-concept-store\/","title":{"rendered":"Mattei Concept Store"},"content":{"rendered":"<p>Institution in Bastia since 1872, located 100 meters from the H\u00f4tel Napol\u00e9on in Bastia, this is the only shop in Corsica listed as a Historic Monument. In this warm and faithful preserved place, you will of course find L.N. Mattei products, but also a wide range of wines, spirits, grocery products, and selected objects.<\/p>\n<p><strong>15 boulevard de Gaulle, 20200 Bastia<\/strong><br \/>\n<a href=\"tel:+33 (0)4 95 32 44 38\">+33 (0)4 95 32 44 38<\/a><br \/>\n<a href=\"https:\/\/distilleriemattei.com\/concept-store\/\" target=\"_blank\" rel=\"noopener\">https:\/\/distilleriemattei.com\/concept-store\/<\/a><\/p>\n","protected":false},"excerpt":{"rendered":"<p>Institution in Bastia since 1872, located 100 meters from the H\u00f4tel Napol\u00e9on in Bastia, this is the only shop in Corsica listed as a Historic Monument. In this warm and faithful preserved place, you will of course find L.N. Mattei products, but also a wide range of wines, spirits, grocery products, and selected objects. 15 [&hellip;]<\/p>\n","protected":false},"author":46,"featured_media":0,"parent":161,"menu_order":540,"comment_status":"closed","ping_status":"closed","template":"template-default-2.php","meta":{"footnotes":""},"class_list":["post-165","page","type-page","status-publish","hentry"],"yoast_head":"<!-- This site is optimized with the Yoast SEO plugin v26.9 - https:\/\/yoast.com\/product\/yoast-seo-wordpress\/ -->\n<title>Mattei Concept Store - H\u00f4tel Napol\u00e9on Bastia<\/title>\n<meta name=\"description\" content=\"Institution in Bastia since 1872, located 100 meters from the H\u00f4tel Napol\u00e9on in Bastia, this is the only shop in Corsica listed as a Historic Monument. In\" \/>\n<meta name=\"robots\" content=\"index, follow, max-snippet:-1, max-image-preview:large, max-video-preview:-1\" \/>\n<link rel=\"canonical\" href=\"https:\/\/www.hotel-napoleon-bastia.fr\/en\/our-suggestions\/mattei-concept-store\/\" \/>\n<meta property=\"og:locale\" content=\"en_US\" \/>\n<meta property=\"og:type\" content=\"article\" \/>\n<meta property=\"og:title\" content=\"Mattei Concept Store - H\u00f4tel Napol\u00e9on Bastia\" \/>\n<meta property=\"og:description\" content=\"Institution in Bastia since 1872, located 100 meters from the H\u00f4tel Napol\u00e9on in Bastia, this is the only shop in Corsica listed as a Historic Monument. In\" \/>\n<meta property=\"og:url\" content=\"https:\/\/www.hotel-napoleon-bastia.fr\/en\/our-suggestions\/mattei-concept-store\/\" \/>\n<meta property=\"og:site_name\" content=\"H\u00f4tel Napol\u00e9on Bastia\" \/>\n<meta property=\"article:modified_time\" content=\"2023-05-10T11:04:22+00:00\" \/>\n<meta name=\"twitter:card\" content=\"summary_large_image\" \/>\n<meta name=\"twitter:label1\" content=\"Est. reading time\" \/>\n\t<meta name=\"twitter:data1\" content=\"1 minute\" \/>\n<script type=\"application\/ld+json\" class=\"yoast-schema-graph\">{\"@context\":\"https:\/\/schema.org\",\"@graph\":[{\"@type\":\"WebPage\",\"@id\":\"https:\/\/www.hotel-napoleon-bastia.fr\/en\/our-suggestions\/mattei-concept-store\/\",\"url\":\"https:\/\/www.hotel-napoleon-bastia.fr\/en\/our-suggestions\/mattei-concept-store\/\",\"name\":\"Mattei Concept Store - H\u00f4tel Napol\u00e9on Bastia\",\"isPartOf\":{\"@id\":\"https:\/\/www.hotel-napoleon-bastia.fr\/en\/#website\"},\"datePublished\":\"2023-03-07T15:51:14+00:00\",\"dateModified\":\"2023-05-10T11:04:22+00:00\",\"description\":\"Institution in Bastia since 1872, located 100 meters from the H\u00f4tel Napol\u00e9on in Bastia, this is the only shop in Corsica listed as a Historic Monument. In\",\"breadcrumb\":{\"@id\":\"https:\/\/www.hotel-napoleon-bastia.fr\/en\/our-suggestions\/mattei-concept-store\/#breadcrumb\"},\"inLanguage\":\"en-US\",\"potentialAction\":[{\"@type\":\"ReadAction\",\"target\":[\"https:\/\/www.hotel-napoleon-bastia.fr\/en\/our-suggestions\/mattei-concept-store\/\"]}]},{\"@type\":\"BreadcrumbList\",\"@id\":\"https:\/\/www.hotel-napoleon-bastia.fr\/en\/our-suggestions\/mattei-concept-store\/#breadcrumb\",\"itemListElement\":[{\"@type\":\"ListItem\",\"position\":1,\"name\":\"Home\",\"item\":\"https:\/\/www.hotel-napoleon-bastia.fr\/en\/\"},{\"@type\":\"ListItem\",\"position\":2,\"name\":\"Our suggestions\",\"item\":\"https:\/\/www.hotel-napoleon-bastia.fr\/en\/our-suggestions\/\"},{\"@type\":\"ListItem\",\"position\":3,\"name\":\"Mattei Concept Store\"}]},{\"@type\":\"WebSite\",\"@id\":\"https:\/\/www.hotel-napoleon-bastia.fr\/en\/#website\",\"url\":\"https:\/\/www.hotel-napoleon-bastia.fr\/en\/\",\"name\":\"H\u00f4tel Napol\u00e9on Bastia\",\"description\":\"\",\"potentialAction\":[{\"@type\":\"SearchAction\",\"target\":{\"@type\":\"EntryPoint\",\"urlTemplate\":\"https:\/\/www.hotel-napoleon-bastia.fr\/en\/?s={search_term_string}\"},\"query-input\":{\"@type\":\"PropertyValueSpecification\",\"valueRequired\":true,\"valueName\":\"search_term_string\"}}],\"inLanguage\":\"en-US\"}]}<\/script>\n<!-- \/ Yoast SEO plugin. -->","yoast_head_json":{"title":"Mattei Concept Store - H\u00f4tel Napol\u00e9on Bastia","description":"Institution in Bastia since 1872, located 100 meters from the H\u00f4tel Napol\u00e9on in Bastia, this is the only shop in Corsica listed as a Historic Monument. In","robots":{"index":"index","follow":"follow","max-snippet":"max-snippet:-1","max-image-preview":"max-image-preview:large","max-video-preview":"max-video-preview:-1"},"canonical":"https:\/\/www.hotel-napoleon-bastia.fr\/en\/our-suggestions\/mattei-concept-store\/","og_locale":"en_US","og_type":"article","og_title":"Mattei Concept Store - H\u00f4tel Napol\u00e9on Bastia","og_description":"Institution in Bastia since 1872, located 100 meters from the H\u00f4tel Napol\u00e9on in Bastia, this is the only shop in Corsica listed as a Historic Monument. In","og_url":"https:\/\/www.hotel-napoleon-bastia.fr\/en\/our-suggestions\/mattei-concept-store\/","og_site_name":"H\u00f4tel Napol\u00e9on Bastia","article_modified_time":"2023-05-10T11:04:22+00:00","twitter_card":"summary_large_image","twitter_misc":{"Est. reading time":"1 minute"},"schema":{"@context":"https:\/\/schema.org","@graph":[{"@type":"WebPage","@id":"https:\/\/www.hotel-napoleon-bastia.fr\/en\/our-suggestions\/mattei-concept-store\/","url":"https:\/\/www.hotel-napoleon-bastia.fr\/en\/our-suggestions\/mattei-concept-store\/","name":"Mattei Concept Store - H\u00f4tel Napol\u00e9on Bastia","isPartOf":{"@id":"https:\/\/www.hotel-napoleon-bastia.fr\/en\/#website"},"datePublished":"2023-03-07T15:51:14+00:00","dateModified":"2023-05-10T11:04:22+00:00","description":"Institution in Bastia since 1872, located 100 meters from the H\u00f4tel Napol\u00e9on in Bastia, this is the only shop in Corsica listed as a Historic Monument. In","breadcrumb":{"@id":"https:\/\/www.hotel-napoleon-bastia.fr\/en\/our-suggestions\/mattei-concept-store\/#breadcrumb"},"inLanguage":"en-US","potentialAction":[{"@type":"ReadAction","target":["https:\/\/www.hotel-napoleon-bastia.fr\/en\/our-suggestions\/mattei-concept-store\/"]}]},{"@type":"BreadcrumbList","@id":"https:\/\/www.hotel-napoleon-bastia.fr\/en\/our-suggestions\/mattei-concept-store\/#breadcrumb","itemListElement":[{"@type":"ListItem","position":1,"name":"Home","item":"https:\/\/www.hotel-napoleon-bastia.fr\/en\/"},{"@type":"ListItem","position":2,"name":"Our suggestions","item":"https:\/\/www.hotel-napoleon-bastia.fr\/en\/our-suggestions\/"},{"@type":"ListItem","position":3,"name":"Mattei Concept Store"}]},{"@type":"WebSite","@id":"https:\/\/www.hotel-napoleon-bastia.fr\/en\/#website","url":"https:\/\/www.hotel-napoleon-bastia.fr\/en\/","name":"H\u00f4tel Napol\u00e9on Bastia","description":"","potentialAction":[{"@type":"SearchAction","target":{"@type":"EntryPoint","urlTemplate":"https:\/\/www.hotel-napoleon-bastia.fr\/en\/?s={search_term_string}"},"query-input":{"@type":"PropertyValueSpecification","valueRequired":true,"valueName":"search_term_string"}}],"inLanguage":"en-US"}]}},"acf":[],"_links":{"self":[{"href":"https:\/\/www.hotel-napoleon-bastia.fr\/en\/wp-json\/wp\/v2\/pages\/165","targetHints":{"allow":["GET"]}}],"collection":[{"href":"https:\/\/www.hotel-napoleon-bastia.fr\/en\/wp-json\/wp\/v2\/pages"}],"about":[{"href":"https:\/\/www.hotel-napoleon-bastia.fr\/en\/wp-json\/wp\/v2\/types\/page"}],"author":[{"embeddable":true,"href":"https:\/\/www.hotel-napoleon-bastia.fr\/en\/wp-json\/wp\/v2\/users\/46"}],"replies":[{"embeddable":true,"href":"https:\/\/www.hotel-napoleon-bastia.fr\/en\/wp-json\/wp\/v2\/comments?post=165"}],"version-history":[{"count":0,"href":"https:\/\/www.hotel-napoleon-bastia.fr\/en\/wp-json\/wp\/v2\/pages\/165\/revisions"}],"up":[{"embeddable":true,"href":"https:\/\/www.hotel-napoleon-bastia.fr\/en\/wp-json\/wp\/v2\/pages\/161"}],"wp:attachment":[{"href":"https:\/\/www.hotel-napoleon-bastia.fr\/en\/wp-json\/wp\/v2\/media?parent=165"}],"curies":[{"name":"wp","href":"https:\/\/api.w.org\/{rel}","templated":true}]}}