{"id":170,"date":"2023-01-25T15:45:15","date_gmt":"2023-01-25T15:45:15","guid":{"rendered":"https:\/\/bastia.ms.decms.eu\/localisation\/"},"modified":"2023-05-02T13:43:49","modified_gmt":"2023-05-02T13:43:49","slug":"where-we-are","status":"publish","type":"page","link":"https:\/\/www.hotel-napoleon-bastia.fr\/en\/where-we-are\/","title":{"rendered":"Where we are"},"content":{"rendered":"<p style=\"text-align: center;\">H\u00f4tel Napol\u00e9on, in Bastia, is located 200 metres from the port, the train and bus stations, the airport shuttle and two paid public car parks closed at night, near the train station and another one near Place St-Nicolas. In the evening when shops close, there are (except events) parking spaces in front of or in the immediate vicinity of the hotel. For information, the price of parking meters is degressive, 1 \u20ac the 1st hour and 4 \u20ac for 24 hours.<\/p>\n","protected":false},"excerpt":{"rendered":"<p>H\u00f4tel Napol\u00e9on, in Bastia, is located 200 metres from the port, the train and bus stations, the airport shuttle and two paid public car parks closed at night, near the train station and another one near Place St-Nicolas. In the evening when shops close, there are (except events) parking spaces in front of or in [&hellip;]<\/p>\n","protected":false},"author":46,"featured_media":0,"parent":0,"menu_order":60,"comment_status":"closed","ping_status":"closed","template":"template-location.php","meta":{"footnotes":""},"class_list":["post-170","page","type-page","status-publish","hentry"],"yoast_head":"<!-- This site is optimized with the Yoast SEO plugin v26.9 - https:\/\/yoast.com\/product\/yoast-seo-wordpress\/ -->\n<title>Where we are - H\u00f4tel Napol\u00e9on Bastia<\/title>\n<meta name=\"description\" content=\"H\u00f4tel Napol\u00e9on, in Bastia, is located 200 metres from the port, the train and bus stations, the airport shuttle and two paid public car parks closed at\" \/>\n<meta name=\"robots\" content=\"index, follow, max-snippet:-1, max-image-preview:large, max-video-preview:-1\" \/>\n<link rel=\"canonical\" href=\"https:\/\/www.hotel-napoleon-bastia.fr\/en\/where-we-are\/\" \/>\n<meta property=\"og:locale\" content=\"en_US\" \/>\n<meta property=\"og:type\" content=\"article\" \/>\n<meta property=\"og:title\" content=\"Where we are - H\u00f4tel Napol\u00e9on Bastia\" \/>\n<meta property=\"og:description\" content=\"H\u00f4tel Napol\u00e9on, in Bastia, is located 200 metres from the port, the train and bus stations, the airport shuttle and two paid public car parks closed at\" \/>\n<meta property=\"og:url\" content=\"https:\/\/www.hotel-napoleon-bastia.fr\/en\/where-we-are\/\" \/>\n<meta property=\"og:site_name\" content=\"H\u00f4tel Napol\u00e9on Bastia\" \/>\n<meta property=\"article:modified_time\" content=\"2023-05-02T13:43:49+00:00\" \/>\n<meta name=\"twitter:card\" content=\"summary_large_image\" \/>\n<meta name=\"twitter:label1\" content=\"Est. reading time\" \/>\n\t<meta name=\"twitter:data1\" content=\"1 minute\" \/>\n<script type=\"application\/ld+json\" class=\"yoast-schema-graph\">{\"@context\":\"https:\/\/schema.org\",\"@graph\":[{\"@type\":\"WebPage\",\"@id\":\"https:\/\/www.hotel-napoleon-bastia.fr\/en\/where-we-are\/\",\"url\":\"https:\/\/www.hotel-napoleon-bastia.fr\/en\/where-we-are\/\",\"name\":\"Where we are - H\u00f4tel Napol\u00e9on Bastia\",\"isPartOf\":{\"@id\":\"https:\/\/www.hotel-napoleon-bastia.fr\/en\/#website\"},\"datePublished\":\"2023-01-25T15:45:15+00:00\",\"dateModified\":\"2023-05-02T13:43:49+00:00\",\"description\":\"H\u00f4tel Napol\u00e9on, in Bastia, is located 200 metres from the port, the train and bus stations, the airport shuttle and two paid public car parks closed at\",\"breadcrumb\":{\"@id\":\"https:\/\/www.hotel-napoleon-bastia.fr\/en\/where-we-are\/#breadcrumb\"},\"inLanguage\":\"en-US\",\"potentialAction\":[{\"@type\":\"ReadAction\",\"target\":[\"https:\/\/www.hotel-napoleon-bastia.fr\/en\/where-we-are\/\"]}]},{\"@type\":\"BreadcrumbList\",\"@id\":\"https:\/\/www.hotel-napoleon-bastia.fr\/en\/where-we-are\/#breadcrumb\",\"itemListElement\":[{\"@type\":\"ListItem\",\"position\":1,\"name\":\"Home\",\"item\":\"https:\/\/www.hotel-napoleon-bastia.fr\/en\/\"},{\"@type\":\"ListItem\",\"position\":2,\"name\":\"Where we are\"}]},{\"@type\":\"WebSite\",\"@id\":\"https:\/\/www.hotel-napoleon-bastia.fr\/en\/#website\",\"url\":\"https:\/\/www.hotel-napoleon-bastia.fr\/en\/\",\"name\":\"H\u00f4tel Napol\u00e9on Bastia\",\"description\":\"\",\"potentialAction\":[{\"@type\":\"SearchAction\",\"target\":{\"@type\":\"EntryPoint\",\"urlTemplate\":\"https:\/\/www.hotel-napoleon-bastia.fr\/en\/?s={search_term_string}\"},\"query-input\":{\"@type\":\"PropertyValueSpecification\",\"valueRequired\":true,\"valueName\":\"search_term_string\"}}],\"inLanguage\":\"en-US\"}]}<\/script>\n<!-- \/ Yoast SEO plugin. -->","yoast_head_json":{"title":"Where we are - H\u00f4tel Napol\u00e9on Bastia","description":"H\u00f4tel Napol\u00e9on, in Bastia, is located 200 metres from the port, the train and bus stations, the airport shuttle and two paid public car parks closed at","robots":{"index":"index","follow":"follow","max-snippet":"max-snippet:-1","max-image-preview":"max-image-preview:large","max-video-preview":"max-video-preview:-1"},"canonical":"https:\/\/www.hotel-napoleon-bastia.fr\/en\/where-we-are\/","og_locale":"en_US","og_type":"article","og_title":"Where we are - H\u00f4tel Napol\u00e9on Bastia","og_description":"H\u00f4tel Napol\u00e9on, in Bastia, is located 200 metres from the port, the train and bus stations, the airport shuttle and two paid public car parks closed at","og_url":"https:\/\/www.hotel-napoleon-bastia.fr\/en\/where-we-are\/","og_site_name":"H\u00f4tel Napol\u00e9on Bastia","article_modified_time":"2023-05-02T13:43:49+00:00","twitter_card":"summary_large_image","twitter_misc":{"Est. reading time":"1 minute"},"schema":{"@context":"https:\/\/schema.org","@graph":[{"@type":"WebPage","@id":"https:\/\/www.hotel-napoleon-bastia.fr\/en\/where-we-are\/","url":"https:\/\/www.hotel-napoleon-bastia.fr\/en\/where-we-are\/","name":"Where we are - H\u00f4tel Napol\u00e9on Bastia","isPartOf":{"@id":"https:\/\/www.hotel-napoleon-bastia.fr\/en\/#website"},"datePublished":"2023-01-25T15:45:15+00:00","dateModified":"2023-05-02T13:43:49+00:00","description":"H\u00f4tel Napol\u00e9on, in Bastia, is located 200 metres from the port, the train and bus stations, the airport shuttle and two paid public car parks closed at","breadcrumb":{"@id":"https:\/\/www.hotel-napoleon-bastia.fr\/en\/where-we-are\/#breadcrumb"},"inLanguage":"en-US","potentialAction":[{"@type":"ReadAction","target":["https:\/\/www.hotel-napoleon-bastia.fr\/en\/where-we-are\/"]}]},{"@type":"BreadcrumbList","@id":"https:\/\/www.hotel-napoleon-bastia.fr\/en\/where-we-are\/#breadcrumb","itemListElement":[{"@type":"ListItem","position":1,"name":"Home","item":"https:\/\/www.hotel-napoleon-bastia.fr\/en\/"},{"@type":"ListItem","position":2,"name":"Where we are"}]},{"@type":"WebSite","@id":"https:\/\/www.hotel-napoleon-bastia.fr\/en\/#website","url":"https:\/\/www.hotel-napoleon-bastia.fr\/en\/","name":"H\u00f4tel Napol\u00e9on Bastia","description":"","potentialAction":[{"@type":"SearchAction","target":{"@type":"EntryPoint","urlTemplate":"https:\/\/www.hotel-napoleon-bastia.fr\/en\/?s={search_term_string}"},"query-input":{"@type":"PropertyValueSpecification","valueRequired":true,"valueName":"search_term_string"}}],"inLanguage":"en-US"}]}},"acf":[],"_links":{"self":[{"href":"https:\/\/www.hotel-napoleon-bastia.fr\/en\/wp-json\/wp\/v2\/pages\/170","targetHints":{"allow":["GET"]}}],"collection":[{"href":"https:\/\/www.hotel-napoleon-bastia.fr\/en\/wp-json\/wp\/v2\/pages"}],"about":[{"href":"https:\/\/www.hotel-napoleon-bastia.fr\/en\/wp-json\/wp\/v2\/types\/page"}],"author":[{"embeddable":true,"href":"https:\/\/www.hotel-napoleon-bastia.fr\/en\/wp-json\/wp\/v2\/users\/46"}],"replies":[{"embeddable":true,"href":"https:\/\/www.hotel-napoleon-bastia.fr\/en\/wp-json\/wp\/v2\/comments?post=170"}],"version-history":[{"count":0,"href":"https:\/\/www.hotel-napoleon-bastia.fr\/en\/wp-json\/wp\/v2\/pages\/170\/revisions"}],"wp:attachment":[{"href":"https:\/\/www.hotel-napoleon-bastia.fr\/en\/wp-json\/wp\/v2\/media?parent=170"}],"curies":[{"name":"wp","href":"https:\/\/api.w.org\/{rel}","templated":true}]}}