{"id":224,"date":"2023-01-25T15:40:47","date_gmt":"2023-01-25T15:40:47","guid":{"rendered":"https:\/\/bastia.ms.decms.eu\/chambres-et-suite\/"},"modified":"2026-01-06T13:51:35","modified_gmt":"2026-01-06T13:51:35","slug":"camere-e-suite","status":"publish","type":"page","link":"https:\/\/www.hotel-napoleon-bastia.fr\/it\/camere-e-suite\/","title":{"rendered":"Camere e suite"},"content":{"rendered":"<p style=\"text-align: center\">Scopri la nostra selezione di camere di alta qualit\u00e0 per un soggiorno indimenticabile! Mettiamo a disposizione una biancheria da letto di alta qualit\u00e0 per garantirti un sonno riposante e un comfort ottimale. Potrai inoltre godere dell&#8217;aria condizionata per rinfrescarti durante le giornate calde.<\/p>\n<p style=\"text-align: center\">Le nostre camere, tutte situate al primo piano, sono dotate di tutto il necessario per soddisfare le tue esigenze: il WiFi gratuito e illimitato ti permetter\u00e0 di rimanere connesso, mentre la TV a schermo piatto HD con 26 canali digitali, ti offrir\u00e0 un&#8217;esperienza di visione eccezionale. Potrai anche chiamare i tuoi cari dalla tua camera grazie al telefono a disposizione.<\/p>\n<p style=\"text-align: center\">Avrai a disposizione un bagno privato con doccia e asciugacapelli per il massimo comfort. Inoltre, potrai goderti il minibar per rinfrescarti e gustare una bevanda fresca in qualsiasi momento. La scrivania e la finestra in vetro doppio ti permetteranno di lavorare in un ambiente tranquillo e piacevole.<\/p>\n<p style=\"text-align: center\">Se hai bisogno di stirare il tuo abbigliamento, un ferro da stiro \u00e8 disponibile su richiesta. Prenota ora la tua camera per godere di tutti questi servizi e trascorrere un soggiorno perfetto!<\/p>\n","protected":false},"excerpt":{"rendered":"<p>Scopri la nostra selezione di camere di alta qualit\u00e0 per un soggiorno indimenticabile! Mettiamo a disposizione una biancheria da letto di alta qualit\u00e0 per garantirti un sonno riposante e un comfort ottimale. Potrai inoltre godere dell&#8217;aria condizionata per rinfrescarti durante le giornate calde. Le nostre camere, tutte situate al primo piano, sono dotate di tutto [&hellip;]<\/p>\n","protected":false},"author":46,"featured_media":0,"parent":0,"menu_order":20,"comment_status":"closed","ping_status":"closed","template":"template-rooms.php","meta":{"footnotes":""},"class_list":["post-224","page","type-page","status-publish","hentry"],"yoast_head":"<!-- This site is optimized with the Yoast SEO plugin v26.9 - https:\/\/yoast.com\/product\/yoast-seo-wordpress\/ -->\n<title>Camere e suite - H\u00f4tel Napol\u00e9on Bastia<\/title>\n<meta name=\"description\" content=\"Scopri la nostra selezione di camere di alta qualit\u00e0 per un soggiorno indimenticabile! Mettiamo a disposizione una biancheria da letto di alta qualit\u00e0 per\" \/>\n<meta name=\"robots\" content=\"index, follow, max-snippet:-1, max-image-preview:large, max-video-preview:-1\" \/>\n<link rel=\"canonical\" href=\"https:\/\/www.hotel-napoleon-bastia.fr\/it\/camere-e-suite\/\" \/>\n<meta property=\"og:locale\" content=\"it_IT\" \/>\n<meta property=\"og:type\" content=\"article\" \/>\n<meta property=\"og:title\" content=\"Camere e suite - H\u00f4tel Napol\u00e9on Bastia\" \/>\n<meta property=\"og:description\" content=\"Scopri la nostra selezione di camere di alta qualit\u00e0 per un soggiorno indimenticabile! Mettiamo a disposizione una biancheria da letto di alta qualit\u00e0 per\" \/>\n<meta property=\"og:url\" content=\"https:\/\/www.hotel-napoleon-bastia.fr\/it\/camere-e-suite\/\" \/>\n<meta property=\"og:site_name\" content=\"H\u00f4tel Napol\u00e9on Bastia\" \/>\n<meta property=\"article:modified_time\" content=\"2026-01-06T13:51:35+00:00\" \/>\n<meta name=\"twitter:card\" content=\"summary_large_image\" \/>\n<meta name=\"twitter:label1\" content=\"Tempo di lettura stimato\" \/>\n\t<meta name=\"twitter:data1\" content=\"1 minuto\" \/>\n<script type=\"application\/ld+json\" class=\"yoast-schema-graph\">{\"@context\":\"https:\/\/schema.org\",\"@graph\":[{\"@type\":\"WebPage\",\"@id\":\"https:\/\/www.hotel-napoleon-bastia.fr\/it\/camere-e-suite\/\",\"url\":\"https:\/\/www.hotel-napoleon-bastia.fr\/it\/camere-e-suite\/\",\"name\":\"Camere e suite - H\u00f4tel Napol\u00e9on Bastia\",\"isPartOf\":{\"@id\":\"https:\/\/www.hotel-napoleon-bastia.fr\/it\/#website\"},\"datePublished\":\"2023-01-25T15:40:47+00:00\",\"dateModified\":\"2026-01-06T13:51:35+00:00\",\"description\":\"Scopri la nostra selezione di camere di alta qualit\u00e0 per un soggiorno indimenticabile! Mettiamo a disposizione una biancheria da letto di alta qualit\u00e0 per\",\"breadcrumb\":{\"@id\":\"https:\/\/www.hotel-napoleon-bastia.fr\/it\/camere-e-suite\/#breadcrumb\"},\"inLanguage\":\"it-IT\",\"potentialAction\":[{\"@type\":\"ReadAction\",\"target\":[\"https:\/\/www.hotel-napoleon-bastia.fr\/it\/camere-e-suite\/\"]}]},{\"@type\":\"BreadcrumbList\",\"@id\":\"https:\/\/www.hotel-napoleon-bastia.fr\/it\/camere-e-suite\/#breadcrumb\",\"itemListElement\":[{\"@type\":\"ListItem\",\"position\":1,\"name\":\"Home\",\"item\":\"https:\/\/www.hotel-napoleon-bastia.fr\/it\/\"},{\"@type\":\"ListItem\",\"position\":2,\"name\":\"Camere e suite\"}]},{\"@type\":\"WebSite\",\"@id\":\"https:\/\/www.hotel-napoleon-bastia.fr\/it\/#website\",\"url\":\"https:\/\/www.hotel-napoleon-bastia.fr\/it\/\",\"name\":\"H\u00f4tel Napol\u00e9on Bastia\",\"description\":\"\",\"potentialAction\":[{\"@type\":\"SearchAction\",\"target\":{\"@type\":\"EntryPoint\",\"urlTemplate\":\"https:\/\/www.hotel-napoleon-bastia.fr\/it\/?s={search_term_string}\"},\"query-input\":{\"@type\":\"PropertyValueSpecification\",\"valueRequired\":true,\"valueName\":\"search_term_string\"}}],\"inLanguage\":\"it-IT\"}]}<\/script>\n<!-- \/ Yoast SEO plugin. -->","yoast_head_json":{"title":"Camere e suite - H\u00f4tel Napol\u00e9on Bastia","description":"Scopri la nostra selezione di camere di alta qualit\u00e0 per un soggiorno indimenticabile! Mettiamo a disposizione una biancheria da letto di alta qualit\u00e0 per","robots":{"index":"index","follow":"follow","max-snippet":"max-snippet:-1","max-image-preview":"max-image-preview:large","max-video-preview":"max-video-preview:-1"},"canonical":"https:\/\/www.hotel-napoleon-bastia.fr\/it\/camere-e-suite\/","og_locale":"it_IT","og_type":"article","og_title":"Camere e suite - H\u00f4tel Napol\u00e9on Bastia","og_description":"Scopri la nostra selezione di camere di alta qualit\u00e0 per un soggiorno indimenticabile! Mettiamo a disposizione una biancheria da letto di alta qualit\u00e0 per","og_url":"https:\/\/www.hotel-napoleon-bastia.fr\/it\/camere-e-suite\/","og_site_name":"H\u00f4tel Napol\u00e9on Bastia","article_modified_time":"2026-01-06T13:51:35+00:00","twitter_card":"summary_large_image","twitter_misc":{"Tempo di lettura stimato":"1 minuto"},"schema":{"@context":"https:\/\/schema.org","@graph":[{"@type":"WebPage","@id":"https:\/\/www.hotel-napoleon-bastia.fr\/it\/camere-e-suite\/","url":"https:\/\/www.hotel-napoleon-bastia.fr\/it\/camere-e-suite\/","name":"Camere e suite - H\u00f4tel Napol\u00e9on Bastia","isPartOf":{"@id":"https:\/\/www.hotel-napoleon-bastia.fr\/it\/#website"},"datePublished":"2023-01-25T15:40:47+00:00","dateModified":"2026-01-06T13:51:35+00:00","description":"Scopri la nostra selezione di camere di alta qualit\u00e0 per un soggiorno indimenticabile! Mettiamo a disposizione una biancheria da letto di alta qualit\u00e0 per","breadcrumb":{"@id":"https:\/\/www.hotel-napoleon-bastia.fr\/it\/camere-e-suite\/#breadcrumb"},"inLanguage":"it-IT","potentialAction":[{"@type":"ReadAction","target":["https:\/\/www.hotel-napoleon-bastia.fr\/it\/camere-e-suite\/"]}]},{"@type":"BreadcrumbList","@id":"https:\/\/www.hotel-napoleon-bastia.fr\/it\/camere-e-suite\/#breadcrumb","itemListElement":[{"@type":"ListItem","position":1,"name":"Home","item":"https:\/\/www.hotel-napoleon-bastia.fr\/it\/"},{"@type":"ListItem","position":2,"name":"Camere e suite"}]},{"@type":"WebSite","@id":"https:\/\/www.hotel-napoleon-bastia.fr\/it\/#website","url":"https:\/\/www.hotel-napoleon-bastia.fr\/it\/","name":"H\u00f4tel Napol\u00e9on Bastia","description":"","potentialAction":[{"@type":"SearchAction","target":{"@type":"EntryPoint","urlTemplate":"https:\/\/www.hotel-napoleon-bastia.fr\/it\/?s={search_term_string}"},"query-input":{"@type":"PropertyValueSpecification","valueRequired":true,"valueName":"search_term_string"}}],"inLanguage":"it-IT"}]}},"acf":[],"_links":{"self":[{"href":"https:\/\/www.hotel-napoleon-bastia.fr\/it\/wp-json\/wp\/v2\/pages\/224","targetHints":{"allow":["GET"]}}],"collection":[{"href":"https:\/\/www.hotel-napoleon-bastia.fr\/it\/wp-json\/wp\/v2\/pages"}],"about":[{"href":"https:\/\/www.hotel-napoleon-bastia.fr\/it\/wp-json\/wp\/v2\/types\/page"}],"author":[{"embeddable":true,"href":"https:\/\/www.hotel-napoleon-bastia.fr\/it\/wp-json\/wp\/v2\/users\/46"}],"replies":[{"embeddable":true,"href":"https:\/\/www.hotel-napoleon-bastia.fr\/it\/wp-json\/wp\/v2\/comments?post=224"}],"version-history":[{"count":0,"href":"https:\/\/www.hotel-napoleon-bastia.fr\/it\/wp-json\/wp\/v2\/pages\/224\/revisions"}],"wp:attachment":[{"href":"https:\/\/www.hotel-napoleon-bastia.fr\/it\/wp-json\/wp\/v2\/media?parent=224"}],"curies":[{"name":"wp","href":"https:\/\/api.w.org\/{rel}","templated":true}]}}