{"id":227,"date":"2023-01-25T15:41:24","date_gmt":"2023-01-25T15:41:24","guid":{"rendered":"https:\/\/bastia.ms.decms.eu\/camere-e-suite\/chambre-double\/"},"modified":"2023-05-02T13:47:50","modified_gmt":"2023-05-02T13:47:50","slug":"camera-matrimoniale","status":"publish","type":"page","link":"https:\/\/www.hotel-napoleon-bastia.fr\/it\/camere-e-suite\/camera-matrimoniale\/","title":{"rendered":"Camera matrimoniale"},"content":{"rendered":"<p style=\"text-align: center;\">Scoprite l&#8217;eccellente comfort di una delle nostre 10 camere matrimoniali presso l&#8217;H\u00f4tel Napol\u00e9on. Godetevi i nostri accoglienti letti larghi 140 cm e l&#8217;aria condizionata per un sonno tranquillo. Le nostre camere di alto livello sono dotate di materassi spessi 28 cm e 3 zone di comfort per un sostegno perfettamente adattato alla vostra morfologia. Concedetevi il lusso di un&#8217;accoglienza morbida e di un sostegno saldo per una notte di sonno perfetta.<\/p>\n","protected":false},"excerpt":{"rendered":"<p>Scoprite l&#8217;eccellente comfort di una delle nostre 10 camere matrimoniali presso l&#8217;H\u00f4tel Napol\u00e9on. Godetevi i nostri accoglienti letti larghi 140 cm e l&#8217;aria condizionata per un sonno tranquillo. Le nostre camere di alto livello sono dotate di materassi spessi 28 cm e 3 zone di comfort per un sostegno perfettamente adattato alla vostra morfologia. Concedetevi [&hellip;]<\/p>\n","protected":false},"author":46,"featured_media":0,"parent":224,"menu_order":210,"comment_status":"closed","ping_status":"closed","template":"template-single-room.php","meta":{"footnotes":""},"class_list":["post-227","page","type-page","status-publish","hentry"],"yoast_head":"<!-- This site is optimized with the Yoast SEO plugin v26.9 - https:\/\/yoast.com\/product\/yoast-seo-wordpress\/ -->\n<title>Camera matrimoniale - H\u00f4tel Napol\u00e9on Bastia<\/title>\n<meta name=\"description\" content=\"Scoprite l&#039;eccellente comfort di una delle nostre 10 camere matrimoniali presso l&#039;H\u00f4tel Napol\u00e9on. Godetevi i nostri accoglienti letti larghi 140 cm e\" \/>\n<meta name=\"robots\" content=\"index, follow, max-snippet:-1, max-image-preview:large, max-video-preview:-1\" \/>\n<link rel=\"canonical\" href=\"https:\/\/www.hotel-napoleon-bastia.fr\/it\/camere-e-suite\/camera-matrimoniale\/\" \/>\n<meta property=\"og:locale\" content=\"it_IT\" \/>\n<meta property=\"og:type\" content=\"article\" \/>\n<meta property=\"og:title\" content=\"Camera matrimoniale - H\u00f4tel Napol\u00e9on Bastia\" \/>\n<meta property=\"og:description\" content=\"Scoprite l&#039;eccellente comfort di una delle nostre 10 camere matrimoniali presso l&#039;H\u00f4tel Napol\u00e9on. Godetevi i nostri accoglienti letti larghi 140 cm e\" \/>\n<meta property=\"og:url\" content=\"https:\/\/www.hotel-napoleon-bastia.fr\/it\/camere-e-suite\/camera-matrimoniale\/\" \/>\n<meta property=\"og:site_name\" content=\"H\u00f4tel Napol\u00e9on Bastia\" \/>\n<meta property=\"article:modified_time\" content=\"2023-05-02T13:47:50+00:00\" \/>\n<meta name=\"twitter:card\" content=\"summary_large_image\" \/>\n<meta name=\"twitter:label1\" content=\"Tempo di lettura stimato\" \/>\n\t<meta name=\"twitter:data1\" content=\"1 minuto\" \/>\n<script type=\"application\/ld+json\" class=\"yoast-schema-graph\">{\"@context\":\"https:\/\/schema.org\",\"@graph\":[{\"@type\":\"WebPage\",\"@id\":\"https:\/\/www.hotel-napoleon-bastia.fr\/it\/camere-e-suite\/camera-matrimoniale\/\",\"url\":\"https:\/\/www.hotel-napoleon-bastia.fr\/it\/camere-e-suite\/camera-matrimoniale\/\",\"name\":\"Camera matrimoniale - H\u00f4tel Napol\u00e9on Bastia\",\"isPartOf\":{\"@id\":\"https:\/\/www.hotel-napoleon-bastia.fr\/it\/#website\"},\"datePublished\":\"2023-01-25T15:41:24+00:00\",\"dateModified\":\"2023-05-02T13:47:50+00:00\",\"description\":\"Scoprite l'eccellente comfort di una delle nostre 10 camere matrimoniali presso l'H\u00f4tel Napol\u00e9on. Godetevi i nostri accoglienti letti larghi 140 cm e\",\"breadcrumb\":{\"@id\":\"https:\/\/www.hotel-napoleon-bastia.fr\/it\/camere-e-suite\/camera-matrimoniale\/#breadcrumb\"},\"inLanguage\":\"it-IT\",\"potentialAction\":[{\"@type\":\"ReadAction\",\"target\":[\"https:\/\/www.hotel-napoleon-bastia.fr\/it\/camere-e-suite\/camera-matrimoniale\/\"]}]},{\"@type\":\"BreadcrumbList\",\"@id\":\"https:\/\/www.hotel-napoleon-bastia.fr\/it\/camere-e-suite\/camera-matrimoniale\/#breadcrumb\",\"itemListElement\":[{\"@type\":\"ListItem\",\"position\":1,\"name\":\"Home\",\"item\":\"https:\/\/www.hotel-napoleon-bastia.fr\/it\/\"},{\"@type\":\"ListItem\",\"position\":2,\"name\":\"Camere e suite\",\"item\":\"https:\/\/www.hotel-napoleon-bastia.fr\/it\/camere-e-suite\/\"},{\"@type\":\"ListItem\",\"position\":3,\"name\":\"Camera matrimoniale\"}]},{\"@type\":\"WebSite\",\"@id\":\"https:\/\/www.hotel-napoleon-bastia.fr\/it\/#website\",\"url\":\"https:\/\/www.hotel-napoleon-bastia.fr\/it\/\",\"name\":\"H\u00f4tel Napol\u00e9on Bastia\",\"description\":\"\",\"potentialAction\":[{\"@type\":\"SearchAction\",\"target\":{\"@type\":\"EntryPoint\",\"urlTemplate\":\"https:\/\/www.hotel-napoleon-bastia.fr\/it\/?s={search_term_string}\"},\"query-input\":{\"@type\":\"PropertyValueSpecification\",\"valueRequired\":true,\"valueName\":\"search_term_string\"}}],\"inLanguage\":\"it-IT\"}]}<\/script>\n<!-- \/ Yoast SEO plugin. -->","yoast_head_json":{"title":"Camera matrimoniale - H\u00f4tel Napol\u00e9on Bastia","description":"Scoprite l'eccellente comfort di una delle nostre 10 camere matrimoniali presso l'H\u00f4tel Napol\u00e9on. Godetevi i nostri accoglienti letti larghi 140 cm e","robots":{"index":"index","follow":"follow","max-snippet":"max-snippet:-1","max-image-preview":"max-image-preview:large","max-video-preview":"max-video-preview:-1"},"canonical":"https:\/\/www.hotel-napoleon-bastia.fr\/it\/camere-e-suite\/camera-matrimoniale\/","og_locale":"it_IT","og_type":"article","og_title":"Camera matrimoniale - H\u00f4tel Napol\u00e9on Bastia","og_description":"Scoprite l'eccellente comfort di una delle nostre 10 camere matrimoniali presso l'H\u00f4tel Napol\u00e9on. Godetevi i nostri accoglienti letti larghi 140 cm e","og_url":"https:\/\/www.hotel-napoleon-bastia.fr\/it\/camere-e-suite\/camera-matrimoniale\/","og_site_name":"H\u00f4tel Napol\u00e9on Bastia","article_modified_time":"2023-05-02T13:47:50+00:00","twitter_card":"summary_large_image","twitter_misc":{"Tempo di lettura stimato":"1 minuto"},"schema":{"@context":"https:\/\/schema.org","@graph":[{"@type":"WebPage","@id":"https:\/\/www.hotel-napoleon-bastia.fr\/it\/camere-e-suite\/camera-matrimoniale\/","url":"https:\/\/www.hotel-napoleon-bastia.fr\/it\/camere-e-suite\/camera-matrimoniale\/","name":"Camera matrimoniale - H\u00f4tel Napol\u00e9on Bastia","isPartOf":{"@id":"https:\/\/www.hotel-napoleon-bastia.fr\/it\/#website"},"datePublished":"2023-01-25T15:41:24+00:00","dateModified":"2023-05-02T13:47:50+00:00","description":"Scoprite l'eccellente comfort di una delle nostre 10 camere matrimoniali presso l'H\u00f4tel Napol\u00e9on. Godetevi i nostri accoglienti letti larghi 140 cm e","breadcrumb":{"@id":"https:\/\/www.hotel-napoleon-bastia.fr\/it\/camere-e-suite\/camera-matrimoniale\/#breadcrumb"},"inLanguage":"it-IT","potentialAction":[{"@type":"ReadAction","target":["https:\/\/www.hotel-napoleon-bastia.fr\/it\/camere-e-suite\/camera-matrimoniale\/"]}]},{"@type":"BreadcrumbList","@id":"https:\/\/www.hotel-napoleon-bastia.fr\/it\/camere-e-suite\/camera-matrimoniale\/#breadcrumb","itemListElement":[{"@type":"ListItem","position":1,"name":"Home","item":"https:\/\/www.hotel-napoleon-bastia.fr\/it\/"},{"@type":"ListItem","position":2,"name":"Camere e suite","item":"https:\/\/www.hotel-napoleon-bastia.fr\/it\/camere-e-suite\/"},{"@type":"ListItem","position":3,"name":"Camera matrimoniale"}]},{"@type":"WebSite","@id":"https:\/\/www.hotel-napoleon-bastia.fr\/it\/#website","url":"https:\/\/www.hotel-napoleon-bastia.fr\/it\/","name":"H\u00f4tel Napol\u00e9on Bastia","description":"","potentialAction":[{"@type":"SearchAction","target":{"@type":"EntryPoint","urlTemplate":"https:\/\/www.hotel-napoleon-bastia.fr\/it\/?s={search_term_string}"},"query-input":{"@type":"PropertyValueSpecification","valueRequired":true,"valueName":"search_term_string"}}],"inLanguage":"it-IT"}]}},"acf":[],"_links":{"self":[{"href":"https:\/\/www.hotel-napoleon-bastia.fr\/it\/wp-json\/wp\/v2\/pages\/227","targetHints":{"allow":["GET"]}}],"collection":[{"href":"https:\/\/www.hotel-napoleon-bastia.fr\/it\/wp-json\/wp\/v2\/pages"}],"about":[{"href":"https:\/\/www.hotel-napoleon-bastia.fr\/it\/wp-json\/wp\/v2\/types\/page"}],"author":[{"embeddable":true,"href":"https:\/\/www.hotel-napoleon-bastia.fr\/it\/wp-json\/wp\/v2\/users\/46"}],"replies":[{"embeddable":true,"href":"https:\/\/www.hotel-napoleon-bastia.fr\/it\/wp-json\/wp\/v2\/comments?post=227"}],"version-history":[{"count":0,"href":"https:\/\/www.hotel-napoleon-bastia.fr\/it\/wp-json\/wp\/v2\/pages\/227\/revisions"}],"up":[{"embeddable":true,"href":"https:\/\/www.hotel-napoleon-bastia.fr\/it\/wp-json\/wp\/v2\/pages\/224"}],"wp:attachment":[{"href":"https:\/\/www.hotel-napoleon-bastia.fr\/it\/wp-json\/wp\/v2\/media?parent=227"}],"curies":[{"name":"wp","href":"https:\/\/api.w.org\/{rel}","templated":true}]}}