{"id":229,"date":"2023-01-27T14:09:06","date_gmt":"2023-01-27T14:09:06","guid":{"rendered":"https:\/\/bastia.ms.decms.eu\/camere-e-suite\/chambre-twin\/"},"modified":"2023-05-02T13:47:56","modified_gmt":"2023-05-02T13:47:56","slug":"camera-doppia-con-letti-singoli","status":"publish","type":"page","link":"https:\/\/www.hotel-napoleon-bastia.fr\/it\/camere-e-suite\/camera-doppia-con-letti-singoli\/","title":{"rendered":"Camera doppia con letti singoli"},"content":{"rendered":"<p style=\"text-align: center;\">Scopri l&#8217;eccellente comfort della nostra camera climatizzata con letti singoli dell&#8217;H\u00f4tel Napoleon. I nostri letti da 90 cm di larghezza ti offrono un sonno riposante per goderti appieno il tuo soggiorno. La nostra biancheria di alta qualit\u00e0 \u00e8 dotata di un materasso spesso 26 cm, con la tecnologia BULTEX nano, per un&#8217;esperienza di comfort indimenticabile. L&#8217;accoglienza avvolgente e il supporto fermo dei nostri materassi ti garantiscono una notte di sonno ottimale.<\/p>\n","protected":false},"excerpt":{"rendered":"<p>Scopri l&#8217;eccellente comfort della nostra camera climatizzata con letti singoli dell&#8217;H\u00f4tel Napoleon. I nostri letti da 90 cm di larghezza ti offrono un sonno riposante per goderti appieno il tuo soggiorno. La nostra biancheria di alta qualit\u00e0 \u00e8 dotata di un materasso spesso 26 cm, con la tecnologia BULTEX nano, per un&#8217;esperienza di comfort indimenticabile. [&hellip;]<\/p>\n","protected":false},"author":46,"featured_media":0,"parent":224,"menu_order":220,"comment_status":"closed","ping_status":"closed","template":"template-single-room.php","meta":{"footnotes":""},"class_list":["post-229","page","type-page","status-publish","hentry"],"yoast_head":"<!-- This site is optimized with the Yoast SEO plugin v26.9 - https:\/\/yoast.com\/product\/yoast-seo-wordpress\/ -->\n<title>Camera doppia con letti singoli - H\u00f4tel Napol\u00e9on Bastia<\/title>\n<meta name=\"description\" content=\"Scopri l&#039;eccellente comfort della nostra camera climatizzata con letti singoli dell&#039;H\u00f4tel Napoleon. I nostri letti da 90 cm di larghezza ti offrono un\" \/>\n<meta name=\"robots\" content=\"index, follow, max-snippet:-1, max-image-preview:large, max-video-preview:-1\" \/>\n<link rel=\"canonical\" href=\"https:\/\/www.hotel-napoleon-bastia.fr\/it\/camere-e-suite\/camera-doppia-con-letti-singoli\/\" \/>\n<meta property=\"og:locale\" content=\"it_IT\" \/>\n<meta property=\"og:type\" content=\"article\" \/>\n<meta property=\"og:title\" content=\"Camera doppia con letti singoli - H\u00f4tel Napol\u00e9on Bastia\" \/>\n<meta property=\"og:description\" content=\"Scopri l&#039;eccellente comfort della nostra camera climatizzata con letti singoli dell&#039;H\u00f4tel Napoleon. I nostri letti da 90 cm di larghezza ti offrono un\" \/>\n<meta property=\"og:url\" content=\"https:\/\/www.hotel-napoleon-bastia.fr\/it\/camere-e-suite\/camera-doppia-con-letti-singoli\/\" \/>\n<meta property=\"og:site_name\" content=\"H\u00f4tel Napol\u00e9on Bastia\" \/>\n<meta property=\"article:modified_time\" content=\"2023-05-02T13:47:56+00:00\" \/>\n<meta name=\"twitter:card\" content=\"summary_large_image\" \/>\n<meta name=\"twitter:label1\" content=\"Tempo di lettura stimato\" \/>\n\t<meta name=\"twitter:data1\" content=\"1 minuto\" \/>\n<script type=\"application\/ld+json\" class=\"yoast-schema-graph\">{\"@context\":\"https:\/\/schema.org\",\"@graph\":[{\"@type\":\"WebPage\",\"@id\":\"https:\/\/www.hotel-napoleon-bastia.fr\/it\/camere-e-suite\/camera-doppia-con-letti-singoli\/\",\"url\":\"https:\/\/www.hotel-napoleon-bastia.fr\/it\/camere-e-suite\/camera-doppia-con-letti-singoli\/\",\"name\":\"Camera doppia con letti singoli - H\u00f4tel Napol\u00e9on Bastia\",\"isPartOf\":{\"@id\":\"https:\/\/www.hotel-napoleon-bastia.fr\/it\/#website\"},\"datePublished\":\"2023-01-27T14:09:06+00:00\",\"dateModified\":\"2023-05-02T13:47:56+00:00\",\"description\":\"Scopri l'eccellente comfort della nostra camera climatizzata con letti singoli dell'H\u00f4tel Napoleon. I nostri letti da 90 cm di larghezza ti offrono un\",\"breadcrumb\":{\"@id\":\"https:\/\/www.hotel-napoleon-bastia.fr\/it\/camere-e-suite\/camera-doppia-con-letti-singoli\/#breadcrumb\"},\"inLanguage\":\"it-IT\",\"potentialAction\":[{\"@type\":\"ReadAction\",\"target\":[\"https:\/\/www.hotel-napoleon-bastia.fr\/it\/camere-e-suite\/camera-doppia-con-letti-singoli\/\"]}]},{\"@type\":\"BreadcrumbList\",\"@id\":\"https:\/\/www.hotel-napoleon-bastia.fr\/it\/camere-e-suite\/camera-doppia-con-letti-singoli\/#breadcrumb\",\"itemListElement\":[{\"@type\":\"ListItem\",\"position\":1,\"name\":\"Home\",\"item\":\"https:\/\/www.hotel-napoleon-bastia.fr\/it\/\"},{\"@type\":\"ListItem\",\"position\":2,\"name\":\"Camere e suite\",\"item\":\"https:\/\/www.hotel-napoleon-bastia.fr\/it\/camere-e-suite\/\"},{\"@type\":\"ListItem\",\"position\":3,\"name\":\"Camera doppia con letti singoli\"}]},{\"@type\":\"WebSite\",\"@id\":\"https:\/\/www.hotel-napoleon-bastia.fr\/it\/#website\",\"url\":\"https:\/\/www.hotel-napoleon-bastia.fr\/it\/\",\"name\":\"H\u00f4tel Napol\u00e9on Bastia\",\"description\":\"\",\"potentialAction\":[{\"@type\":\"SearchAction\",\"target\":{\"@type\":\"EntryPoint\",\"urlTemplate\":\"https:\/\/www.hotel-napoleon-bastia.fr\/it\/?s={search_term_string}\"},\"query-input\":{\"@type\":\"PropertyValueSpecification\",\"valueRequired\":true,\"valueName\":\"search_term_string\"}}],\"inLanguage\":\"it-IT\"}]}<\/script>\n<!-- \/ Yoast SEO plugin. -->","yoast_head_json":{"title":"Camera doppia con letti singoli - H\u00f4tel Napol\u00e9on Bastia","description":"Scopri l'eccellente comfort della nostra camera climatizzata con letti singoli dell'H\u00f4tel Napoleon. I nostri letti da 90 cm di larghezza ti offrono un","robots":{"index":"index","follow":"follow","max-snippet":"max-snippet:-1","max-image-preview":"max-image-preview:large","max-video-preview":"max-video-preview:-1"},"canonical":"https:\/\/www.hotel-napoleon-bastia.fr\/it\/camere-e-suite\/camera-doppia-con-letti-singoli\/","og_locale":"it_IT","og_type":"article","og_title":"Camera doppia con letti singoli - H\u00f4tel Napol\u00e9on Bastia","og_description":"Scopri l'eccellente comfort della nostra camera climatizzata con letti singoli dell'H\u00f4tel Napoleon. I nostri letti da 90 cm di larghezza ti offrono un","og_url":"https:\/\/www.hotel-napoleon-bastia.fr\/it\/camere-e-suite\/camera-doppia-con-letti-singoli\/","og_site_name":"H\u00f4tel Napol\u00e9on Bastia","article_modified_time":"2023-05-02T13:47:56+00:00","twitter_card":"summary_large_image","twitter_misc":{"Tempo di lettura stimato":"1 minuto"},"schema":{"@context":"https:\/\/schema.org","@graph":[{"@type":"WebPage","@id":"https:\/\/www.hotel-napoleon-bastia.fr\/it\/camere-e-suite\/camera-doppia-con-letti-singoli\/","url":"https:\/\/www.hotel-napoleon-bastia.fr\/it\/camere-e-suite\/camera-doppia-con-letti-singoli\/","name":"Camera doppia con letti singoli - H\u00f4tel Napol\u00e9on Bastia","isPartOf":{"@id":"https:\/\/www.hotel-napoleon-bastia.fr\/it\/#website"},"datePublished":"2023-01-27T14:09:06+00:00","dateModified":"2023-05-02T13:47:56+00:00","description":"Scopri l'eccellente comfort della nostra camera climatizzata con letti singoli dell'H\u00f4tel Napoleon. I nostri letti da 90 cm di larghezza ti offrono un","breadcrumb":{"@id":"https:\/\/www.hotel-napoleon-bastia.fr\/it\/camere-e-suite\/camera-doppia-con-letti-singoli\/#breadcrumb"},"inLanguage":"it-IT","potentialAction":[{"@type":"ReadAction","target":["https:\/\/www.hotel-napoleon-bastia.fr\/it\/camere-e-suite\/camera-doppia-con-letti-singoli\/"]}]},{"@type":"BreadcrumbList","@id":"https:\/\/www.hotel-napoleon-bastia.fr\/it\/camere-e-suite\/camera-doppia-con-letti-singoli\/#breadcrumb","itemListElement":[{"@type":"ListItem","position":1,"name":"Home","item":"https:\/\/www.hotel-napoleon-bastia.fr\/it\/"},{"@type":"ListItem","position":2,"name":"Camere e suite","item":"https:\/\/www.hotel-napoleon-bastia.fr\/it\/camere-e-suite\/"},{"@type":"ListItem","position":3,"name":"Camera doppia con letti singoli"}]},{"@type":"WebSite","@id":"https:\/\/www.hotel-napoleon-bastia.fr\/it\/#website","url":"https:\/\/www.hotel-napoleon-bastia.fr\/it\/","name":"H\u00f4tel Napol\u00e9on Bastia","description":"","potentialAction":[{"@type":"SearchAction","target":{"@type":"EntryPoint","urlTemplate":"https:\/\/www.hotel-napoleon-bastia.fr\/it\/?s={search_term_string}"},"query-input":{"@type":"PropertyValueSpecification","valueRequired":true,"valueName":"search_term_string"}}],"inLanguage":"it-IT"}]}},"acf":[],"_links":{"self":[{"href":"https:\/\/www.hotel-napoleon-bastia.fr\/it\/wp-json\/wp\/v2\/pages\/229","targetHints":{"allow":["GET"]}}],"collection":[{"href":"https:\/\/www.hotel-napoleon-bastia.fr\/it\/wp-json\/wp\/v2\/pages"}],"about":[{"href":"https:\/\/www.hotel-napoleon-bastia.fr\/it\/wp-json\/wp\/v2\/types\/page"}],"author":[{"embeddable":true,"href":"https:\/\/www.hotel-napoleon-bastia.fr\/it\/wp-json\/wp\/v2\/users\/46"}],"replies":[{"embeddable":true,"href":"https:\/\/www.hotel-napoleon-bastia.fr\/it\/wp-json\/wp\/v2\/comments?post=229"}],"version-history":[{"count":0,"href":"https:\/\/www.hotel-napoleon-bastia.fr\/it\/wp-json\/wp\/v2\/pages\/229\/revisions"}],"up":[{"embeddable":true,"href":"https:\/\/www.hotel-napoleon-bastia.fr\/it\/wp-json\/wp\/v2\/pages\/224"}],"wp:attachment":[{"href":"https:\/\/www.hotel-napoleon-bastia.fr\/it\/wp-json\/wp\/v2\/media?parent=229"}],"curies":[{"name":"wp","href":"https:\/\/api.w.org\/{rel}","templated":true}]}}