{"id":233,"date":"2023-01-27T14:10:19","date_gmt":"2023-01-27T14:10:19","guid":{"rendered":"https:\/\/bastia.ms.decms.eu\/camere-e-suite\/suite-junior\/"},"modified":"2023-05-02T13:48:16","modified_gmt":"2023-05-02T13:48:16","slug":"junior-suite","status":"publish","type":"page","link":"https:\/\/www.hotel-napoleon-bastia.fr\/it\/camere-e-suite\/junior-suite\/","title":{"rendered":"Junior suite"},"content":{"rendered":"<p style=\"text-align: center;\">Scopri il comfort assoluto della nostra Junior Suite presso l&#8217;H\u00f4tel Napol\u00e9on. Questa camera climatizzata \u00e8 dotata di un accogliente letto matrimoniale di 160&#215;200 cm e di una zona salotto per un soggiorno indimenticabile. Goditi la nostra biancheria di alta qualit\u00e0 con un materasso spesso 28 cm e 3 zone di comfort per un supporto perfettamente adattato alla tua morfologia. Lasciati avvolgere dall&#8217;accoglienza morbida della biancheria, mentre godi di un supporto ferme per un sonno riposante. Con un divano letto, questa suite pu\u00f2 ospitare fino a 4 persone su richiesta e con un supplemento. Prenota ora per un soggiorno tranquillo e confortevole!<\/p>\n","protected":false},"excerpt":{"rendered":"<p>Scopri il comfort assoluto della nostra Junior Suite presso l&#8217;H\u00f4tel Napol\u00e9on. Questa camera climatizzata \u00e8 dotata di un accogliente letto matrimoniale di 160&#215;200 cm e di una zona salotto per un soggiorno indimenticabile. Goditi la nostra biancheria di alta qualit\u00e0 con un materasso spesso 28 cm e 3 zone di comfort per un supporto perfettamente [&hellip;]<\/p>\n","protected":false},"author":46,"featured_media":0,"parent":224,"menu_order":240,"comment_status":"closed","ping_status":"closed","template":"template-single-room.php","meta":{"footnotes":""},"class_list":["post-233","page","type-page","status-publish","hentry"],"yoast_head":"<!-- This site is optimized with the Yoast SEO plugin v26.9 - https:\/\/yoast.com\/product\/yoast-seo-wordpress\/ -->\n<title>Junior suite - H\u00f4tel Napol\u00e9on Bastia<\/title>\n<meta name=\"description\" content=\"Scopri il comfort assoluto della nostra Junior Suite presso l&#039;H\u00f4tel Napol\u00e9on. Questa camera climatizzata \u00e8 dotata di un accogliente letto matrimoniale di\" \/>\n<meta name=\"robots\" content=\"index, follow, max-snippet:-1, max-image-preview:large, max-video-preview:-1\" \/>\n<link rel=\"canonical\" href=\"https:\/\/www.hotel-napoleon-bastia.fr\/it\/camere-e-suite\/junior-suite\/\" \/>\n<meta property=\"og:locale\" content=\"it_IT\" \/>\n<meta property=\"og:type\" content=\"article\" \/>\n<meta property=\"og:title\" content=\"Junior suite - H\u00f4tel Napol\u00e9on Bastia\" \/>\n<meta property=\"og:description\" content=\"Scopri il comfort assoluto della nostra Junior Suite presso l&#039;H\u00f4tel Napol\u00e9on. Questa camera climatizzata \u00e8 dotata di un accogliente letto matrimoniale di\" \/>\n<meta property=\"og:url\" content=\"https:\/\/www.hotel-napoleon-bastia.fr\/it\/camere-e-suite\/junior-suite\/\" \/>\n<meta property=\"og:site_name\" content=\"H\u00f4tel Napol\u00e9on Bastia\" \/>\n<meta property=\"article:modified_time\" content=\"2023-05-02T13:48:16+00:00\" \/>\n<meta name=\"twitter:card\" content=\"summary_large_image\" \/>\n<meta name=\"twitter:label1\" content=\"Tempo di lettura stimato\" \/>\n\t<meta name=\"twitter:data1\" content=\"1 minuto\" \/>\n<script type=\"application\/ld+json\" class=\"yoast-schema-graph\">{\"@context\":\"https:\/\/schema.org\",\"@graph\":[{\"@type\":\"WebPage\",\"@id\":\"https:\/\/www.hotel-napoleon-bastia.fr\/it\/camere-e-suite\/junior-suite\/\",\"url\":\"https:\/\/www.hotel-napoleon-bastia.fr\/it\/camere-e-suite\/junior-suite\/\",\"name\":\"Junior suite - H\u00f4tel Napol\u00e9on Bastia\",\"isPartOf\":{\"@id\":\"https:\/\/www.hotel-napoleon-bastia.fr\/it\/#website\"},\"datePublished\":\"2023-01-27T14:10:19+00:00\",\"dateModified\":\"2023-05-02T13:48:16+00:00\",\"description\":\"Scopri il comfort assoluto della nostra Junior Suite presso l'H\u00f4tel Napol\u00e9on. Questa camera climatizzata \u00e8 dotata di un accogliente letto matrimoniale di\",\"breadcrumb\":{\"@id\":\"https:\/\/www.hotel-napoleon-bastia.fr\/it\/camere-e-suite\/junior-suite\/#breadcrumb\"},\"inLanguage\":\"it-IT\",\"potentialAction\":[{\"@type\":\"ReadAction\",\"target\":[\"https:\/\/www.hotel-napoleon-bastia.fr\/it\/camere-e-suite\/junior-suite\/\"]}]},{\"@type\":\"BreadcrumbList\",\"@id\":\"https:\/\/www.hotel-napoleon-bastia.fr\/it\/camere-e-suite\/junior-suite\/#breadcrumb\",\"itemListElement\":[{\"@type\":\"ListItem\",\"position\":1,\"name\":\"Home\",\"item\":\"https:\/\/www.hotel-napoleon-bastia.fr\/it\/\"},{\"@type\":\"ListItem\",\"position\":2,\"name\":\"Camere e suite\",\"item\":\"https:\/\/www.hotel-napoleon-bastia.fr\/it\/camere-e-suite\/\"},{\"@type\":\"ListItem\",\"position\":3,\"name\":\"Junior suite\"}]},{\"@type\":\"WebSite\",\"@id\":\"https:\/\/www.hotel-napoleon-bastia.fr\/it\/#website\",\"url\":\"https:\/\/www.hotel-napoleon-bastia.fr\/it\/\",\"name\":\"H\u00f4tel Napol\u00e9on Bastia\",\"description\":\"\",\"potentialAction\":[{\"@type\":\"SearchAction\",\"target\":{\"@type\":\"EntryPoint\",\"urlTemplate\":\"https:\/\/www.hotel-napoleon-bastia.fr\/it\/?s={search_term_string}\"},\"query-input\":{\"@type\":\"PropertyValueSpecification\",\"valueRequired\":true,\"valueName\":\"search_term_string\"}}],\"inLanguage\":\"it-IT\"}]}<\/script>\n<!-- \/ Yoast SEO plugin. -->","yoast_head_json":{"title":"Junior suite - H\u00f4tel Napol\u00e9on Bastia","description":"Scopri il comfort assoluto della nostra Junior Suite presso l'H\u00f4tel Napol\u00e9on. Questa camera climatizzata \u00e8 dotata di un accogliente letto matrimoniale di","robots":{"index":"index","follow":"follow","max-snippet":"max-snippet:-1","max-image-preview":"max-image-preview:large","max-video-preview":"max-video-preview:-1"},"canonical":"https:\/\/www.hotel-napoleon-bastia.fr\/it\/camere-e-suite\/junior-suite\/","og_locale":"it_IT","og_type":"article","og_title":"Junior suite - H\u00f4tel Napol\u00e9on Bastia","og_description":"Scopri il comfort assoluto della nostra Junior Suite presso l'H\u00f4tel Napol\u00e9on. Questa camera climatizzata \u00e8 dotata di un accogliente letto matrimoniale di","og_url":"https:\/\/www.hotel-napoleon-bastia.fr\/it\/camere-e-suite\/junior-suite\/","og_site_name":"H\u00f4tel Napol\u00e9on Bastia","article_modified_time":"2023-05-02T13:48:16+00:00","twitter_card":"summary_large_image","twitter_misc":{"Tempo di lettura stimato":"1 minuto"},"schema":{"@context":"https:\/\/schema.org","@graph":[{"@type":"WebPage","@id":"https:\/\/www.hotel-napoleon-bastia.fr\/it\/camere-e-suite\/junior-suite\/","url":"https:\/\/www.hotel-napoleon-bastia.fr\/it\/camere-e-suite\/junior-suite\/","name":"Junior suite - H\u00f4tel Napol\u00e9on Bastia","isPartOf":{"@id":"https:\/\/www.hotel-napoleon-bastia.fr\/it\/#website"},"datePublished":"2023-01-27T14:10:19+00:00","dateModified":"2023-05-02T13:48:16+00:00","description":"Scopri il comfort assoluto della nostra Junior Suite presso l'H\u00f4tel Napol\u00e9on. Questa camera climatizzata \u00e8 dotata di un accogliente letto matrimoniale di","breadcrumb":{"@id":"https:\/\/www.hotel-napoleon-bastia.fr\/it\/camere-e-suite\/junior-suite\/#breadcrumb"},"inLanguage":"it-IT","potentialAction":[{"@type":"ReadAction","target":["https:\/\/www.hotel-napoleon-bastia.fr\/it\/camere-e-suite\/junior-suite\/"]}]},{"@type":"BreadcrumbList","@id":"https:\/\/www.hotel-napoleon-bastia.fr\/it\/camere-e-suite\/junior-suite\/#breadcrumb","itemListElement":[{"@type":"ListItem","position":1,"name":"Home","item":"https:\/\/www.hotel-napoleon-bastia.fr\/it\/"},{"@type":"ListItem","position":2,"name":"Camere e suite","item":"https:\/\/www.hotel-napoleon-bastia.fr\/it\/camere-e-suite\/"},{"@type":"ListItem","position":3,"name":"Junior suite"}]},{"@type":"WebSite","@id":"https:\/\/www.hotel-napoleon-bastia.fr\/it\/#website","url":"https:\/\/www.hotel-napoleon-bastia.fr\/it\/","name":"H\u00f4tel Napol\u00e9on Bastia","description":"","potentialAction":[{"@type":"SearchAction","target":{"@type":"EntryPoint","urlTemplate":"https:\/\/www.hotel-napoleon-bastia.fr\/it\/?s={search_term_string}"},"query-input":{"@type":"PropertyValueSpecification","valueRequired":true,"valueName":"search_term_string"}}],"inLanguage":"it-IT"}]}},"acf":[],"_links":{"self":[{"href":"https:\/\/www.hotel-napoleon-bastia.fr\/it\/wp-json\/wp\/v2\/pages\/233","targetHints":{"allow":["GET"]}}],"collection":[{"href":"https:\/\/www.hotel-napoleon-bastia.fr\/it\/wp-json\/wp\/v2\/pages"}],"about":[{"href":"https:\/\/www.hotel-napoleon-bastia.fr\/it\/wp-json\/wp\/v2\/types\/page"}],"author":[{"embeddable":true,"href":"https:\/\/www.hotel-napoleon-bastia.fr\/it\/wp-json\/wp\/v2\/users\/46"}],"replies":[{"embeddable":true,"href":"https:\/\/www.hotel-napoleon-bastia.fr\/it\/wp-json\/wp\/v2\/comments?post=233"}],"version-history":[{"count":0,"href":"https:\/\/www.hotel-napoleon-bastia.fr\/it\/wp-json\/wp\/v2\/pages\/233\/revisions"}],"up":[{"embeddable":true,"href":"https:\/\/www.hotel-napoleon-bastia.fr\/it\/wp-json\/wp\/v2\/pages\/224"}],"wp:attachment":[{"href":"https:\/\/www.hotel-napoleon-bastia.fr\/it\/wp-json\/wp\/v2\/media?parent=233"}],"curies":[{"name":"wp","href":"https:\/\/api.w.org\/{rel}","templated":true}]}}