{"id":235,"date":"2023-01-25T15:41:52","date_gmt":"2023-01-25T15:41:52","guid":{"rendered":"https:\/\/bastia.ms.decms.eu\/services-et-equipements\/"},"modified":"2024-09-04T10:03:37","modified_gmt":"2024-09-04T10:03:37","slug":"servizi-e-attrezzature","status":"publish","type":"page","link":"https:\/\/www.hotel-napoleon-bastia.fr\/it\/servizi-e-attrezzature\/","title":{"rendered":"Servizi e attrezzature"},"content":{"rendered":"<p style=\"text-align: center\">Godetevi i nostri servizi in qualsiasi momento: la nostra reception \u00e8 aperta 24 ore su 24, 7 giorni su 7 per rispondere a tutte le vostre richieste. Rimani connesso grazie al nostro Wi-Fi gratuito.<\/p>\n<p style=\"text-align: center\">Iniziate la vostra giornata nel modo migliore con la nostra deliziosa colazione servita direttamente in camera dalle 6:40 alle 10:00, che include mezza baguette e croissant freschi della nostra panetteria partner Carlotti, oltre a bevande calde, yogurt, formaggio, burro, marmellata corsa e succo d&#8217;arancia.<\/p>\n<p style=\"text-align: center\">Hai bisogno di stampare dei documenti? Nessun problema, il nostro team \u00e8 a vostra disposizione per soddisfare le vostre richieste. Viaggiate con il vostro animale domestico? Accettiamo gatti e cani (con supplemento) per rendere il vostro soggiorno ancora pi\u00f9 piacevole. Mettiamo inoltre a vostra disposizione un lettino per bambini, un seggiolone e un fasciatoio per i genitori in viaggio con il loro piccolo tesoro. Siamo qui per rendere il vostro soggiorno il pi\u00f9 confortevole e pratico possibile.<\/p>\n","protected":false},"excerpt":{"rendered":"<p>Godetevi i nostri servizi in qualsiasi momento: la nostra reception \u00e8 aperta 24 ore su 24, 7 giorni su 7 per rispondere a tutte le vostre richieste. Rimani connesso grazie al nostro Wi-Fi gratuito. Iniziate la vostra giornata nel modo migliore con la nostra deliziosa colazione servita direttamente in camera dalle 6:40 alle 10:00, che [&hellip;]<\/p>\n","protected":false},"author":46,"featured_media":0,"parent":0,"menu_order":30,"comment_status":"closed","ping_status":"closed","template":"template-services.php","meta":{"footnotes":""},"class_list":["post-235","page","type-page","status-publish","hentry"],"yoast_head":"<!-- This site is optimized with the Yoast SEO plugin v26.9 - https:\/\/yoast.com\/product\/yoast-seo-wordpress\/ -->\n<title>Servizi e attrezzature - H\u00f4tel Napol\u00e9on Bastia<\/title>\n<meta name=\"description\" content=\"Godetevi i nostri servizi in qualsiasi momento: la nostra reception \u00e8 aperta 24 ore su 24, 7 giorni su 7 per rispondere a tutte le vostre richieste.\" \/>\n<meta name=\"robots\" content=\"index, follow, max-snippet:-1, max-image-preview:large, max-video-preview:-1\" \/>\n<link rel=\"canonical\" href=\"https:\/\/www.hotel-napoleon-bastia.fr\/it\/servizi-e-attrezzature\/\" \/>\n<meta property=\"og:locale\" content=\"it_IT\" \/>\n<meta property=\"og:type\" content=\"article\" \/>\n<meta property=\"og:title\" content=\"Servizi e attrezzature - H\u00f4tel Napol\u00e9on Bastia\" \/>\n<meta property=\"og:description\" content=\"Godetevi i nostri servizi in qualsiasi momento: la nostra reception \u00e8 aperta 24 ore su 24, 7 giorni su 7 per rispondere a tutte le vostre richieste.\" \/>\n<meta property=\"og:url\" content=\"https:\/\/www.hotel-napoleon-bastia.fr\/it\/servizi-e-attrezzature\/\" \/>\n<meta property=\"og:site_name\" content=\"H\u00f4tel Napol\u00e9on Bastia\" \/>\n<meta property=\"article:modified_time\" content=\"2024-09-04T10:03:37+00:00\" \/>\n<meta name=\"twitter:card\" content=\"summary_large_image\" \/>\n<meta name=\"twitter:label1\" content=\"Tempo di lettura stimato\" \/>\n\t<meta name=\"twitter:data1\" content=\"1 minuto\" \/>\n<script type=\"application\/ld+json\" class=\"yoast-schema-graph\">{\"@context\":\"https:\/\/schema.org\",\"@graph\":[{\"@type\":\"WebPage\",\"@id\":\"https:\/\/www.hotel-napoleon-bastia.fr\/it\/servizi-e-attrezzature\/\",\"url\":\"https:\/\/www.hotel-napoleon-bastia.fr\/it\/servizi-e-attrezzature\/\",\"name\":\"Servizi e attrezzature - H\u00f4tel Napol\u00e9on Bastia\",\"isPartOf\":{\"@id\":\"https:\/\/www.hotel-napoleon-bastia.fr\/it\/#website\"},\"datePublished\":\"2023-01-25T15:41:52+00:00\",\"dateModified\":\"2024-09-04T10:03:37+00:00\",\"description\":\"Godetevi i nostri servizi in qualsiasi momento: la nostra reception \u00e8 aperta 24 ore su 24, 7 giorni su 7 per rispondere a tutte le vostre richieste.\",\"breadcrumb\":{\"@id\":\"https:\/\/www.hotel-napoleon-bastia.fr\/it\/servizi-e-attrezzature\/#breadcrumb\"},\"inLanguage\":\"it-IT\",\"potentialAction\":[{\"@type\":\"ReadAction\",\"target\":[\"https:\/\/www.hotel-napoleon-bastia.fr\/it\/servizi-e-attrezzature\/\"]}]},{\"@type\":\"BreadcrumbList\",\"@id\":\"https:\/\/www.hotel-napoleon-bastia.fr\/it\/servizi-e-attrezzature\/#breadcrumb\",\"itemListElement\":[{\"@type\":\"ListItem\",\"position\":1,\"name\":\"Home\",\"item\":\"https:\/\/www.hotel-napoleon-bastia.fr\/it\/\"},{\"@type\":\"ListItem\",\"position\":2,\"name\":\"Servizi e attrezzature\"}]},{\"@type\":\"WebSite\",\"@id\":\"https:\/\/www.hotel-napoleon-bastia.fr\/it\/#website\",\"url\":\"https:\/\/www.hotel-napoleon-bastia.fr\/it\/\",\"name\":\"H\u00f4tel Napol\u00e9on Bastia\",\"description\":\"\",\"potentialAction\":[{\"@type\":\"SearchAction\",\"target\":{\"@type\":\"EntryPoint\",\"urlTemplate\":\"https:\/\/www.hotel-napoleon-bastia.fr\/it\/?s={search_term_string}\"},\"query-input\":{\"@type\":\"PropertyValueSpecification\",\"valueRequired\":true,\"valueName\":\"search_term_string\"}}],\"inLanguage\":\"it-IT\"}]}<\/script>\n<!-- \/ Yoast SEO plugin. -->","yoast_head_json":{"title":"Servizi e attrezzature - H\u00f4tel Napol\u00e9on Bastia","description":"Godetevi i nostri servizi in qualsiasi momento: la nostra reception \u00e8 aperta 24 ore su 24, 7 giorni su 7 per rispondere a tutte le vostre richieste.","robots":{"index":"index","follow":"follow","max-snippet":"max-snippet:-1","max-image-preview":"max-image-preview:large","max-video-preview":"max-video-preview:-1"},"canonical":"https:\/\/www.hotel-napoleon-bastia.fr\/it\/servizi-e-attrezzature\/","og_locale":"it_IT","og_type":"article","og_title":"Servizi e attrezzature - H\u00f4tel Napol\u00e9on Bastia","og_description":"Godetevi i nostri servizi in qualsiasi momento: la nostra reception \u00e8 aperta 24 ore su 24, 7 giorni su 7 per rispondere a tutte le vostre richieste.","og_url":"https:\/\/www.hotel-napoleon-bastia.fr\/it\/servizi-e-attrezzature\/","og_site_name":"H\u00f4tel Napol\u00e9on Bastia","article_modified_time":"2024-09-04T10:03:37+00:00","twitter_card":"summary_large_image","twitter_misc":{"Tempo di lettura stimato":"1 minuto"},"schema":{"@context":"https:\/\/schema.org","@graph":[{"@type":"WebPage","@id":"https:\/\/www.hotel-napoleon-bastia.fr\/it\/servizi-e-attrezzature\/","url":"https:\/\/www.hotel-napoleon-bastia.fr\/it\/servizi-e-attrezzature\/","name":"Servizi e attrezzature - H\u00f4tel Napol\u00e9on Bastia","isPartOf":{"@id":"https:\/\/www.hotel-napoleon-bastia.fr\/it\/#website"},"datePublished":"2023-01-25T15:41:52+00:00","dateModified":"2024-09-04T10:03:37+00:00","description":"Godetevi i nostri servizi in qualsiasi momento: la nostra reception \u00e8 aperta 24 ore su 24, 7 giorni su 7 per rispondere a tutte le vostre richieste.","breadcrumb":{"@id":"https:\/\/www.hotel-napoleon-bastia.fr\/it\/servizi-e-attrezzature\/#breadcrumb"},"inLanguage":"it-IT","potentialAction":[{"@type":"ReadAction","target":["https:\/\/www.hotel-napoleon-bastia.fr\/it\/servizi-e-attrezzature\/"]}]},{"@type":"BreadcrumbList","@id":"https:\/\/www.hotel-napoleon-bastia.fr\/it\/servizi-e-attrezzature\/#breadcrumb","itemListElement":[{"@type":"ListItem","position":1,"name":"Home","item":"https:\/\/www.hotel-napoleon-bastia.fr\/it\/"},{"@type":"ListItem","position":2,"name":"Servizi e attrezzature"}]},{"@type":"WebSite","@id":"https:\/\/www.hotel-napoleon-bastia.fr\/it\/#website","url":"https:\/\/www.hotel-napoleon-bastia.fr\/it\/","name":"H\u00f4tel Napol\u00e9on Bastia","description":"","potentialAction":[{"@type":"SearchAction","target":{"@type":"EntryPoint","urlTemplate":"https:\/\/www.hotel-napoleon-bastia.fr\/it\/?s={search_term_string}"},"query-input":{"@type":"PropertyValueSpecification","valueRequired":true,"valueName":"search_term_string"}}],"inLanguage":"it-IT"}]}},"acf":[],"_links":{"self":[{"href":"https:\/\/www.hotel-napoleon-bastia.fr\/it\/wp-json\/wp\/v2\/pages\/235","targetHints":{"allow":["GET"]}}],"collection":[{"href":"https:\/\/www.hotel-napoleon-bastia.fr\/it\/wp-json\/wp\/v2\/pages"}],"about":[{"href":"https:\/\/www.hotel-napoleon-bastia.fr\/it\/wp-json\/wp\/v2\/types\/page"}],"author":[{"embeddable":true,"href":"https:\/\/www.hotel-napoleon-bastia.fr\/it\/wp-json\/wp\/v2\/users\/46"}],"replies":[{"embeddable":true,"href":"https:\/\/www.hotel-napoleon-bastia.fr\/it\/wp-json\/wp\/v2\/comments?post=235"}],"version-history":[{"count":0,"href":"https:\/\/www.hotel-napoleon-bastia.fr\/it\/wp-json\/wp\/v2\/pages\/235\/revisions"}],"wp:attachment":[{"href":"https:\/\/www.hotel-napoleon-bastia.fr\/it\/wp-json\/wp\/v2\/media?parent=235"}],"curies":[{"name":"wp","href":"https:\/\/api.w.org\/{rel}","templated":true}]}}