{"id":241,"date":"2023-01-25T15:44:08","date_gmt":"2023-01-25T15:44:08","guid":{"rendered":"https:\/\/bastia.ms.decms.eu\/bastia\/galerie-photos-de-bastia\/"},"modified":"2023-04-12T08:50:04","modified_gmt":"2023-04-12T08:50:04","slug":"galery-di-bastia","status":"publish","type":"page","link":"https:\/\/www.hotel-napoleon-bastia.fr\/it\/bastia\/galery-di-bastia\/","title":{"rendered":"Galery di Bastia"},"content":{"rendered":"<p style=\"text-align: center;\">Scopri la citt\u00e0 di Bastia !<\/p>\n","protected":false},"excerpt":{"rendered":"<p>Scopri la citt\u00e0 di Bastia !<\/p>\n","protected":false},"author":46,"featured_media":0,"parent":237,"menu_order":410,"comment_status":"closed","ping_status":"closed","template":"template-default-2.php","meta":{"footnotes":""},"class_list":["post-241","page","type-page","status-publish","hentry"],"yoast_head":"<!-- This site is optimized with the Yoast SEO plugin v26.9 - https:\/\/yoast.com\/product\/yoast-seo-wordpress\/ -->\n<title>Galery di Bastia - H\u00f4tel Napol\u00e9on Bastia<\/title>\n<meta name=\"description\" content=\"Scopri la citt\u00e0 di Bastia !\" \/>\n<meta name=\"robots\" content=\"index, follow, max-snippet:-1, max-image-preview:large, max-video-preview:-1\" \/>\n<link rel=\"canonical\" href=\"https:\/\/www.hotel-napoleon-bastia.fr\/it\/bastia\/galery-di-bastia\/\" \/>\n<meta property=\"og:locale\" content=\"it_IT\" \/>\n<meta property=\"og:type\" content=\"article\" \/>\n<meta property=\"og:title\" content=\"Galery di Bastia - H\u00f4tel Napol\u00e9on Bastia\" \/>\n<meta property=\"og:description\" content=\"Scopri la citt\u00e0 di Bastia !\" \/>\n<meta property=\"og:url\" content=\"https:\/\/www.hotel-napoleon-bastia.fr\/it\/bastia\/galery-di-bastia\/\" \/>\n<meta property=\"og:site_name\" content=\"H\u00f4tel Napol\u00e9on Bastia\" \/>\n<meta property=\"article:modified_time\" content=\"2023-04-12T08:50:04+00:00\" \/>\n<meta name=\"twitter:card\" content=\"summary_large_image\" \/>\n<meta name=\"twitter:label1\" content=\"Tempo di lettura stimato\" \/>\n\t<meta name=\"twitter:data1\" content=\"1 minuto\" \/>\n<script type=\"application\/ld+json\" class=\"yoast-schema-graph\">{\"@context\":\"https:\/\/schema.org\",\"@graph\":[{\"@type\":\"WebPage\",\"@id\":\"https:\/\/www.hotel-napoleon-bastia.fr\/it\/bastia\/galery-di-bastia\/\",\"url\":\"https:\/\/www.hotel-napoleon-bastia.fr\/it\/bastia\/galery-di-bastia\/\",\"name\":\"Galery di Bastia - H\u00f4tel Napol\u00e9on Bastia\",\"isPartOf\":{\"@id\":\"https:\/\/www.hotel-napoleon-bastia.fr\/it\/#website\"},\"datePublished\":\"2023-01-25T15:44:08+00:00\",\"dateModified\":\"2023-04-12T08:50:04+00:00\",\"description\":\"Scopri la citt\u00e0 di Bastia !\",\"breadcrumb\":{\"@id\":\"https:\/\/www.hotel-napoleon-bastia.fr\/it\/bastia\/galery-di-bastia\/#breadcrumb\"},\"inLanguage\":\"it-IT\",\"potentialAction\":[{\"@type\":\"ReadAction\",\"target\":[\"https:\/\/www.hotel-napoleon-bastia.fr\/it\/bastia\/galery-di-bastia\/\"]}]},{\"@type\":\"BreadcrumbList\",\"@id\":\"https:\/\/www.hotel-napoleon-bastia.fr\/it\/bastia\/galery-di-bastia\/#breadcrumb\",\"itemListElement\":[{\"@type\":\"ListItem\",\"position\":1,\"name\":\"Home\",\"item\":\"https:\/\/www.hotel-napoleon-bastia.fr\/it\/\"},{\"@type\":\"ListItem\",\"position\":2,\"name\":\"Bastia\",\"item\":\"https:\/\/www.hotel-napoleon-bastia.fr\/it\/bastia\/\"},{\"@type\":\"ListItem\",\"position\":3,\"name\":\"Galery di Bastia\"}]},{\"@type\":\"WebSite\",\"@id\":\"https:\/\/www.hotel-napoleon-bastia.fr\/it\/#website\",\"url\":\"https:\/\/www.hotel-napoleon-bastia.fr\/it\/\",\"name\":\"H\u00f4tel Napol\u00e9on Bastia\",\"description\":\"\",\"potentialAction\":[{\"@type\":\"SearchAction\",\"target\":{\"@type\":\"EntryPoint\",\"urlTemplate\":\"https:\/\/www.hotel-napoleon-bastia.fr\/it\/?s={search_term_string}\"},\"query-input\":{\"@type\":\"PropertyValueSpecification\",\"valueRequired\":true,\"valueName\":\"search_term_string\"}}],\"inLanguage\":\"it-IT\"}]}<\/script>\n<!-- \/ Yoast SEO plugin. -->","yoast_head_json":{"title":"Galery di Bastia - H\u00f4tel Napol\u00e9on Bastia","description":"Scopri la citt\u00e0 di Bastia !","robots":{"index":"index","follow":"follow","max-snippet":"max-snippet:-1","max-image-preview":"max-image-preview:large","max-video-preview":"max-video-preview:-1"},"canonical":"https:\/\/www.hotel-napoleon-bastia.fr\/it\/bastia\/galery-di-bastia\/","og_locale":"it_IT","og_type":"article","og_title":"Galery di Bastia - H\u00f4tel Napol\u00e9on Bastia","og_description":"Scopri la citt\u00e0 di Bastia !","og_url":"https:\/\/www.hotel-napoleon-bastia.fr\/it\/bastia\/galery-di-bastia\/","og_site_name":"H\u00f4tel Napol\u00e9on Bastia","article_modified_time":"2023-04-12T08:50:04+00:00","twitter_card":"summary_large_image","twitter_misc":{"Tempo di lettura stimato":"1 minuto"},"schema":{"@context":"https:\/\/schema.org","@graph":[{"@type":"WebPage","@id":"https:\/\/www.hotel-napoleon-bastia.fr\/it\/bastia\/galery-di-bastia\/","url":"https:\/\/www.hotel-napoleon-bastia.fr\/it\/bastia\/galery-di-bastia\/","name":"Galery di Bastia - H\u00f4tel Napol\u00e9on Bastia","isPartOf":{"@id":"https:\/\/www.hotel-napoleon-bastia.fr\/it\/#website"},"datePublished":"2023-01-25T15:44:08+00:00","dateModified":"2023-04-12T08:50:04+00:00","description":"Scopri la citt\u00e0 di Bastia !","breadcrumb":{"@id":"https:\/\/www.hotel-napoleon-bastia.fr\/it\/bastia\/galery-di-bastia\/#breadcrumb"},"inLanguage":"it-IT","potentialAction":[{"@type":"ReadAction","target":["https:\/\/www.hotel-napoleon-bastia.fr\/it\/bastia\/galery-di-bastia\/"]}]},{"@type":"BreadcrumbList","@id":"https:\/\/www.hotel-napoleon-bastia.fr\/it\/bastia\/galery-di-bastia\/#breadcrumb","itemListElement":[{"@type":"ListItem","position":1,"name":"Home","item":"https:\/\/www.hotel-napoleon-bastia.fr\/it\/"},{"@type":"ListItem","position":2,"name":"Bastia","item":"https:\/\/www.hotel-napoleon-bastia.fr\/it\/bastia\/"},{"@type":"ListItem","position":3,"name":"Galery di Bastia"}]},{"@type":"WebSite","@id":"https:\/\/www.hotel-napoleon-bastia.fr\/it\/#website","url":"https:\/\/www.hotel-napoleon-bastia.fr\/it\/","name":"H\u00f4tel Napol\u00e9on Bastia","description":"","potentialAction":[{"@type":"SearchAction","target":{"@type":"EntryPoint","urlTemplate":"https:\/\/www.hotel-napoleon-bastia.fr\/it\/?s={search_term_string}"},"query-input":{"@type":"PropertyValueSpecification","valueRequired":true,"valueName":"search_term_string"}}],"inLanguage":"it-IT"}]}},"acf":[],"_links":{"self":[{"href":"https:\/\/www.hotel-napoleon-bastia.fr\/it\/wp-json\/wp\/v2\/pages\/241","targetHints":{"allow":["GET"]}}],"collection":[{"href":"https:\/\/www.hotel-napoleon-bastia.fr\/it\/wp-json\/wp\/v2\/pages"}],"about":[{"href":"https:\/\/www.hotel-napoleon-bastia.fr\/it\/wp-json\/wp\/v2\/types\/page"}],"author":[{"embeddable":true,"href":"https:\/\/www.hotel-napoleon-bastia.fr\/it\/wp-json\/wp\/v2\/users\/46"}],"replies":[{"embeddable":true,"href":"https:\/\/www.hotel-napoleon-bastia.fr\/it\/wp-json\/wp\/v2\/comments?post=241"}],"version-history":[{"count":0,"href":"https:\/\/www.hotel-napoleon-bastia.fr\/it\/wp-json\/wp\/v2\/pages\/241\/revisions"}],"up":[{"embeddable":true,"href":"https:\/\/www.hotel-napoleon-bastia.fr\/it\/wp-json\/wp\/v2\/pages\/237"}],"wp:attachment":[{"href":"https:\/\/www.hotel-napoleon-bastia.fr\/it\/wp-json\/wp\/v2\/media?parent=241"}],"curies":[{"name":"wp","href":"https:\/\/api.w.org\/{rel}","templated":true}]}}