{"id":243,"date":"2023-01-27T14:11:36","date_gmt":"2023-01-27T14:11:36","guid":{"rendered":"https:\/\/bastia.ms.decms.eu\/lempreinte-caviste\/"},"modified":"2023-05-10T10:27:48","modified_gmt":"2023-05-10T10:27:48","slug":"lempreinte-caviste","status":"publish","type":"page","link":"https:\/\/www.hotel-napoleon-bastia.fr\/it\/i-nostri-suggerimenti\/lempreinte-caviste\/","title":{"rendered":"L&#8217;Empreinte Caviste"},"content":{"rendered":"<p style=\"text-align: left;\">\u00a0Situata a 30 metri dall&#8217;H\u00f4tel Napol\u00e9on a Bastia, troverete una vasta selezione di vini corsi, continentali, champagne e distillati, ma anche un negozio di gastronomia con ottimi consigli. Per le vostre esigenze dell&#8217;ultimo minuto, il negozio \u00e8 aperto tutti i giorni fino alle 20:00, anche la domenica mattina.<\/p>\n<p><strong>4 avenue Mar\u00e9chal S\u00e9bastiani, 20200 Bastia<\/strong><br \/>\n<a href=\"tel:+33 (0)4 95 65 31 13\">+33 (0)4 95 65 31 13<\/a><\/p>\n","protected":false},"excerpt":{"rendered":"<p>\u00a0Situata a 30 metri dall&#8217;H\u00f4tel Napol\u00e9on a Bastia, troverete una vasta selezione di vini corsi, continentali, champagne e distillati, ma anche un negozio di gastronomia con ottimi consigli. Per le vostre esigenze dell&#8217;ultimo minuto, il negozio \u00e8 aperto tutti i giorni fino alle 20:00, anche la domenica mattina. 4 avenue Mar\u00e9chal S\u00e9bastiani, 20200 Bastia +33 [&hellip;]<\/p>\n","protected":false},"author":46,"featured_media":0,"parent":252,"menu_order":510,"comment_status":"closed","ping_status":"closed","template":"template-default-2.php","meta":{"footnotes":""},"class_list":["post-243","page","type-page","status-publish","hentry"],"yoast_head":"<!-- This site is optimized with the Yoast SEO plugin v26.9 - https:\/\/yoast.com\/product\/yoast-seo-wordpress\/ -->\n<title>L&#039;Empreinte Caviste - H\u00f4tel Napol\u00e9on Bastia<\/title>\n<meta name=\"description\" content=\"\u00a0Situata a 30 metri dall&#039;H\u00f4tel Napol\u00e9on a Bastia, troverete una vasta selezione di vini corsi, continentali, champagne e distillati, ma anche un negozio\" \/>\n<meta name=\"robots\" content=\"index, follow, max-snippet:-1, max-image-preview:large, max-video-preview:-1\" \/>\n<link rel=\"canonical\" href=\"https:\/\/www.hotel-napoleon-bastia.fr\/it\/i-nostri-suggerimenti\/lempreinte-caviste\/\" \/>\n<meta property=\"og:locale\" content=\"it_IT\" \/>\n<meta property=\"og:type\" content=\"article\" \/>\n<meta property=\"og:title\" content=\"L&#039;Empreinte Caviste - H\u00f4tel Napol\u00e9on Bastia\" \/>\n<meta property=\"og:description\" content=\"\u00a0Situata a 30 metri dall&#039;H\u00f4tel Napol\u00e9on a Bastia, troverete una vasta selezione di vini corsi, continentali, champagne e distillati, ma anche un negozio\" \/>\n<meta property=\"og:url\" content=\"https:\/\/www.hotel-napoleon-bastia.fr\/it\/i-nostri-suggerimenti\/lempreinte-caviste\/\" \/>\n<meta property=\"og:site_name\" content=\"H\u00f4tel Napol\u00e9on Bastia\" \/>\n<meta property=\"article:modified_time\" content=\"2023-05-10T10:27:48+00:00\" \/>\n<meta name=\"twitter:card\" content=\"summary_large_image\" \/>\n<meta name=\"twitter:label1\" content=\"Tempo di lettura stimato\" \/>\n\t<meta name=\"twitter:data1\" content=\"1 minuto\" \/>\n<script type=\"application\/ld+json\" class=\"yoast-schema-graph\">{\"@context\":\"https:\/\/schema.org\",\"@graph\":[{\"@type\":\"WebPage\",\"@id\":\"https:\/\/www.hotel-napoleon-bastia.fr\/it\/i-nostri-suggerimenti\/lempreinte-caviste\/\",\"url\":\"https:\/\/www.hotel-napoleon-bastia.fr\/it\/i-nostri-suggerimenti\/lempreinte-caviste\/\",\"name\":\"L'Empreinte Caviste - H\u00f4tel Napol\u00e9on Bastia\",\"isPartOf\":{\"@id\":\"https:\/\/www.hotel-napoleon-bastia.fr\/it\/#website\"},\"datePublished\":\"2023-01-27T14:11:36+00:00\",\"dateModified\":\"2023-05-10T10:27:48+00:00\",\"description\":\"\u00a0Situata a 30 metri dall'H\u00f4tel Napol\u00e9on a Bastia, troverete una vasta selezione di vini corsi, continentali, champagne e distillati, ma anche un negozio\",\"breadcrumb\":{\"@id\":\"https:\/\/www.hotel-napoleon-bastia.fr\/it\/i-nostri-suggerimenti\/lempreinte-caviste\/#breadcrumb\"},\"inLanguage\":\"it-IT\",\"potentialAction\":[{\"@type\":\"ReadAction\",\"target\":[\"https:\/\/www.hotel-napoleon-bastia.fr\/it\/i-nostri-suggerimenti\/lempreinte-caviste\/\"]}]},{\"@type\":\"BreadcrumbList\",\"@id\":\"https:\/\/www.hotel-napoleon-bastia.fr\/it\/i-nostri-suggerimenti\/lempreinte-caviste\/#breadcrumb\",\"itemListElement\":[{\"@type\":\"ListItem\",\"position\":1,\"name\":\"Home\",\"item\":\"https:\/\/www.hotel-napoleon-bastia.fr\/it\/\"},{\"@type\":\"ListItem\",\"position\":2,\"name\":\"I nostri suggerimenti\",\"item\":\"https:\/\/www.hotel-napoleon-bastia.fr\/it\/i-nostri-suggerimenti\/\"},{\"@type\":\"ListItem\",\"position\":3,\"name\":\"L&#8217;Empreinte Caviste\"}]},{\"@type\":\"WebSite\",\"@id\":\"https:\/\/www.hotel-napoleon-bastia.fr\/it\/#website\",\"url\":\"https:\/\/www.hotel-napoleon-bastia.fr\/it\/\",\"name\":\"H\u00f4tel Napol\u00e9on Bastia\",\"description\":\"\",\"potentialAction\":[{\"@type\":\"SearchAction\",\"target\":{\"@type\":\"EntryPoint\",\"urlTemplate\":\"https:\/\/www.hotel-napoleon-bastia.fr\/it\/?s={search_term_string}\"},\"query-input\":{\"@type\":\"PropertyValueSpecification\",\"valueRequired\":true,\"valueName\":\"search_term_string\"}}],\"inLanguage\":\"it-IT\"}]}<\/script>\n<!-- \/ Yoast SEO plugin. -->","yoast_head_json":{"title":"L'Empreinte Caviste - H\u00f4tel Napol\u00e9on Bastia","description":"\u00a0Situata a 30 metri dall'H\u00f4tel Napol\u00e9on a Bastia, troverete una vasta selezione di vini corsi, continentali, champagne e distillati, ma anche un negozio","robots":{"index":"index","follow":"follow","max-snippet":"max-snippet:-1","max-image-preview":"max-image-preview:large","max-video-preview":"max-video-preview:-1"},"canonical":"https:\/\/www.hotel-napoleon-bastia.fr\/it\/i-nostri-suggerimenti\/lempreinte-caviste\/","og_locale":"it_IT","og_type":"article","og_title":"L'Empreinte Caviste - H\u00f4tel Napol\u00e9on Bastia","og_description":"\u00a0Situata a 30 metri dall'H\u00f4tel Napol\u00e9on a Bastia, troverete una vasta selezione di vini corsi, continentali, champagne e distillati, ma anche un negozio","og_url":"https:\/\/www.hotel-napoleon-bastia.fr\/it\/i-nostri-suggerimenti\/lempreinte-caviste\/","og_site_name":"H\u00f4tel Napol\u00e9on Bastia","article_modified_time":"2023-05-10T10:27:48+00:00","twitter_card":"summary_large_image","twitter_misc":{"Tempo di lettura stimato":"1 minuto"},"schema":{"@context":"https:\/\/schema.org","@graph":[{"@type":"WebPage","@id":"https:\/\/www.hotel-napoleon-bastia.fr\/it\/i-nostri-suggerimenti\/lempreinte-caviste\/","url":"https:\/\/www.hotel-napoleon-bastia.fr\/it\/i-nostri-suggerimenti\/lempreinte-caviste\/","name":"L'Empreinte Caviste - H\u00f4tel Napol\u00e9on Bastia","isPartOf":{"@id":"https:\/\/www.hotel-napoleon-bastia.fr\/it\/#website"},"datePublished":"2023-01-27T14:11:36+00:00","dateModified":"2023-05-10T10:27:48+00:00","description":"\u00a0Situata a 30 metri dall'H\u00f4tel Napol\u00e9on a Bastia, troverete una vasta selezione di vini corsi, continentali, champagne e distillati, ma anche un negozio","breadcrumb":{"@id":"https:\/\/www.hotel-napoleon-bastia.fr\/it\/i-nostri-suggerimenti\/lempreinte-caviste\/#breadcrumb"},"inLanguage":"it-IT","potentialAction":[{"@type":"ReadAction","target":["https:\/\/www.hotel-napoleon-bastia.fr\/it\/i-nostri-suggerimenti\/lempreinte-caviste\/"]}]},{"@type":"BreadcrumbList","@id":"https:\/\/www.hotel-napoleon-bastia.fr\/it\/i-nostri-suggerimenti\/lempreinte-caviste\/#breadcrumb","itemListElement":[{"@type":"ListItem","position":1,"name":"Home","item":"https:\/\/www.hotel-napoleon-bastia.fr\/it\/"},{"@type":"ListItem","position":2,"name":"I nostri suggerimenti","item":"https:\/\/www.hotel-napoleon-bastia.fr\/it\/i-nostri-suggerimenti\/"},{"@type":"ListItem","position":3,"name":"L&#8217;Empreinte Caviste"}]},{"@type":"WebSite","@id":"https:\/\/www.hotel-napoleon-bastia.fr\/it\/#website","url":"https:\/\/www.hotel-napoleon-bastia.fr\/it\/","name":"H\u00f4tel Napol\u00e9on Bastia","description":"","potentialAction":[{"@type":"SearchAction","target":{"@type":"EntryPoint","urlTemplate":"https:\/\/www.hotel-napoleon-bastia.fr\/it\/?s={search_term_string}"},"query-input":{"@type":"PropertyValueSpecification","valueRequired":true,"valueName":"search_term_string"}}],"inLanguage":"it-IT"}]}},"acf":[],"_links":{"self":[{"href":"https:\/\/www.hotel-napoleon-bastia.fr\/it\/wp-json\/wp\/v2\/pages\/243","targetHints":{"allow":["GET"]}}],"collection":[{"href":"https:\/\/www.hotel-napoleon-bastia.fr\/it\/wp-json\/wp\/v2\/pages"}],"about":[{"href":"https:\/\/www.hotel-napoleon-bastia.fr\/it\/wp-json\/wp\/v2\/types\/page"}],"author":[{"embeddable":true,"href":"https:\/\/www.hotel-napoleon-bastia.fr\/it\/wp-json\/wp\/v2\/users\/46"}],"replies":[{"embeddable":true,"href":"https:\/\/www.hotel-napoleon-bastia.fr\/it\/wp-json\/wp\/v2\/comments?post=243"}],"version-history":[{"count":0,"href":"https:\/\/www.hotel-napoleon-bastia.fr\/it\/wp-json\/wp\/v2\/pages\/243\/revisions"}],"up":[{"embeddable":true,"href":"https:\/\/www.hotel-napoleon-bastia.fr\/it\/wp-json\/wp\/v2\/pages\/252"}],"wp:attachment":[{"href":"https:\/\/www.hotel-napoleon-bastia.fr\/it\/wp-json\/wp\/v2\/media?parent=243"}],"curies":[{"name":"wp","href":"https:\/\/api.w.org\/{rel}","templated":true}]}}