{"id":244,"date":"2023-01-27T14:13:24","date_gmt":"2023-01-27T14:13:24","guid":{"rendered":"https:\/\/bastia.ms.decms.eu\/u-muntagnolu\/"},"modified":"2023-05-10T10:30:04","modified_gmt":"2023-05-10T10:30:04","slug":"u-muntagnolu","status":"publish","type":"page","link":"https:\/\/www.hotel-napoleon-bastia.fr\/it\/i-nostri-suggerimenti\/u-muntagnolu\/","title":{"rendered":"U Muntagnolu"},"content":{"rendered":"<p>U Montagnolu, situato a 300 metri dall&#8217;h\u00f4tel Napol\u00e9on a Bastia, offre in un&#8217;atmosfera rustica una selezione di salumi, farine di castagne, formaggi, miele, vini, ecc. provenienti esclusivamente da produttori e artigiani corsi. Aperto dal 1982.<\/p>\n<p><strong>15 rue C\u00e9sar Campinchi, 20200 Bastia<\/strong><br \/>\n<a href=\"tel:+33 (0)4 95 32 78 04\">+33 (0)4 95 32 78 04<\/a><br \/>\n<a href=\"https:\/\/www.umuntagnolu.com\/\" target=\"_blank\" rel=\"noopener\">https:\/\/www.umuntagnolu.com\/<\/a><\/p>\n","protected":false},"excerpt":{"rendered":"<p>U Montagnolu, situato a 300 metri dall&#8217;h\u00f4tel Napol\u00e9on a Bastia, offre in un&#8217;atmosfera rustica una selezione di salumi, farine di castagne, formaggi, miele, vini, ecc. provenienti esclusivamente da produttori e artigiani corsi. Aperto dal 1982. 15 rue C\u00e9sar Campinchi, 20200 Bastia +33 (0)4 95 32 78 04 https:\/\/www.umuntagnolu.com\/<\/p>\n","protected":false},"author":46,"featured_media":0,"parent":252,"menu_order":520,"comment_status":"closed","ping_status":"closed","template":"template-default-2.php","meta":{"footnotes":""},"class_list":["post-244","page","type-page","status-publish","hentry"],"yoast_head":"<!-- This site is optimized with the Yoast SEO plugin v26.9 - https:\/\/yoast.com\/product\/yoast-seo-wordpress\/ -->\n<title>U Muntagnolu - H\u00f4tel Napol\u00e9on Bastia<\/title>\n<meta name=\"description\" content=\"U Montagnolu, situato a 300 metri dall&#039;h\u00f4tel Napol\u00e9on a Bastia, offre in un&#039;atmosfera rustica una selezione di salumi, farine di castagne, formaggi,\" \/>\n<meta name=\"robots\" content=\"index, follow, max-snippet:-1, max-image-preview:large, max-video-preview:-1\" \/>\n<link rel=\"canonical\" href=\"https:\/\/www.hotel-napoleon-bastia.fr\/it\/i-nostri-suggerimenti\/u-muntagnolu\/\" \/>\n<meta property=\"og:locale\" content=\"it_IT\" \/>\n<meta property=\"og:type\" content=\"article\" \/>\n<meta property=\"og:title\" content=\"U Muntagnolu - H\u00f4tel Napol\u00e9on Bastia\" \/>\n<meta property=\"og:description\" content=\"U Montagnolu, situato a 300 metri dall&#039;h\u00f4tel Napol\u00e9on a Bastia, offre in un&#039;atmosfera rustica una selezione di salumi, farine di castagne, formaggi,\" \/>\n<meta property=\"og:url\" content=\"https:\/\/www.hotel-napoleon-bastia.fr\/it\/i-nostri-suggerimenti\/u-muntagnolu\/\" \/>\n<meta property=\"og:site_name\" content=\"H\u00f4tel Napol\u00e9on Bastia\" \/>\n<meta property=\"article:modified_time\" content=\"2023-05-10T10:30:04+00:00\" \/>\n<meta name=\"twitter:card\" content=\"summary_large_image\" \/>\n<meta name=\"twitter:label1\" content=\"Tempo di lettura stimato\" \/>\n\t<meta name=\"twitter:data1\" content=\"1 minuto\" \/>\n<script type=\"application\/ld+json\" class=\"yoast-schema-graph\">{\"@context\":\"https:\/\/schema.org\",\"@graph\":[{\"@type\":\"WebPage\",\"@id\":\"https:\/\/www.hotel-napoleon-bastia.fr\/it\/i-nostri-suggerimenti\/u-muntagnolu\/\",\"url\":\"https:\/\/www.hotel-napoleon-bastia.fr\/it\/i-nostri-suggerimenti\/u-muntagnolu\/\",\"name\":\"U Muntagnolu - H\u00f4tel Napol\u00e9on Bastia\",\"isPartOf\":{\"@id\":\"https:\/\/www.hotel-napoleon-bastia.fr\/it\/#website\"},\"datePublished\":\"2023-01-27T14:13:24+00:00\",\"dateModified\":\"2023-05-10T10:30:04+00:00\",\"description\":\"U Montagnolu, situato a 300 metri dall'h\u00f4tel Napol\u00e9on a Bastia, offre in un'atmosfera rustica una selezione di salumi, farine di castagne, formaggi,\",\"breadcrumb\":{\"@id\":\"https:\/\/www.hotel-napoleon-bastia.fr\/it\/i-nostri-suggerimenti\/u-muntagnolu\/#breadcrumb\"},\"inLanguage\":\"it-IT\",\"potentialAction\":[{\"@type\":\"ReadAction\",\"target\":[\"https:\/\/www.hotel-napoleon-bastia.fr\/it\/i-nostri-suggerimenti\/u-muntagnolu\/\"]}]},{\"@type\":\"BreadcrumbList\",\"@id\":\"https:\/\/www.hotel-napoleon-bastia.fr\/it\/i-nostri-suggerimenti\/u-muntagnolu\/#breadcrumb\",\"itemListElement\":[{\"@type\":\"ListItem\",\"position\":1,\"name\":\"Home\",\"item\":\"https:\/\/www.hotel-napoleon-bastia.fr\/it\/\"},{\"@type\":\"ListItem\",\"position\":2,\"name\":\"I nostri suggerimenti\",\"item\":\"https:\/\/www.hotel-napoleon-bastia.fr\/it\/i-nostri-suggerimenti\/\"},{\"@type\":\"ListItem\",\"position\":3,\"name\":\"U Muntagnolu\"}]},{\"@type\":\"WebSite\",\"@id\":\"https:\/\/www.hotel-napoleon-bastia.fr\/it\/#website\",\"url\":\"https:\/\/www.hotel-napoleon-bastia.fr\/it\/\",\"name\":\"H\u00f4tel Napol\u00e9on Bastia\",\"description\":\"\",\"potentialAction\":[{\"@type\":\"SearchAction\",\"target\":{\"@type\":\"EntryPoint\",\"urlTemplate\":\"https:\/\/www.hotel-napoleon-bastia.fr\/it\/?s={search_term_string}\"},\"query-input\":{\"@type\":\"PropertyValueSpecification\",\"valueRequired\":true,\"valueName\":\"search_term_string\"}}],\"inLanguage\":\"it-IT\"}]}<\/script>\n<!-- \/ Yoast SEO plugin. -->","yoast_head_json":{"title":"U Muntagnolu - H\u00f4tel Napol\u00e9on Bastia","description":"U Montagnolu, situato a 300 metri dall'h\u00f4tel Napol\u00e9on a Bastia, offre in un'atmosfera rustica una selezione di salumi, farine di castagne, formaggi,","robots":{"index":"index","follow":"follow","max-snippet":"max-snippet:-1","max-image-preview":"max-image-preview:large","max-video-preview":"max-video-preview:-1"},"canonical":"https:\/\/www.hotel-napoleon-bastia.fr\/it\/i-nostri-suggerimenti\/u-muntagnolu\/","og_locale":"it_IT","og_type":"article","og_title":"U Muntagnolu - H\u00f4tel Napol\u00e9on Bastia","og_description":"U Montagnolu, situato a 300 metri dall'h\u00f4tel Napol\u00e9on a Bastia, offre in un'atmosfera rustica una selezione di salumi, farine di castagne, formaggi,","og_url":"https:\/\/www.hotel-napoleon-bastia.fr\/it\/i-nostri-suggerimenti\/u-muntagnolu\/","og_site_name":"H\u00f4tel Napol\u00e9on Bastia","article_modified_time":"2023-05-10T10:30:04+00:00","twitter_card":"summary_large_image","twitter_misc":{"Tempo di lettura stimato":"1 minuto"},"schema":{"@context":"https:\/\/schema.org","@graph":[{"@type":"WebPage","@id":"https:\/\/www.hotel-napoleon-bastia.fr\/it\/i-nostri-suggerimenti\/u-muntagnolu\/","url":"https:\/\/www.hotel-napoleon-bastia.fr\/it\/i-nostri-suggerimenti\/u-muntagnolu\/","name":"U Muntagnolu - H\u00f4tel Napol\u00e9on Bastia","isPartOf":{"@id":"https:\/\/www.hotel-napoleon-bastia.fr\/it\/#website"},"datePublished":"2023-01-27T14:13:24+00:00","dateModified":"2023-05-10T10:30:04+00:00","description":"U Montagnolu, situato a 300 metri dall'h\u00f4tel Napol\u00e9on a Bastia, offre in un'atmosfera rustica una selezione di salumi, farine di castagne, formaggi,","breadcrumb":{"@id":"https:\/\/www.hotel-napoleon-bastia.fr\/it\/i-nostri-suggerimenti\/u-muntagnolu\/#breadcrumb"},"inLanguage":"it-IT","potentialAction":[{"@type":"ReadAction","target":["https:\/\/www.hotel-napoleon-bastia.fr\/it\/i-nostri-suggerimenti\/u-muntagnolu\/"]}]},{"@type":"BreadcrumbList","@id":"https:\/\/www.hotel-napoleon-bastia.fr\/it\/i-nostri-suggerimenti\/u-muntagnolu\/#breadcrumb","itemListElement":[{"@type":"ListItem","position":1,"name":"Home","item":"https:\/\/www.hotel-napoleon-bastia.fr\/it\/"},{"@type":"ListItem","position":2,"name":"I nostri suggerimenti","item":"https:\/\/www.hotel-napoleon-bastia.fr\/it\/i-nostri-suggerimenti\/"},{"@type":"ListItem","position":3,"name":"U Muntagnolu"}]},{"@type":"WebSite","@id":"https:\/\/www.hotel-napoleon-bastia.fr\/it\/#website","url":"https:\/\/www.hotel-napoleon-bastia.fr\/it\/","name":"H\u00f4tel Napol\u00e9on Bastia","description":"","potentialAction":[{"@type":"SearchAction","target":{"@type":"EntryPoint","urlTemplate":"https:\/\/www.hotel-napoleon-bastia.fr\/it\/?s={search_term_string}"},"query-input":{"@type":"PropertyValueSpecification","valueRequired":true,"valueName":"search_term_string"}}],"inLanguage":"it-IT"}]}},"acf":[],"_links":{"self":[{"href":"https:\/\/www.hotel-napoleon-bastia.fr\/it\/wp-json\/wp\/v2\/pages\/244","targetHints":{"allow":["GET"]}}],"collection":[{"href":"https:\/\/www.hotel-napoleon-bastia.fr\/it\/wp-json\/wp\/v2\/pages"}],"about":[{"href":"https:\/\/www.hotel-napoleon-bastia.fr\/it\/wp-json\/wp\/v2\/types\/page"}],"author":[{"embeddable":true,"href":"https:\/\/www.hotel-napoleon-bastia.fr\/it\/wp-json\/wp\/v2\/users\/46"}],"replies":[{"embeddable":true,"href":"https:\/\/www.hotel-napoleon-bastia.fr\/it\/wp-json\/wp\/v2\/comments?post=244"}],"version-history":[{"count":0,"href":"https:\/\/www.hotel-napoleon-bastia.fr\/it\/wp-json\/wp\/v2\/pages\/244\/revisions"}],"up":[{"embeddable":true,"href":"https:\/\/www.hotel-napoleon-bastia.fr\/it\/wp-json\/wp\/v2\/pages\/252"}],"wp:attachment":[{"href":"https:\/\/www.hotel-napoleon-bastia.fr\/it\/wp-json\/wp\/v2\/media?parent=244"}],"curies":[{"name":"wp","href":"https:\/\/api.w.org\/{rel}","templated":true}]}}