{"id":247,"date":"2023-03-07T15:51:14","date_gmt":"2023-03-07T15:51:14","guid":{"rendered":"https:\/\/bastia.ms.decms.eu\/mattei-concept-store\/"},"modified":"2023-05-10T11:03:57","modified_gmt":"2023-05-10T11:03:57","slug":"mattei-concept-store","status":"publish","type":"page","link":"https:\/\/www.hotel-napoleon-bastia.fr\/it\/i-nostri-suggerimenti\/mattei-concept-store\/","title":{"rendered":"Mattei Concept Store"},"content":{"rendered":"<p>Istituzione bastiaise dal 1872, a 100 metri dall&#8217;H\u00f4tel Napol\u00e9on a Bastia, \u00e8 l&#8217;unico negozio della Corsica iscritto ai Monumenti Storici. In questo luogo accogliente dove tutto \u00e8 stato fedelmente conservato, troverete naturalmente i prodotti L.N. Mattei, ma anche una vasta gamma di vini, spiriti, prodotti alimentari e oggetti selezionati.<\/p>\n<p><strong>15 boulevard de Gaulle, 20200 Bastia<\/strong><br \/>\n<a href=\"tel:+33 (0)4 95 32 44 38\">+33 (0)4 95 32 44 38<\/a><br \/>\n<a href=\"https:\/\/distilleriemattei.com\/concept-store\/\" target=\"_blank\" rel=\"noopener\">https:\/\/distilleriemattei.com\/concept-store\/<\/a><\/p>\n","protected":false},"excerpt":{"rendered":"<p>Istituzione bastiaise dal 1872, a 100 metri dall&#8217;H\u00f4tel Napol\u00e9on a Bastia, \u00e8 l&#8217;unico negozio della Corsica iscritto ai Monumenti Storici. In questo luogo accogliente dove tutto \u00e8 stato fedelmente conservato, troverete naturalmente i prodotti L.N. Mattei, ma anche una vasta gamma di vini, spiriti, prodotti alimentari e oggetti selezionati. 15 boulevard de Gaulle, 20200 Bastia [&hellip;]<\/p>\n","protected":false},"author":46,"featured_media":0,"parent":252,"menu_order":540,"comment_status":"closed","ping_status":"closed","template":"template-default-2.php","meta":{"footnotes":""},"class_list":["post-247","page","type-page","status-publish","hentry"],"yoast_head":"<!-- This site is optimized with the Yoast SEO plugin v26.9 - https:\/\/yoast.com\/product\/yoast-seo-wordpress\/ -->\n<title>Mattei Concept Store - H\u00f4tel Napol\u00e9on Bastia<\/title>\n<meta name=\"description\" content=\"Istituzione bastiaise dal 1872, a 100 metri dall&#039;H\u00f4tel Napol\u00e9on a Bastia, \u00e8 l&#039;unico negozio della Corsica iscritto ai Monumenti Storici. In questo luogo\" \/>\n<meta name=\"robots\" content=\"index, follow, max-snippet:-1, max-image-preview:large, max-video-preview:-1\" \/>\n<link rel=\"canonical\" href=\"https:\/\/www.hotel-napoleon-bastia.fr\/it\/i-nostri-suggerimenti\/mattei-concept-store\/\" \/>\n<meta property=\"og:locale\" content=\"it_IT\" \/>\n<meta property=\"og:type\" content=\"article\" \/>\n<meta property=\"og:title\" content=\"Mattei Concept Store - H\u00f4tel Napol\u00e9on Bastia\" \/>\n<meta property=\"og:description\" content=\"Istituzione bastiaise dal 1872, a 100 metri dall&#039;H\u00f4tel Napol\u00e9on a Bastia, \u00e8 l&#039;unico negozio della Corsica iscritto ai Monumenti Storici. In questo luogo\" \/>\n<meta property=\"og:url\" content=\"https:\/\/www.hotel-napoleon-bastia.fr\/it\/i-nostri-suggerimenti\/mattei-concept-store\/\" \/>\n<meta property=\"og:site_name\" content=\"H\u00f4tel Napol\u00e9on Bastia\" \/>\n<meta property=\"article:modified_time\" content=\"2023-05-10T11:03:57+00:00\" \/>\n<meta name=\"twitter:card\" content=\"summary_large_image\" \/>\n<meta name=\"twitter:label1\" content=\"Tempo di lettura stimato\" \/>\n\t<meta name=\"twitter:data1\" content=\"1 minuto\" \/>\n<script type=\"application\/ld+json\" class=\"yoast-schema-graph\">{\"@context\":\"https:\/\/schema.org\",\"@graph\":[{\"@type\":\"WebPage\",\"@id\":\"https:\/\/www.hotel-napoleon-bastia.fr\/it\/i-nostri-suggerimenti\/mattei-concept-store\/\",\"url\":\"https:\/\/www.hotel-napoleon-bastia.fr\/it\/i-nostri-suggerimenti\/mattei-concept-store\/\",\"name\":\"Mattei Concept Store - H\u00f4tel Napol\u00e9on Bastia\",\"isPartOf\":{\"@id\":\"https:\/\/www.hotel-napoleon-bastia.fr\/it\/#website\"},\"datePublished\":\"2023-03-07T15:51:14+00:00\",\"dateModified\":\"2023-05-10T11:03:57+00:00\",\"description\":\"Istituzione bastiaise dal 1872, a 100 metri dall'H\u00f4tel Napol\u00e9on a Bastia, \u00e8 l'unico negozio della Corsica iscritto ai Monumenti Storici. In questo luogo\",\"breadcrumb\":{\"@id\":\"https:\/\/www.hotel-napoleon-bastia.fr\/it\/i-nostri-suggerimenti\/mattei-concept-store\/#breadcrumb\"},\"inLanguage\":\"it-IT\",\"potentialAction\":[{\"@type\":\"ReadAction\",\"target\":[\"https:\/\/www.hotel-napoleon-bastia.fr\/it\/i-nostri-suggerimenti\/mattei-concept-store\/\"]}]},{\"@type\":\"BreadcrumbList\",\"@id\":\"https:\/\/www.hotel-napoleon-bastia.fr\/it\/i-nostri-suggerimenti\/mattei-concept-store\/#breadcrumb\",\"itemListElement\":[{\"@type\":\"ListItem\",\"position\":1,\"name\":\"Home\",\"item\":\"https:\/\/www.hotel-napoleon-bastia.fr\/it\/\"},{\"@type\":\"ListItem\",\"position\":2,\"name\":\"I nostri suggerimenti\",\"item\":\"https:\/\/www.hotel-napoleon-bastia.fr\/it\/i-nostri-suggerimenti\/\"},{\"@type\":\"ListItem\",\"position\":3,\"name\":\"Mattei Concept Store\"}]},{\"@type\":\"WebSite\",\"@id\":\"https:\/\/www.hotel-napoleon-bastia.fr\/it\/#website\",\"url\":\"https:\/\/www.hotel-napoleon-bastia.fr\/it\/\",\"name\":\"H\u00f4tel Napol\u00e9on Bastia\",\"description\":\"\",\"potentialAction\":[{\"@type\":\"SearchAction\",\"target\":{\"@type\":\"EntryPoint\",\"urlTemplate\":\"https:\/\/www.hotel-napoleon-bastia.fr\/it\/?s={search_term_string}\"},\"query-input\":{\"@type\":\"PropertyValueSpecification\",\"valueRequired\":true,\"valueName\":\"search_term_string\"}}],\"inLanguage\":\"it-IT\"}]}<\/script>\n<!-- \/ Yoast SEO plugin. -->","yoast_head_json":{"title":"Mattei Concept Store - H\u00f4tel Napol\u00e9on Bastia","description":"Istituzione bastiaise dal 1872, a 100 metri dall'H\u00f4tel Napol\u00e9on a Bastia, \u00e8 l'unico negozio della Corsica iscritto ai Monumenti Storici. In questo luogo","robots":{"index":"index","follow":"follow","max-snippet":"max-snippet:-1","max-image-preview":"max-image-preview:large","max-video-preview":"max-video-preview:-1"},"canonical":"https:\/\/www.hotel-napoleon-bastia.fr\/it\/i-nostri-suggerimenti\/mattei-concept-store\/","og_locale":"it_IT","og_type":"article","og_title":"Mattei Concept Store - H\u00f4tel Napol\u00e9on Bastia","og_description":"Istituzione bastiaise dal 1872, a 100 metri dall'H\u00f4tel Napol\u00e9on a Bastia, \u00e8 l'unico negozio della Corsica iscritto ai Monumenti Storici. In questo luogo","og_url":"https:\/\/www.hotel-napoleon-bastia.fr\/it\/i-nostri-suggerimenti\/mattei-concept-store\/","og_site_name":"H\u00f4tel Napol\u00e9on Bastia","article_modified_time":"2023-05-10T11:03:57+00:00","twitter_card":"summary_large_image","twitter_misc":{"Tempo di lettura stimato":"1 minuto"},"schema":{"@context":"https:\/\/schema.org","@graph":[{"@type":"WebPage","@id":"https:\/\/www.hotel-napoleon-bastia.fr\/it\/i-nostri-suggerimenti\/mattei-concept-store\/","url":"https:\/\/www.hotel-napoleon-bastia.fr\/it\/i-nostri-suggerimenti\/mattei-concept-store\/","name":"Mattei Concept Store - H\u00f4tel Napol\u00e9on Bastia","isPartOf":{"@id":"https:\/\/www.hotel-napoleon-bastia.fr\/it\/#website"},"datePublished":"2023-03-07T15:51:14+00:00","dateModified":"2023-05-10T11:03:57+00:00","description":"Istituzione bastiaise dal 1872, a 100 metri dall'H\u00f4tel Napol\u00e9on a Bastia, \u00e8 l'unico negozio della Corsica iscritto ai Monumenti Storici. In questo luogo","breadcrumb":{"@id":"https:\/\/www.hotel-napoleon-bastia.fr\/it\/i-nostri-suggerimenti\/mattei-concept-store\/#breadcrumb"},"inLanguage":"it-IT","potentialAction":[{"@type":"ReadAction","target":["https:\/\/www.hotel-napoleon-bastia.fr\/it\/i-nostri-suggerimenti\/mattei-concept-store\/"]}]},{"@type":"BreadcrumbList","@id":"https:\/\/www.hotel-napoleon-bastia.fr\/it\/i-nostri-suggerimenti\/mattei-concept-store\/#breadcrumb","itemListElement":[{"@type":"ListItem","position":1,"name":"Home","item":"https:\/\/www.hotel-napoleon-bastia.fr\/it\/"},{"@type":"ListItem","position":2,"name":"I nostri suggerimenti","item":"https:\/\/www.hotel-napoleon-bastia.fr\/it\/i-nostri-suggerimenti\/"},{"@type":"ListItem","position":3,"name":"Mattei Concept Store"}]},{"@type":"WebSite","@id":"https:\/\/www.hotel-napoleon-bastia.fr\/it\/#website","url":"https:\/\/www.hotel-napoleon-bastia.fr\/it\/","name":"H\u00f4tel Napol\u00e9on Bastia","description":"","potentialAction":[{"@type":"SearchAction","target":{"@type":"EntryPoint","urlTemplate":"https:\/\/www.hotel-napoleon-bastia.fr\/it\/?s={search_term_string}"},"query-input":{"@type":"PropertyValueSpecification","valueRequired":true,"valueName":"search_term_string"}}],"inLanguage":"it-IT"}]}},"acf":[],"_links":{"self":[{"href":"https:\/\/www.hotel-napoleon-bastia.fr\/it\/wp-json\/wp\/v2\/pages\/247","targetHints":{"allow":["GET"]}}],"collection":[{"href":"https:\/\/www.hotel-napoleon-bastia.fr\/it\/wp-json\/wp\/v2\/pages"}],"about":[{"href":"https:\/\/www.hotel-napoleon-bastia.fr\/it\/wp-json\/wp\/v2\/types\/page"}],"author":[{"embeddable":true,"href":"https:\/\/www.hotel-napoleon-bastia.fr\/it\/wp-json\/wp\/v2\/users\/46"}],"replies":[{"embeddable":true,"href":"https:\/\/www.hotel-napoleon-bastia.fr\/it\/wp-json\/wp\/v2\/comments?post=247"}],"version-history":[{"count":0,"href":"https:\/\/www.hotel-napoleon-bastia.fr\/it\/wp-json\/wp\/v2\/pages\/247\/revisions"}],"up":[{"embeddable":true,"href":"https:\/\/www.hotel-napoleon-bastia.fr\/it\/wp-json\/wp\/v2\/pages\/252"}],"wp:attachment":[{"href":"https:\/\/www.hotel-napoleon-bastia.fr\/it\/wp-json\/wp\/v2\/media?parent=247"}],"curies":[{"name":"wp","href":"https:\/\/api.w.org\/{rel}","templated":true}]}}