{"id":251,"date":"2023-03-15T17:01:01","date_gmt":"2023-03-15T17:01:01","guid":{"rendered":"https:\/\/bastia.ms.decms.eu\/otta-les-arranges-corses\/"},"modified":"2023-05-10T11:11:44","modified_gmt":"2023-05-10T11:11:44","slug":"otta-les-arranges-corses","status":"publish","type":"page","link":"https:\/\/www.hotel-napoleon-bastia.fr\/it\/i-nostri-suggerimenti\/otta-les-arranges-corses\/","title":{"rendered":"OTTA Les arrang\u00e9s Corses"},"content":{"rendered":"<p>Laurence e Sandra, esperte di gastronomia e mixology, sono le creatrici di gusto della Rhum&#8217;Arrangerie Corse, e hanno creato un universo intorno al rum grazie alle loro esperienze professionali e ai loro viaggi. I primi rum arrangiati in Corsica vedono la luce nelle antiche cantine di famiglia situate nei sotterranei di una torre medievale del XII secolo, nel Cap Corse. La produzione \u00e8 di alta qualit\u00e0 e la scelta \u00e8 incentrata su una rigorosa selezione di prodotti: frutta fresca locale ed esotica di stagione raccolta a maturazione, vaniglia di Bourbon di prima qualit\u00e0, spezie e zucchero di canna biologico.<\/p>\n<p><strong>Hameau de Torra 20228 Barrettali<\/strong><br \/>\n<a href=\"tel:+33 (0)6 60 97 83 10\">+33 (0)6 60 97 83 10<\/a><br \/>\n<a href=\"mailto:contact@rhum-corse.com\">contact@rhum-corse.com<\/a><br \/>\n<a class=\"waffle-rich-text-link\" href=\"http:\/\/rhum-corse.com\/\" target=\"_blank\" rel=\"noopener\">rhum-corse.com<\/a><\/p>\n","protected":false},"excerpt":{"rendered":"<p>Laurence e Sandra, esperte di gastronomia e mixology, sono le creatrici di gusto della Rhum&#8217;Arrangerie Corse, e hanno creato un universo intorno al rum grazie alle loro esperienze professionali e ai loro viaggi. I primi rum arrangiati in Corsica vedono la luce nelle antiche cantine di famiglia situate nei sotterranei di una torre medievale del [&hellip;]<\/p>\n","protected":false},"author":46,"featured_media":0,"parent":252,"menu_order":570,"comment_status":"closed","ping_status":"closed","template":"template-default-2.php","meta":{"footnotes":""},"class_list":["post-251","page","type-page","status-publish","hentry"],"yoast_head":"<!-- This site is optimized with the Yoast SEO plugin v26.9 - https:\/\/yoast.com\/product\/yoast-seo-wordpress\/ -->\n<title>OTTA Les arrang\u00e9s Corses - H\u00f4tel Napol\u00e9on Bastia<\/title>\n<meta name=\"description\" content=\"Laurence e Sandra, esperte di gastronomia e mixology, sono le creatrici di gusto della Rhum&#039;Arrangerie Corse, e hanno creato un universo intorno al rum\" \/>\n<meta name=\"robots\" content=\"index, follow, max-snippet:-1, max-image-preview:large, max-video-preview:-1\" \/>\n<link rel=\"canonical\" href=\"https:\/\/www.hotel-napoleon-bastia.fr\/it\/i-nostri-suggerimenti\/otta-les-arranges-corses\/\" \/>\n<meta property=\"og:locale\" content=\"it_IT\" \/>\n<meta property=\"og:type\" content=\"article\" \/>\n<meta property=\"og:title\" content=\"OTTA Les arrang\u00e9s Corses - H\u00f4tel Napol\u00e9on Bastia\" \/>\n<meta property=\"og:description\" content=\"Laurence e Sandra, esperte di gastronomia e mixology, sono le creatrici di gusto della Rhum&#039;Arrangerie Corse, e hanno creato un universo intorno al rum\" \/>\n<meta property=\"og:url\" content=\"https:\/\/www.hotel-napoleon-bastia.fr\/it\/i-nostri-suggerimenti\/otta-les-arranges-corses\/\" \/>\n<meta property=\"og:site_name\" content=\"H\u00f4tel Napol\u00e9on Bastia\" \/>\n<meta property=\"article:modified_time\" content=\"2023-05-10T11:11:44+00:00\" \/>\n<meta name=\"twitter:card\" content=\"summary_large_image\" \/>\n<meta name=\"twitter:label1\" content=\"Tempo di lettura stimato\" \/>\n\t<meta name=\"twitter:data1\" content=\"1 minuto\" \/>\n<script type=\"application\/ld+json\" class=\"yoast-schema-graph\">{\"@context\":\"https:\/\/schema.org\",\"@graph\":[{\"@type\":\"WebPage\",\"@id\":\"https:\/\/www.hotel-napoleon-bastia.fr\/it\/i-nostri-suggerimenti\/otta-les-arranges-corses\/\",\"url\":\"https:\/\/www.hotel-napoleon-bastia.fr\/it\/i-nostri-suggerimenti\/otta-les-arranges-corses\/\",\"name\":\"OTTA Les arrang\u00e9s Corses - H\u00f4tel Napol\u00e9on Bastia\",\"isPartOf\":{\"@id\":\"https:\/\/www.hotel-napoleon-bastia.fr\/it\/#website\"},\"datePublished\":\"2023-03-15T17:01:01+00:00\",\"dateModified\":\"2023-05-10T11:11:44+00:00\",\"description\":\"Laurence e Sandra, esperte di gastronomia e mixology, sono le creatrici di gusto della Rhum'Arrangerie Corse, e hanno creato un universo intorno al rum\",\"breadcrumb\":{\"@id\":\"https:\/\/www.hotel-napoleon-bastia.fr\/it\/i-nostri-suggerimenti\/otta-les-arranges-corses\/#breadcrumb\"},\"inLanguage\":\"it-IT\",\"potentialAction\":[{\"@type\":\"ReadAction\",\"target\":[\"https:\/\/www.hotel-napoleon-bastia.fr\/it\/i-nostri-suggerimenti\/otta-les-arranges-corses\/\"]}]},{\"@type\":\"BreadcrumbList\",\"@id\":\"https:\/\/www.hotel-napoleon-bastia.fr\/it\/i-nostri-suggerimenti\/otta-les-arranges-corses\/#breadcrumb\",\"itemListElement\":[{\"@type\":\"ListItem\",\"position\":1,\"name\":\"Home\",\"item\":\"https:\/\/www.hotel-napoleon-bastia.fr\/it\/\"},{\"@type\":\"ListItem\",\"position\":2,\"name\":\"I nostri suggerimenti\",\"item\":\"https:\/\/www.hotel-napoleon-bastia.fr\/it\/i-nostri-suggerimenti\/\"},{\"@type\":\"ListItem\",\"position\":3,\"name\":\"OTTA Les arrang\u00e9s Corses\"}]},{\"@type\":\"WebSite\",\"@id\":\"https:\/\/www.hotel-napoleon-bastia.fr\/it\/#website\",\"url\":\"https:\/\/www.hotel-napoleon-bastia.fr\/it\/\",\"name\":\"H\u00f4tel Napol\u00e9on Bastia\",\"description\":\"\",\"potentialAction\":[{\"@type\":\"SearchAction\",\"target\":{\"@type\":\"EntryPoint\",\"urlTemplate\":\"https:\/\/www.hotel-napoleon-bastia.fr\/it\/?s={search_term_string}\"},\"query-input\":{\"@type\":\"PropertyValueSpecification\",\"valueRequired\":true,\"valueName\":\"search_term_string\"}}],\"inLanguage\":\"it-IT\"}]}<\/script>\n<!-- \/ Yoast SEO plugin. -->","yoast_head_json":{"title":"OTTA Les arrang\u00e9s Corses - H\u00f4tel Napol\u00e9on Bastia","description":"Laurence e Sandra, esperte di gastronomia e mixology, sono le creatrici di gusto della Rhum'Arrangerie Corse, e hanno creato un universo intorno al rum","robots":{"index":"index","follow":"follow","max-snippet":"max-snippet:-1","max-image-preview":"max-image-preview:large","max-video-preview":"max-video-preview:-1"},"canonical":"https:\/\/www.hotel-napoleon-bastia.fr\/it\/i-nostri-suggerimenti\/otta-les-arranges-corses\/","og_locale":"it_IT","og_type":"article","og_title":"OTTA Les arrang\u00e9s Corses - H\u00f4tel Napol\u00e9on Bastia","og_description":"Laurence e Sandra, esperte di gastronomia e mixology, sono le creatrici di gusto della Rhum'Arrangerie Corse, e hanno creato un universo intorno al rum","og_url":"https:\/\/www.hotel-napoleon-bastia.fr\/it\/i-nostri-suggerimenti\/otta-les-arranges-corses\/","og_site_name":"H\u00f4tel Napol\u00e9on Bastia","article_modified_time":"2023-05-10T11:11:44+00:00","twitter_card":"summary_large_image","twitter_misc":{"Tempo di lettura stimato":"1 minuto"},"schema":{"@context":"https:\/\/schema.org","@graph":[{"@type":"WebPage","@id":"https:\/\/www.hotel-napoleon-bastia.fr\/it\/i-nostri-suggerimenti\/otta-les-arranges-corses\/","url":"https:\/\/www.hotel-napoleon-bastia.fr\/it\/i-nostri-suggerimenti\/otta-les-arranges-corses\/","name":"OTTA Les arrang\u00e9s Corses - H\u00f4tel Napol\u00e9on Bastia","isPartOf":{"@id":"https:\/\/www.hotel-napoleon-bastia.fr\/it\/#website"},"datePublished":"2023-03-15T17:01:01+00:00","dateModified":"2023-05-10T11:11:44+00:00","description":"Laurence e Sandra, esperte di gastronomia e mixology, sono le creatrici di gusto della Rhum'Arrangerie Corse, e hanno creato un universo intorno al rum","breadcrumb":{"@id":"https:\/\/www.hotel-napoleon-bastia.fr\/it\/i-nostri-suggerimenti\/otta-les-arranges-corses\/#breadcrumb"},"inLanguage":"it-IT","potentialAction":[{"@type":"ReadAction","target":["https:\/\/www.hotel-napoleon-bastia.fr\/it\/i-nostri-suggerimenti\/otta-les-arranges-corses\/"]}]},{"@type":"BreadcrumbList","@id":"https:\/\/www.hotel-napoleon-bastia.fr\/it\/i-nostri-suggerimenti\/otta-les-arranges-corses\/#breadcrumb","itemListElement":[{"@type":"ListItem","position":1,"name":"Home","item":"https:\/\/www.hotel-napoleon-bastia.fr\/it\/"},{"@type":"ListItem","position":2,"name":"I nostri suggerimenti","item":"https:\/\/www.hotel-napoleon-bastia.fr\/it\/i-nostri-suggerimenti\/"},{"@type":"ListItem","position":3,"name":"OTTA Les arrang\u00e9s Corses"}]},{"@type":"WebSite","@id":"https:\/\/www.hotel-napoleon-bastia.fr\/it\/#website","url":"https:\/\/www.hotel-napoleon-bastia.fr\/it\/","name":"H\u00f4tel Napol\u00e9on Bastia","description":"","potentialAction":[{"@type":"SearchAction","target":{"@type":"EntryPoint","urlTemplate":"https:\/\/www.hotel-napoleon-bastia.fr\/it\/?s={search_term_string}"},"query-input":{"@type":"PropertyValueSpecification","valueRequired":true,"valueName":"search_term_string"}}],"inLanguage":"it-IT"}]}},"acf":[],"_links":{"self":[{"href":"https:\/\/www.hotel-napoleon-bastia.fr\/it\/wp-json\/wp\/v2\/pages\/251","targetHints":{"allow":["GET"]}}],"collection":[{"href":"https:\/\/www.hotel-napoleon-bastia.fr\/it\/wp-json\/wp\/v2\/pages"}],"about":[{"href":"https:\/\/www.hotel-napoleon-bastia.fr\/it\/wp-json\/wp\/v2\/types\/page"}],"author":[{"embeddable":true,"href":"https:\/\/www.hotel-napoleon-bastia.fr\/it\/wp-json\/wp\/v2\/users\/46"}],"replies":[{"embeddable":true,"href":"https:\/\/www.hotel-napoleon-bastia.fr\/it\/wp-json\/wp\/v2\/comments?post=251"}],"version-history":[{"count":0,"href":"https:\/\/www.hotel-napoleon-bastia.fr\/it\/wp-json\/wp\/v2\/pages\/251\/revisions"}],"up":[{"embeddable":true,"href":"https:\/\/www.hotel-napoleon-bastia.fr\/it\/wp-json\/wp\/v2\/pages\/252"}],"wp:attachment":[{"href":"https:\/\/www.hotel-napoleon-bastia.fr\/it\/wp-json\/wp\/v2\/media?parent=251"}],"curies":[{"name":"wp","href":"https:\/\/api.w.org\/{rel}","templated":true}]}}