{"id":254,"date":"2023-01-25T15:45:15","date_gmt":"2023-01-25T15:45:15","guid":{"rendered":"https:\/\/bastia.ms.decms.eu\/localisation\/"},"modified":"2023-05-02T13:51:28","modified_gmt":"2023-05-02T13:51:28","slug":"posizione","status":"publish","type":"page","link":"https:\/\/www.hotel-napoleon-bastia.fr\/it\/posizione\/","title":{"rendered":"Posizione"},"content":{"rendered":"<p style=\"text-align: center;\">L&#8217;h\u00f4tel Napol\u00e9on a Bastia si trova a 200 metri dal porto, dalla stazione ferroviaria e degli autobus, dalla navetta per l&#8217;aeroporto e da due parcheggi pubblici a pagamento chiusi di notte, quello della stazione e quello della piazza St-Nicolas. Alla chiusura dei negozi, di sera, si possono trovare (salvo eventi) posti auto davanti o nelle immediate vicinanze dell&#8217;hotel. Per informazione, il prezzo dei parcometri \u00e8 decrescente, 1\u20ac per la prima ora e 4\u20ac per 24 ore.<\/p>\n","protected":false},"excerpt":{"rendered":"<p>L&#8217;h\u00f4tel Napol\u00e9on a Bastia si trova a 200 metri dal porto, dalla stazione ferroviaria e degli autobus, dalla navetta per l&#8217;aeroporto e da due parcheggi pubblici a pagamento chiusi di notte, quello della stazione e quello della piazza St-Nicolas. Alla chiusura dei negozi, di sera, si possono trovare (salvo eventi) posti auto davanti o nelle [&hellip;]<\/p>\n","protected":false},"author":46,"featured_media":0,"parent":0,"menu_order":60,"comment_status":"closed","ping_status":"closed","template":"template-location.php","meta":{"footnotes":""},"class_list":["post-254","page","type-page","status-publish","hentry"],"yoast_head":"<!-- This site is optimized with the Yoast SEO plugin v26.9 - https:\/\/yoast.com\/product\/yoast-seo-wordpress\/ -->\n<title>Posizione - H\u00f4tel Napol\u00e9on Bastia<\/title>\n<meta name=\"description\" content=\"L&#039;h\u00f4tel Napol\u00e9on a Bastia si trova a 200 metri dal porto, dalla stazione ferroviaria e degli autobus, dalla navetta per l&#039;aeroporto e da due parcheggi\" \/>\n<meta name=\"robots\" content=\"index, follow, max-snippet:-1, max-image-preview:large, max-video-preview:-1\" \/>\n<link rel=\"canonical\" href=\"https:\/\/www.hotel-napoleon-bastia.fr\/it\/posizione\/\" \/>\n<meta property=\"og:locale\" content=\"it_IT\" \/>\n<meta property=\"og:type\" content=\"article\" \/>\n<meta property=\"og:title\" content=\"Posizione - H\u00f4tel Napol\u00e9on Bastia\" \/>\n<meta property=\"og:description\" content=\"L&#039;h\u00f4tel Napol\u00e9on a Bastia si trova a 200 metri dal porto, dalla stazione ferroviaria e degli autobus, dalla navetta per l&#039;aeroporto e da due parcheggi\" \/>\n<meta property=\"og:url\" content=\"https:\/\/www.hotel-napoleon-bastia.fr\/it\/posizione\/\" \/>\n<meta property=\"og:site_name\" content=\"H\u00f4tel Napol\u00e9on Bastia\" \/>\n<meta property=\"article:modified_time\" content=\"2023-05-02T13:51:28+00:00\" \/>\n<meta name=\"twitter:card\" content=\"summary_large_image\" \/>\n<meta name=\"twitter:label1\" content=\"Tempo di lettura stimato\" \/>\n\t<meta name=\"twitter:data1\" content=\"1 minuto\" \/>\n<script type=\"application\/ld+json\" class=\"yoast-schema-graph\">{\"@context\":\"https:\/\/schema.org\",\"@graph\":[{\"@type\":\"WebPage\",\"@id\":\"https:\/\/www.hotel-napoleon-bastia.fr\/it\/posizione\/\",\"url\":\"https:\/\/www.hotel-napoleon-bastia.fr\/it\/posizione\/\",\"name\":\"Posizione - H\u00f4tel Napol\u00e9on Bastia\",\"isPartOf\":{\"@id\":\"https:\/\/www.hotel-napoleon-bastia.fr\/it\/#website\"},\"datePublished\":\"2023-01-25T15:45:15+00:00\",\"dateModified\":\"2023-05-02T13:51:28+00:00\",\"description\":\"L'h\u00f4tel Napol\u00e9on a Bastia si trova a 200 metri dal porto, dalla stazione ferroviaria e degli autobus, dalla navetta per l'aeroporto e da due parcheggi\",\"breadcrumb\":{\"@id\":\"https:\/\/www.hotel-napoleon-bastia.fr\/it\/posizione\/#breadcrumb\"},\"inLanguage\":\"it-IT\",\"potentialAction\":[{\"@type\":\"ReadAction\",\"target\":[\"https:\/\/www.hotel-napoleon-bastia.fr\/it\/posizione\/\"]}]},{\"@type\":\"BreadcrumbList\",\"@id\":\"https:\/\/www.hotel-napoleon-bastia.fr\/it\/posizione\/#breadcrumb\",\"itemListElement\":[{\"@type\":\"ListItem\",\"position\":1,\"name\":\"Home\",\"item\":\"https:\/\/www.hotel-napoleon-bastia.fr\/it\/\"},{\"@type\":\"ListItem\",\"position\":2,\"name\":\"Posizione\"}]},{\"@type\":\"WebSite\",\"@id\":\"https:\/\/www.hotel-napoleon-bastia.fr\/it\/#website\",\"url\":\"https:\/\/www.hotel-napoleon-bastia.fr\/it\/\",\"name\":\"H\u00f4tel Napol\u00e9on Bastia\",\"description\":\"\",\"potentialAction\":[{\"@type\":\"SearchAction\",\"target\":{\"@type\":\"EntryPoint\",\"urlTemplate\":\"https:\/\/www.hotel-napoleon-bastia.fr\/it\/?s={search_term_string}\"},\"query-input\":{\"@type\":\"PropertyValueSpecification\",\"valueRequired\":true,\"valueName\":\"search_term_string\"}}],\"inLanguage\":\"it-IT\"}]}<\/script>\n<!-- \/ Yoast SEO plugin. -->","yoast_head_json":{"title":"Posizione - H\u00f4tel Napol\u00e9on Bastia","description":"L'h\u00f4tel Napol\u00e9on a Bastia si trova a 200 metri dal porto, dalla stazione ferroviaria e degli autobus, dalla navetta per l'aeroporto e da due parcheggi","robots":{"index":"index","follow":"follow","max-snippet":"max-snippet:-1","max-image-preview":"max-image-preview:large","max-video-preview":"max-video-preview:-1"},"canonical":"https:\/\/www.hotel-napoleon-bastia.fr\/it\/posizione\/","og_locale":"it_IT","og_type":"article","og_title":"Posizione - H\u00f4tel Napol\u00e9on Bastia","og_description":"L'h\u00f4tel Napol\u00e9on a Bastia si trova a 200 metri dal porto, dalla stazione ferroviaria e degli autobus, dalla navetta per l'aeroporto e da due parcheggi","og_url":"https:\/\/www.hotel-napoleon-bastia.fr\/it\/posizione\/","og_site_name":"H\u00f4tel Napol\u00e9on Bastia","article_modified_time":"2023-05-02T13:51:28+00:00","twitter_card":"summary_large_image","twitter_misc":{"Tempo di lettura stimato":"1 minuto"},"schema":{"@context":"https:\/\/schema.org","@graph":[{"@type":"WebPage","@id":"https:\/\/www.hotel-napoleon-bastia.fr\/it\/posizione\/","url":"https:\/\/www.hotel-napoleon-bastia.fr\/it\/posizione\/","name":"Posizione - H\u00f4tel Napol\u00e9on Bastia","isPartOf":{"@id":"https:\/\/www.hotel-napoleon-bastia.fr\/it\/#website"},"datePublished":"2023-01-25T15:45:15+00:00","dateModified":"2023-05-02T13:51:28+00:00","description":"L'h\u00f4tel Napol\u00e9on a Bastia si trova a 200 metri dal porto, dalla stazione ferroviaria e degli autobus, dalla navetta per l'aeroporto e da due parcheggi","breadcrumb":{"@id":"https:\/\/www.hotel-napoleon-bastia.fr\/it\/posizione\/#breadcrumb"},"inLanguage":"it-IT","potentialAction":[{"@type":"ReadAction","target":["https:\/\/www.hotel-napoleon-bastia.fr\/it\/posizione\/"]}]},{"@type":"BreadcrumbList","@id":"https:\/\/www.hotel-napoleon-bastia.fr\/it\/posizione\/#breadcrumb","itemListElement":[{"@type":"ListItem","position":1,"name":"Home","item":"https:\/\/www.hotel-napoleon-bastia.fr\/it\/"},{"@type":"ListItem","position":2,"name":"Posizione"}]},{"@type":"WebSite","@id":"https:\/\/www.hotel-napoleon-bastia.fr\/it\/#website","url":"https:\/\/www.hotel-napoleon-bastia.fr\/it\/","name":"H\u00f4tel Napol\u00e9on Bastia","description":"","potentialAction":[{"@type":"SearchAction","target":{"@type":"EntryPoint","urlTemplate":"https:\/\/www.hotel-napoleon-bastia.fr\/it\/?s={search_term_string}"},"query-input":{"@type":"PropertyValueSpecification","valueRequired":true,"valueName":"search_term_string"}}],"inLanguage":"it-IT"}]}},"acf":[],"_links":{"self":[{"href":"https:\/\/www.hotel-napoleon-bastia.fr\/it\/wp-json\/wp\/v2\/pages\/254","targetHints":{"allow":["GET"]}}],"collection":[{"href":"https:\/\/www.hotel-napoleon-bastia.fr\/it\/wp-json\/wp\/v2\/pages"}],"about":[{"href":"https:\/\/www.hotel-napoleon-bastia.fr\/it\/wp-json\/wp\/v2\/types\/page"}],"author":[{"embeddable":true,"href":"https:\/\/www.hotel-napoleon-bastia.fr\/it\/wp-json\/wp\/v2\/users\/46"}],"replies":[{"embeddable":true,"href":"https:\/\/www.hotel-napoleon-bastia.fr\/it\/wp-json\/wp\/v2\/comments?post=254"}],"version-history":[{"count":0,"href":"https:\/\/www.hotel-napoleon-bastia.fr\/it\/wp-json\/wp\/v2\/pages\/254\/revisions"}],"wp:attachment":[{"href":"https:\/\/www.hotel-napoleon-bastia.fr\/it\/wp-json\/wp\/v2\/media?parent=254"}],"curies":[{"name":"wp","href":"https:\/\/api.w.org\/{rel}","templated":true}]}}