{"id":262,"date":"2023-01-25T15:46:55","date_gmt":"2023-01-25T15:46:55","guid":{"rendered":"https:\/\/bastia.ms.decms.eu\/mentions-legales-et-protection-des-donnees\/"},"modified":"2025-02-12T09:03:51","modified_gmt":"2025-02-12T09:03:51","slug":"note-legali-e-politica-sulla-privacy","status":"publish","type":"page","link":"https:\/\/www.hotel-napoleon-bastia.fr\/it\/note-legali-e-politica-sulla-privacy\/","title":{"rendered":"Note Legali e Politica sulla Privacy"},"content":{"rendered":"<p style=\"text-align: center\">SAS ELOKA<br \/>\nSede legale: 43 boulevard Paoli, 20200 Bastia<\/p>\n<h2 style=\"text-align: center\">Editore<\/h2>\n<p style=\"text-align: center\">D-EDGE<br \/>\nINDIRIZZO: 66, rue des Archives<br \/>\na PARIGI (75003)<br \/>\nRCS PARIGI N\u00b0 431 513 852<br \/>\nRegistro delle imprese e delle societ\u00e0 n\u00b0RCS<br \/>\nPARIGI 431 513 852<br \/>\nCapitale: 12 700 298.40\u20ac<\/p>\n<h2 style=\"text-align: center\">Hosting<\/h2>\n<p style=\"text-align: center\">WPEngine, Inc. Irongate House,<br \/>\nIndirizzo: 22-30 Duke\u2019s Place Londra, EC3A 7LP,<br \/>\nRegno Unito<br \/>\nTelefono: 08 00 50 53 049<\/p>\n<h2 style=\"text-align: center\">Carta di protezione dei dati personali dell&#8217;h\u00f4tel Napol\u00e9on a Bastia.<\/h2>\n<p style=\"text-align: center\">La presente carta descrive la politica generale di protezione dei dati personali dell&#8217;h\u00f4tel Napol\u00e9on a Bastia in quanto responsabile del trattamento dei tuoi dati personali.<br \/>\nI termini &#8220;H\u00f4tel Napol\u00e9on a Bastia&#8221;, &#8220;noi&#8221; e &#8220;nostri&#8221; si riferiscono alla societ\u00e0 SAS ELOKA che \u00e8 direttamente coinvolta nella gestione e nell&#8217;operazione dell&#8217;hotel.<\/p>\n<h3 style=\"text-align: center\">Come raccogliamo i tuoi dati personali?<\/h3>\n<p style=\"text-align: center\">Le informazioni che ci fornisci ci aiutano a fornirti servizi, a concludere o adempiere un contratto con te e\/o a rispondere o intraprendere azioni in risposta alle tue richieste. Le informazioni che raccogliamo, nella misura consentita dal Regolamento (UE) 2016\/679 del Parlamento europeo e del Consiglio del 27 aprile 2016 relativo alla protezione delle persone fisiche con riguardo al trattamento dei dati personali e alla libera circolazione di tali dati, e che abroga la direttiva 95\/46\/CE (di seguito il &#8220;GDPR&#8221;), la legge del 1 \u00b0 agosto 2018 sull&#8217;organizzazione della Commissione nazionale per la protezione dei dati e il regime generale di protezione dei dati, nonch\u00e9 tutte le altre disposizioni legali sulla protezione dei dati applicabili in Francia (di seguito le &#8220;Leggi sulla protezione dei dati personali&#8221;), sono le seguenti:<\/p>\n<h3 style=\"text-align: center\">Le informazioni che ci trasmetti:<\/h3>\n<p style=\"text-align: center\">Riceviamo e conserviamo i dati che inserisci sul nostro sito Web o ci trasmetti in qualsiasi altro modo, ad esempio quando soggiorni nel nostro hotel di cui gestiamo l&#8217;operazione. Salvo diversa indicazione, fornisci le informazioni volontariamente. Tuttavia, se decidi di non fornire determinate informazioni, potrebbe non essere possibile rispondere alla tua richiesta e potresti non essere in grado di beneficiare di alcuni o di tutti i servizi che offriamo.<\/p>\n<h4 style=\"text-align: center\">Dati personali che fornisci per conto di terzi:<\/h4>\n<p style=\"text-align: center\">Se inserisci dati per conto di un&#8217;altra persona, garantisci che questa persona ti abbia autorizzato a divulgare i suoi dati personali sul nostro sistema e che queste informazioni siano accurate e corrette. Se subiamo perdite o danni a seguito di una tua violazione di queste disposizioni, potremmo chiederti un risarcimento.<\/p>\n<h4 style=\"text-align: center\">Informazioni fornite da terzi:<\/h4>\n<p style=\"text-align: center\">Se prenoti tramite agenzie o agenzie online o altri siti di prenotazione online, queste ci comunicano i tuoi dati personali in modo che possiamo considerare la tua prenotazione ed effettuare tutte le misure precontrattuali del contratto che concluderemo con te<\/p>\n<h4 style=\"text-align: center\">Informazioni automatiche:<\/h4>\n<p style=\"text-align: center\">Riceviamo e siamo in grado di valutare alcuni tipi di informazioni quando entri in contatto con noi. Ad esempio, come molti siti Web, raccogliamo alcuni tipi di informazioni quando il tuo browser Internet accede al sito sulla Protezione dei Dati Personali della nostra struttura.<\/p>\n<h3 style=\"text-align: center\">Quali dati personali raccogliamo?<\/h3>\n<p style=\"text-align: center\">I dati personali trattati da noi includono ma non si limitano a:<br \/>\ndati di identificazione personale (nomi, cognomi, data e luogo di nascita, nazionalit\u00e0, indirizzo postale, foto, immagini video)<br \/>\ndati professionali<br \/>\ndati di identificazione emessi da servizi pubblici (numero di passaporto o carta d&#8217;identit\u00e0)<br \/>\ndati di identificazione elettronica (indirizzo e-mail, social network)<br \/>\ndati bancari e finanziari di identificazione<br \/>\ndati sullo stato civile e sulla composizione del nucleo familiare<br \/>\ndati comportamentali (abitudini di vita, hobby)<\/p>\n<h3 style=\"text-align: center\">A quale scopo utilizziamo i tuoi dati personali?<\/h3>\n<p style=\"text-align: center\">Utilizziamo le informazioni che ci fornisci per concludere o adempiere a un contratto con te, per prenotare una camera d&#8217;albergo, per rispondere o prendere misure in risposta alle tue richieste e personalizzare i nostri servizi in base alle tue preferenze.<br \/>\nUtilizziamo inoltre questi dati personali (i) a fini statistici e di analisi, (ii) per comunicarti informazioni sui servizi dell&#8217;H\u00f4tel Napol\u00e9on a Bastia e su altri prodotti e servizi di cui pensiamo che tu possa essere interessato, e (iii) per comunicare con te tramite e-mail, posta, fax, telefono o qualsiasi altro mezzo di comunicazione. I trattamenti si basano sull&#8217;articolo 6 del GDPR che specifica la liceit\u00e0 del trattamento:<br \/>\nnecessario all&#8217;esecuzione di un contratto del quale fai parte o all&#8217;esecuzione di misure precontrattuali adottate su tua richiesta (articolo 6.1.b. del GDPR) (allo scopo di instaurare una relazione contrattuale con te e fornirti i servizi richiesti);<br \/>\nnecessario per il rispetto di un obbligo legale al quale siamo soggetti (articolo 6.1.c del GDPR); e<br \/>\nnecessario per i nostri interessi o quelli di un terzo, salvo che i tuoi interessi o le tue libert\u00e0 e i tuoi diritti fondamentali che richiedono la protezione dei dati personali abbiano la prevalenza, in particolare quando la persona interessata \u00e8 un bambino (articolo 6.1.f. del GDPR).<br \/>\nI nostri &#8220;legittimi interessi&#8221; sopra citati sono: (a) l&#8217;obiettivo di trattamento descritto nei punti (i), (ii) e (iii) del paragrafo sopra della presente clausola; (b) la prova, in caso di controversia, di una transazione o di qualsiasi comunicazione commerciale; e (c) nell&#8217;ambito di qualsiasi acquisto, fusione o acquisizione proposta di qualsiasi parte delle nostre attivit\u00e0.<\/p>\n<h3 style=\"text-align: center\">Cosa succede con i cookie?<\/h3>\n<p style=\"text-align: center\">Utilizziamo strumenti di tracciamento come i cookie del browser e i web beacon per raccogliere informazioni su di voi. Raccogliamo informazioni sugli utenti nel tempo quando si utilizza questo sito web. Possiamo chiedere a terzi di raccogliere informazioni personali in questo modo. Per ulteriori informazioni su questi strumenti e su come controllarli, clicca qui: <a href=\"https:\/\/www.hotel-napoleon-bastia.fr\/it\/\" target=\"_blank\" rel=\"noopener\">https:\/\/www.hotel-napoleon-bastia.fr\/it\/<\/a>\/. Raccogliamo anche informazioni dalle nostre applicazioni mobili<\/p>\n<h3 style=\"text-align: center\">L&#8217;H\u00f4tel Napol\u00e9on a Bastia condivide le informazioni ricevute?<\/h3>\n<p style=\"text-align: center\">Nella misura consentita dalle leggi sulla protezione dei dati personali, potremmo condividere i tuoi dati personali con terze parti con cui collaboriamo per promozioni comuni (ad esempio, ristoranti locali) e con fornitori di servizi terzi che ci assistono nella gestione dei tuoi dati e nella comunicazione di informazioni e promozioni (come i nostri fornitori di posta elettronica e consulenti per la gestione delle relazioni con i clienti); per qualsiasi domanda riguardante i partner terzi per il trattamento dei dati e i destinatari dei dati personali, ti preghiamo di inviarci un&#8217;e-mail all&#8217;indirizzo: <a href=\"mailto:contact@hotelnapoleon.corsica\" target=\"_blank\" rel=\"noopener\">contact@hotelnapoleon.corsica<\/a>\u00a0.Inoltre, potremmo condividere i tuoi dati personali con altre terze parti se ci\u00f2 \u00e8 ragionevolmente necessario per concludere o adempiere a un contratto con te e\/o rispondere o prendere provvedimenti in risposta alle tue richieste e, se del caso, per rispettare la legge locale applicabile.<\/p>\n<h3 style=\"text-align: center\">L&#8217;H\u00f4tel Napol\u00e9on a Bastia trasferisce le informazioni ricevute verso altri paesi?<\/h3>\n<p style=\"text-align: center\">Potremmo essere obbligati a trasferire le tue informazioni al di fuori dello Spazio Economico Europeo per vari scopi, tra cui per concludere o adempiere a un contratto con te, prenotare una camera d&#8217;albergo, rispondere o prendere provvedimenti in risposta alle tue richieste, per migliorare la personalizzazione dei servizi forniti, per comunicarti informazioni e promozioni relative ai servizi dell&#8217;H\u00f4tel Napol\u00e9on a Bastia e ad altri prodotti e servizi che potrebbero interessarti. Le tue informazioni potrebbero essere trasferite in un paese che non offre un livello adeguato di protezione dei dati, tuttavia adotteremo tutte le misure ragionevoli (compresa la conclusione di accordi di trasferimento di dati personali basati sulle clausole contrattuali standard della Commissione europea, se necessario) per garantire che i tuoi dati personali vengano trattati utilizzando procedure ragionevoli per garantirne la sicurezza e la riservatezza<\/p>\n<h3 style=\"text-align: center\">Come sono protetti i dati personali che mi riguardano?<\/h3>\n<p style=\"text-align: center\">La sicurezza delle tue informazioni \u00e8 garantita dal protocollo SSL (Secure Sockets Layer). Questo protocollo consente la crittografia dei dati durante la loro trasmissione sulla rete ed \u00e8 convalidato da un&#8217;autorit\u00e0 di certificazione radice.<br \/>\nVisualizziamo solo gli ultimi quattro numeri della tua carta di credito quando confermiamo la tua prenotazione o elaboriamo le transazioni commerciali online. Naturalmente, trasmettiamo il numero completo della tua carta di credito alla societ\u00e0 gestore competente per la verifica.<br \/>\n\u00c8 importante che tu protegga il tuo computer e la tua password da accessi non autorizzati. Assicurati di disconnetterti correttamente quando hai finito di utilizzare un computer condiviso<\/p>\n<h3 style=\"text-align: center\">Per quanto tempo vengono conservati i dati personali?<\/h3>\n<p style=\"text-align: center\">I dati personali vengono conservati fino al raggiungimento della finalit\u00e0 per la quale sono stati raccolti. Pertanto, vengono conservati per il tempo necessario per il conseguimento delle finalit\u00e0 per cui vengono trattati, con il rispetto dei termini di prescrizione legali applicabili. Queste informazioni possono anche essere cancellate su richiesta, conformemente alla sezione sottostante riguardante i vostri diritti.<\/p>\n<h3 style=\"text-align: center\">Cosa devo fare se ho domande o preoccupazioni o se desidero accedere ai miei dati personali?<\/h3>\n<p style=\"text-align: center\">Il nostro Responsabile della Privacy dei Dati sar\u00e0 lieto di rispondere a qualsiasi domanda o preoccupazione che potreste avere riguardo all&#8217;uso o alla conservazione dei vostri dati personali.<br \/>\nIn conformit\u00e0 alle Leggi sulla protezione dei dati personali, avete i seguenti diritti:<\/p>\n<p style=\"text-align: center\">di accedere ai vostri dati personali: ottenere informazioni sul trattamento dei vostri dati;<br \/>\ndi richiedere la rettifica: ottenere la modifica dei vostri dati personali se inesatti o incompleti;<br \/>\ndi richiedere la cancellazione (&#8220;diritto all&#8217;oblio&#8221;): ottenere la cancellazione dei vostri dati personali;<br \/>\ndi richiedere la limitazione del trattamento: ottenere la limitazione del trattamento dei dati personali;<br \/>\ndi richiedere la portabilit\u00e0 dei vostri dati personali: ottenere i dati personali comunicati e ottenere il trasferimento degli stessi, su richiesta;<br \/>\ndi opporsi: opporsi al trattamento dei dati personali.<br \/>\nQuesti diritti si applicano nei limiti delle Leggi sulla protezione dei dati personali.<br \/>\nIl nostro Responsabile della Privacy dei Dati pu\u00f2 essere contattato all&#8217;indirizzo email <a href=\"mailto:contact@hotelnapoleon.corsica\" target=\"_blank\" rel=\"noopener\">contact@hotelnapoleon.corsica<\/a><\/p>\n<h2 style=\"text-align: center\">Politica sull&#8217;uso dei cookie. Cookie<\/h2>\n<p>&nbsp;<\/p>\n<h3 style=\"text-align: center\">Cookie<\/h3>\n<p style=\"text-align: center\">Durante la consultazione del nostro sito di reclutamento, dei cookie vengono depositati sul tuo computer, cellulare o tablet. Un cookie \u00e8 un file di testo depositato durante la visita di un sito o la consultazione di una pubblicit\u00e0. Ha lo scopo di raccogliere informazioni sulla tua navigazione e di inviarti servizi adattati al tuo terminale.<br \/>\nSe non desideri utilizzare i cookie, devi configurare le impostazioni del tuo computer per cancellare tutti i cookie dei siti web e\/o ricevere una notifica se i cookie vengono archiviati.<br \/>\nSe non desideri modificare la configurazione dei cookie, continua semplicemente la tua visita sul sito.<br \/>\nPer saperne di pi\u00f9 sui cookie e il loro impatto su di te e sulla tua esperienza di navigazione, consulta il sito della CNPD.<\/p>\n<h3 style=\"text-align: center\">Che tipo di cookie utilizziamo?<\/h3>\n<p style=\"text-align: center\">I cookie di autenticazione: questi cookie sono essenziali per identificarti e accedere al tuo account sul nostro sito. Scadono quando esci dalla sessione di navigazione.<br \/>\nI cookie dei preferiti: questi cookie consentono di memorizzare i tuoi preferiti per le offerte. Scadono dopo due mesi.<br \/>\nCookie provenienti dai siti web di terze parti: il nostro sito contiene link che rimandano ad altri siti che utilizzano cookie. Per saperne di pi\u00f9 su questi ultimi, si prega di consultare le informazioni fornite da questi siti terzi sui loro cookie.<\/p>\n<h3 style=\"text-align: center\">Come gestire i cookie sui browser? Come accettare o rifiutare il deposito di cookie sul tuo terminale?<\/h3>\n<p style=\"text-align: center\">I cookie possono essere gestiti in diverse modalit\u00e0: in base alle tue preferenze, puoi autorizzarli, rifiutarli, disattivarli (un cookie gi\u00e0 depositato pu\u00f2 solo essere disattivato, esso si canceller\u00e0 solo al termine della sua durata di vita). Ti facciamo notare che il rifiuto totale dei cookie pu\u00f2 rendere alcuni dei nostri Servizi inaccessibili o comportare un utilizzo meno performante, meno efficiente o meno adatto ai nostri Servizi.<br \/>\nPuoi esprimere le tue scelte e modificare i tuoi desideri attraverso il tuo browser: la configurazione di ogni browser \u00e8 diversa. \u00c8 tuo compito seguire le istruzioni dell&#8217;editore del tuo browser:<br \/>\nSu Internet Explorer: scheda strumenti (icona a forma di ingranaggio in alto a destra) \/ opzioni Internet. Fare clic su Privacy e scegliere Blocca tutti i cookie. Confermare su OK.<br \/>\nSu Firefox: in alto nella finestra del browser, fare clic sul pulsante Firefox, quindi andare nella scheda Opzioni. Fare clic sulla scheda Privacy.<br \/>\nConfigurare le regole di conservazione su: utilizzare le impostazioni personalizzate per la cronologia. Infine, deselezionarla per disattivare i cookie.<br \/>\nSu Safari: Fare clic in alto a destra del browser sull&#8217;icona del menu (simboleggiata da un ingranaggio). Selezionare Impostazioni. Fare clic su Mostra impostazioni avanzate. Nella sezione &#8220;Privacy&#8221;, fare clic su Impostazioni contenuti. Nella sezione &#8220;Cookie&#8221;, \u00e8 possibile bloccare i cookie.<br \/>\nSu Chrome: Fare clic in alto a destra del browser sull&#8217;icona del menu (simboleggiata da tre linee orizzontali). Selezionare Impostazioni. Fare clic su Mostra impostazioni avanzate. Nella sezione &#8220;Privacy&#8221;, fare clic su preferenze. Nella scheda &#8220;Privacy&#8221;, \u00e8 possibile bloccare i cookie.<\/p>\n<p style=\"text-align: center\"><strong>Controversie<\/strong><br \/>\n1. Reclamo preventivo In caso di controversia, il cliente \u00e8 invitato ad inviare un reclamo scritto all&#8217;hotel a mezzo lettera raccomandata con avviso di ricevimento al seguente indirizzo: HOTEL NAPOLEON \u2013 43 boulevard Paoli-20200 Bastia<br \/>\n2. Mediazione Se la risposta fornita dall&#8217;hotel non \u00e8 soddisfacente per il cliente, quest&#8217;ultimo pu\u00f2 deferire la questione al Mediatore del Turismo e dei Viaggi, i cui recapiti e le procedure di rinvio sono disponibili sul suo sito web: <a href=\"http:\/\/www.mtv.travel\">www.mtv.travel<\/a><\/p>\n","protected":false},"excerpt":{"rendered":"<p>SAS ELOKA Sede legale: 43 boulevard Paoli, 20200 Bastia Editore D-EDGE INDIRIZZO: 66, rue des Archives a PARIGI (75003) RCS PARIGI N\u00b0 431 513 852 Registro delle imprese e delle societ\u00e0 n\u00b0RCS PARIGI 431 513 852 Capitale: 12 700 298.40\u20ac Hosting WPEngine, Inc. Irongate House, Indirizzo: 22-30 Duke\u2019s Place Londra, EC3A 7LP, Regno Unito Telefono: [&hellip;]<\/p>\n","protected":false},"author":46,"featured_media":0,"parent":0,"menu_order":100,"comment_status":"closed","ping_status":"closed","template":"","meta":{"footnotes":""},"class_list":["post-262","page","type-page","status-publish","hentry"],"yoast_head":"<!-- This site is optimized with the Yoast SEO plugin v26.9 - https:\/\/yoast.com\/product\/yoast-seo-wordpress\/ -->\n<title>Note Legali e Politica sulla Privacy - H\u00f4tel Napol\u00e9on Bastia<\/title>\n<meta name=\"description\" content=\"SAS ELOKA Sede legale: 43 boulevard Paoli, 20200 Bastia Editore D-EDGE INDIRIZZO: 66, rue des Archives a PARIGI (75003) RCS PARIGI N\u00b0 431 513 852 Registro\" \/>\n<meta name=\"robots\" content=\"index, follow, max-snippet:-1, max-image-preview:large, max-video-preview:-1\" \/>\n<link rel=\"canonical\" href=\"https:\/\/www.hotel-napoleon-bastia.fr\/it\/note-legali-e-politica-sulla-privacy\/\" \/>\n<meta property=\"og:locale\" content=\"it_IT\" \/>\n<meta property=\"og:type\" content=\"article\" \/>\n<meta property=\"og:title\" content=\"Note Legali e Politica sulla Privacy - H\u00f4tel Napol\u00e9on Bastia\" \/>\n<meta property=\"og:description\" content=\"SAS ELOKA Sede legale: 43 boulevard Paoli, 20200 Bastia Editore D-EDGE INDIRIZZO: 66, rue des Archives a PARIGI (75003) RCS PARIGI N\u00b0 431 513 852 Registro\" \/>\n<meta property=\"og:url\" content=\"https:\/\/www.hotel-napoleon-bastia.fr\/it\/note-legali-e-politica-sulla-privacy\/\" \/>\n<meta property=\"og:site_name\" content=\"H\u00f4tel Napol\u00e9on Bastia\" \/>\n<meta property=\"article:modified_time\" content=\"2025-02-12T09:03:51+00:00\" \/>\n<meta name=\"twitter:card\" content=\"summary_large_image\" \/>\n<meta name=\"twitter:label1\" content=\"Tempo di lettura stimato\" \/>\n\t<meta name=\"twitter:data1\" content=\"11 minuti\" \/>\n<script type=\"application\/ld+json\" class=\"yoast-schema-graph\">{\"@context\":\"https:\/\/schema.org\",\"@graph\":[{\"@type\":\"WebPage\",\"@id\":\"https:\/\/www.hotel-napoleon-bastia.fr\/it\/note-legali-e-politica-sulla-privacy\/\",\"url\":\"https:\/\/www.hotel-napoleon-bastia.fr\/it\/note-legali-e-politica-sulla-privacy\/\",\"name\":\"Note Legali e Politica sulla Privacy - H\u00f4tel Napol\u00e9on Bastia\",\"isPartOf\":{\"@id\":\"https:\/\/www.hotel-napoleon-bastia.fr\/it\/#website\"},\"datePublished\":\"2023-01-25T15:46:55+00:00\",\"dateModified\":\"2025-02-12T09:03:51+00:00\",\"description\":\"SAS ELOKA Sede legale: 43 boulevard Paoli, 20200 Bastia Editore D-EDGE INDIRIZZO: 66, rue des Archives a PARIGI (75003) RCS PARIGI N\u00b0 431 513 852 Registro\",\"breadcrumb\":{\"@id\":\"https:\/\/www.hotel-napoleon-bastia.fr\/it\/note-legali-e-politica-sulla-privacy\/#breadcrumb\"},\"inLanguage\":\"it-IT\",\"potentialAction\":[{\"@type\":\"ReadAction\",\"target\":[\"https:\/\/www.hotel-napoleon-bastia.fr\/it\/note-legali-e-politica-sulla-privacy\/\"]}]},{\"@type\":\"BreadcrumbList\",\"@id\":\"https:\/\/www.hotel-napoleon-bastia.fr\/it\/note-legali-e-politica-sulla-privacy\/#breadcrumb\",\"itemListElement\":[{\"@type\":\"ListItem\",\"position\":1,\"name\":\"Home\",\"item\":\"https:\/\/www.hotel-napoleon-bastia.fr\/it\/\"},{\"@type\":\"ListItem\",\"position\":2,\"name\":\"Note Legali e Politica sulla Privacy\"}]},{\"@type\":\"WebSite\",\"@id\":\"https:\/\/www.hotel-napoleon-bastia.fr\/it\/#website\",\"url\":\"https:\/\/www.hotel-napoleon-bastia.fr\/it\/\",\"name\":\"H\u00f4tel Napol\u00e9on Bastia\",\"description\":\"\",\"potentialAction\":[{\"@type\":\"SearchAction\",\"target\":{\"@type\":\"EntryPoint\",\"urlTemplate\":\"https:\/\/www.hotel-napoleon-bastia.fr\/it\/?s={search_term_string}\"},\"query-input\":{\"@type\":\"PropertyValueSpecification\",\"valueRequired\":true,\"valueName\":\"search_term_string\"}}],\"inLanguage\":\"it-IT\"}]}<\/script>\n<!-- \/ Yoast SEO plugin. -->","yoast_head_json":{"title":"Note Legali e Politica sulla Privacy - H\u00f4tel Napol\u00e9on Bastia","description":"SAS ELOKA Sede legale: 43 boulevard Paoli, 20200 Bastia Editore D-EDGE INDIRIZZO: 66, rue des Archives a PARIGI (75003) RCS PARIGI N\u00b0 431 513 852 Registro","robots":{"index":"index","follow":"follow","max-snippet":"max-snippet:-1","max-image-preview":"max-image-preview:large","max-video-preview":"max-video-preview:-1"},"canonical":"https:\/\/www.hotel-napoleon-bastia.fr\/it\/note-legali-e-politica-sulla-privacy\/","og_locale":"it_IT","og_type":"article","og_title":"Note Legali e Politica sulla Privacy - H\u00f4tel Napol\u00e9on Bastia","og_description":"SAS ELOKA Sede legale: 43 boulevard Paoli, 20200 Bastia Editore D-EDGE INDIRIZZO: 66, rue des Archives a PARIGI (75003) RCS PARIGI N\u00b0 431 513 852 Registro","og_url":"https:\/\/www.hotel-napoleon-bastia.fr\/it\/note-legali-e-politica-sulla-privacy\/","og_site_name":"H\u00f4tel Napol\u00e9on Bastia","article_modified_time":"2025-02-12T09:03:51+00:00","twitter_card":"summary_large_image","twitter_misc":{"Tempo di lettura stimato":"11 minuti"},"schema":{"@context":"https:\/\/schema.org","@graph":[{"@type":"WebPage","@id":"https:\/\/www.hotel-napoleon-bastia.fr\/it\/note-legali-e-politica-sulla-privacy\/","url":"https:\/\/www.hotel-napoleon-bastia.fr\/it\/note-legali-e-politica-sulla-privacy\/","name":"Note Legali e Politica sulla Privacy - H\u00f4tel Napol\u00e9on Bastia","isPartOf":{"@id":"https:\/\/www.hotel-napoleon-bastia.fr\/it\/#website"},"datePublished":"2023-01-25T15:46:55+00:00","dateModified":"2025-02-12T09:03:51+00:00","description":"SAS ELOKA Sede legale: 43 boulevard Paoli, 20200 Bastia Editore D-EDGE INDIRIZZO: 66, rue des Archives a PARIGI (75003) RCS PARIGI N\u00b0 431 513 852 Registro","breadcrumb":{"@id":"https:\/\/www.hotel-napoleon-bastia.fr\/it\/note-legali-e-politica-sulla-privacy\/#breadcrumb"},"inLanguage":"it-IT","potentialAction":[{"@type":"ReadAction","target":["https:\/\/www.hotel-napoleon-bastia.fr\/it\/note-legali-e-politica-sulla-privacy\/"]}]},{"@type":"BreadcrumbList","@id":"https:\/\/www.hotel-napoleon-bastia.fr\/it\/note-legali-e-politica-sulla-privacy\/#breadcrumb","itemListElement":[{"@type":"ListItem","position":1,"name":"Home","item":"https:\/\/www.hotel-napoleon-bastia.fr\/it\/"},{"@type":"ListItem","position":2,"name":"Note Legali e Politica sulla Privacy"}]},{"@type":"WebSite","@id":"https:\/\/www.hotel-napoleon-bastia.fr\/it\/#website","url":"https:\/\/www.hotel-napoleon-bastia.fr\/it\/","name":"H\u00f4tel Napol\u00e9on Bastia","description":"","potentialAction":[{"@type":"SearchAction","target":{"@type":"EntryPoint","urlTemplate":"https:\/\/www.hotel-napoleon-bastia.fr\/it\/?s={search_term_string}"},"query-input":{"@type":"PropertyValueSpecification","valueRequired":true,"valueName":"search_term_string"}}],"inLanguage":"it-IT"}]}},"acf":[],"_links":{"self":[{"href":"https:\/\/www.hotel-napoleon-bastia.fr\/it\/wp-json\/wp\/v2\/pages\/262","targetHints":{"allow":["GET"]}}],"collection":[{"href":"https:\/\/www.hotel-napoleon-bastia.fr\/it\/wp-json\/wp\/v2\/pages"}],"about":[{"href":"https:\/\/www.hotel-napoleon-bastia.fr\/it\/wp-json\/wp\/v2\/types\/page"}],"author":[{"embeddable":true,"href":"https:\/\/www.hotel-napoleon-bastia.fr\/it\/wp-json\/wp\/v2\/users\/46"}],"replies":[{"embeddable":true,"href":"https:\/\/www.hotel-napoleon-bastia.fr\/it\/wp-json\/wp\/v2\/comments?post=262"}],"version-history":[{"count":0,"href":"https:\/\/www.hotel-napoleon-bastia.fr\/it\/wp-json\/wp\/v2\/pages\/262\/revisions"}],"wp:attachment":[{"href":"https:\/\/www.hotel-napoleon-bastia.fr\/it\/wp-json\/wp\/v2\/media?parent=262"}],"curies":[{"name":"wp","href":"https:\/\/api.w.org\/{rel}","templated":true}]}}