{"id":386,"date":"2023-03-07T16:41:24","date_gmt":"2023-03-07T16:41:24","guid":{"rendered":"https:\/\/bastia.ms.decms.eu\/camere-e-suite\/chambre-twin-ou-quadruple\/"},"modified":"2023-05-02T13:48:19","modified_gmt":"2023-05-02T13:48:19","slug":"camera-doppia-o-quadrupla","status":"publish","type":"page","link":"https:\/\/www.hotel-napoleon-bastia.fr\/it\/camere-e-suite\/camera-doppia-o-quadrupla\/","title":{"rendered":"Camera doppia o quadrupla"},"content":{"rendered":"<p style=\"text-align: center;\">La nostra Junior Suite pu\u00f2 ospitare fino a 3 o 4 persone; oppure 2 persone con letti separati. \u00c8 dotata di un letto queen size di 160x200cm e di un divano letto matrimoniale di 140x200cm. Prenota ora per un soggiorno tranquillo.<\/p>\n","protected":false},"excerpt":{"rendered":"<p>La nostra Junior Suite pu\u00f2 ospitare fino a 3 o 4 persone; oppure 2 persone con letti separati. \u00c8 dotata di un letto queen size di 160x200cm e di un divano letto matrimoniale di 140x200cm. Prenota ora per un soggiorno tranquillo.<\/p>\n","protected":false},"author":46,"featured_media":0,"parent":224,"menu_order":250,"comment_status":"closed","ping_status":"closed","template":"template-single-room.php","meta":{"footnotes":""},"class_list":["post-386","page","type-page","status-publish","hentry"],"yoast_head":"<!-- This site is optimized with the Yoast SEO plugin v26.9 - https:\/\/yoast.com\/product\/yoast-seo-wordpress\/ -->\n<title>Camera doppia o quadrupla - H\u00f4tel Napol\u00e9on Bastia<\/title>\n<meta name=\"description\" content=\"La nostra Junior Suite pu\u00f2 ospitare fino a 3 o 4 persone; oppure 2 persone con letti separati. \u00c8 dotata di un letto queen size di 160x200cm e di un divano\" \/>\n<meta name=\"robots\" content=\"index, follow, max-snippet:-1, max-image-preview:large, max-video-preview:-1\" \/>\n<link rel=\"canonical\" href=\"https:\/\/www.hotel-napoleon-bastia.fr\/it\/camere-e-suite\/camera-doppia-o-quadrupla\/\" \/>\n<meta property=\"og:locale\" content=\"it_IT\" \/>\n<meta property=\"og:type\" content=\"article\" \/>\n<meta property=\"og:title\" content=\"Camera doppia o quadrupla - H\u00f4tel Napol\u00e9on Bastia\" \/>\n<meta property=\"og:description\" content=\"La nostra Junior Suite pu\u00f2 ospitare fino a 3 o 4 persone; oppure 2 persone con letti separati. \u00c8 dotata di un letto queen size di 160x200cm e di un divano\" \/>\n<meta property=\"og:url\" content=\"https:\/\/www.hotel-napoleon-bastia.fr\/it\/camere-e-suite\/camera-doppia-o-quadrupla\/\" \/>\n<meta property=\"og:site_name\" content=\"H\u00f4tel Napol\u00e9on Bastia\" \/>\n<meta property=\"article:modified_time\" content=\"2023-05-02T13:48:19+00:00\" \/>\n<meta name=\"twitter:card\" content=\"summary_large_image\" \/>\n<meta name=\"twitter:label1\" content=\"Tempo di lettura stimato\" \/>\n\t<meta name=\"twitter:data1\" content=\"1 minuto\" \/>\n<script type=\"application\/ld+json\" class=\"yoast-schema-graph\">{\"@context\":\"https:\/\/schema.org\",\"@graph\":[{\"@type\":\"WebPage\",\"@id\":\"https:\/\/www.hotel-napoleon-bastia.fr\/it\/camere-e-suite\/camera-doppia-o-quadrupla\/\",\"url\":\"https:\/\/www.hotel-napoleon-bastia.fr\/it\/camere-e-suite\/camera-doppia-o-quadrupla\/\",\"name\":\"Camera doppia o quadrupla - H\u00f4tel Napol\u00e9on Bastia\",\"isPartOf\":{\"@id\":\"https:\/\/www.hotel-napoleon-bastia.fr\/it\/#website\"},\"datePublished\":\"2023-03-07T16:41:24+00:00\",\"dateModified\":\"2023-05-02T13:48:19+00:00\",\"description\":\"La nostra Junior Suite pu\u00f2 ospitare fino a 3 o 4 persone; oppure 2 persone con letti separati. \u00c8 dotata di un letto queen size di 160x200cm e di un divano\",\"breadcrumb\":{\"@id\":\"https:\/\/www.hotel-napoleon-bastia.fr\/it\/camere-e-suite\/camera-doppia-o-quadrupla\/#breadcrumb\"},\"inLanguage\":\"it-IT\",\"potentialAction\":[{\"@type\":\"ReadAction\",\"target\":[\"https:\/\/www.hotel-napoleon-bastia.fr\/it\/camere-e-suite\/camera-doppia-o-quadrupla\/\"]}]},{\"@type\":\"BreadcrumbList\",\"@id\":\"https:\/\/www.hotel-napoleon-bastia.fr\/it\/camere-e-suite\/camera-doppia-o-quadrupla\/#breadcrumb\",\"itemListElement\":[{\"@type\":\"ListItem\",\"position\":1,\"name\":\"Home\",\"item\":\"https:\/\/www.hotel-napoleon-bastia.fr\/it\/\"},{\"@type\":\"ListItem\",\"position\":2,\"name\":\"Camere e suite\",\"item\":\"https:\/\/www.hotel-napoleon-bastia.fr\/it\/camere-e-suite\/\"},{\"@type\":\"ListItem\",\"position\":3,\"name\":\"Camera doppia o quadrupla\"}]},{\"@type\":\"WebSite\",\"@id\":\"https:\/\/www.hotel-napoleon-bastia.fr\/it\/#website\",\"url\":\"https:\/\/www.hotel-napoleon-bastia.fr\/it\/\",\"name\":\"H\u00f4tel Napol\u00e9on Bastia\",\"description\":\"\",\"potentialAction\":[{\"@type\":\"SearchAction\",\"target\":{\"@type\":\"EntryPoint\",\"urlTemplate\":\"https:\/\/www.hotel-napoleon-bastia.fr\/it\/?s={search_term_string}\"},\"query-input\":{\"@type\":\"PropertyValueSpecification\",\"valueRequired\":true,\"valueName\":\"search_term_string\"}}],\"inLanguage\":\"it-IT\"}]}<\/script>\n<!-- \/ Yoast SEO plugin. -->","yoast_head_json":{"title":"Camera doppia o quadrupla - H\u00f4tel Napol\u00e9on Bastia","description":"La nostra Junior Suite pu\u00f2 ospitare fino a 3 o 4 persone; oppure 2 persone con letti separati. \u00c8 dotata di un letto queen size di 160x200cm e di un divano","robots":{"index":"index","follow":"follow","max-snippet":"max-snippet:-1","max-image-preview":"max-image-preview:large","max-video-preview":"max-video-preview:-1"},"canonical":"https:\/\/www.hotel-napoleon-bastia.fr\/it\/camere-e-suite\/camera-doppia-o-quadrupla\/","og_locale":"it_IT","og_type":"article","og_title":"Camera doppia o quadrupla - H\u00f4tel Napol\u00e9on Bastia","og_description":"La nostra Junior Suite pu\u00f2 ospitare fino a 3 o 4 persone; oppure 2 persone con letti separati. \u00c8 dotata di un letto queen size di 160x200cm e di un divano","og_url":"https:\/\/www.hotel-napoleon-bastia.fr\/it\/camere-e-suite\/camera-doppia-o-quadrupla\/","og_site_name":"H\u00f4tel Napol\u00e9on Bastia","article_modified_time":"2023-05-02T13:48:19+00:00","twitter_card":"summary_large_image","twitter_misc":{"Tempo di lettura stimato":"1 minuto"},"schema":{"@context":"https:\/\/schema.org","@graph":[{"@type":"WebPage","@id":"https:\/\/www.hotel-napoleon-bastia.fr\/it\/camere-e-suite\/camera-doppia-o-quadrupla\/","url":"https:\/\/www.hotel-napoleon-bastia.fr\/it\/camere-e-suite\/camera-doppia-o-quadrupla\/","name":"Camera doppia o quadrupla - H\u00f4tel Napol\u00e9on Bastia","isPartOf":{"@id":"https:\/\/www.hotel-napoleon-bastia.fr\/it\/#website"},"datePublished":"2023-03-07T16:41:24+00:00","dateModified":"2023-05-02T13:48:19+00:00","description":"La nostra Junior Suite pu\u00f2 ospitare fino a 3 o 4 persone; oppure 2 persone con letti separati. \u00c8 dotata di un letto queen size di 160x200cm e di un divano","breadcrumb":{"@id":"https:\/\/www.hotel-napoleon-bastia.fr\/it\/camere-e-suite\/camera-doppia-o-quadrupla\/#breadcrumb"},"inLanguage":"it-IT","potentialAction":[{"@type":"ReadAction","target":["https:\/\/www.hotel-napoleon-bastia.fr\/it\/camere-e-suite\/camera-doppia-o-quadrupla\/"]}]},{"@type":"BreadcrumbList","@id":"https:\/\/www.hotel-napoleon-bastia.fr\/it\/camere-e-suite\/camera-doppia-o-quadrupla\/#breadcrumb","itemListElement":[{"@type":"ListItem","position":1,"name":"Home","item":"https:\/\/www.hotel-napoleon-bastia.fr\/it\/"},{"@type":"ListItem","position":2,"name":"Camere e suite","item":"https:\/\/www.hotel-napoleon-bastia.fr\/it\/camere-e-suite\/"},{"@type":"ListItem","position":3,"name":"Camera doppia o quadrupla"}]},{"@type":"WebSite","@id":"https:\/\/www.hotel-napoleon-bastia.fr\/it\/#website","url":"https:\/\/www.hotel-napoleon-bastia.fr\/it\/","name":"H\u00f4tel Napol\u00e9on Bastia","description":"","potentialAction":[{"@type":"SearchAction","target":{"@type":"EntryPoint","urlTemplate":"https:\/\/www.hotel-napoleon-bastia.fr\/it\/?s={search_term_string}"},"query-input":{"@type":"PropertyValueSpecification","valueRequired":true,"valueName":"search_term_string"}}],"inLanguage":"it-IT"}]}},"acf":[],"_links":{"self":[{"href":"https:\/\/www.hotel-napoleon-bastia.fr\/it\/wp-json\/wp\/v2\/pages\/386","targetHints":{"allow":["GET"]}}],"collection":[{"href":"https:\/\/www.hotel-napoleon-bastia.fr\/it\/wp-json\/wp\/v2\/pages"}],"about":[{"href":"https:\/\/www.hotel-napoleon-bastia.fr\/it\/wp-json\/wp\/v2\/types\/page"}],"author":[{"embeddable":true,"href":"https:\/\/www.hotel-napoleon-bastia.fr\/it\/wp-json\/wp\/v2\/users\/46"}],"replies":[{"embeddable":true,"href":"https:\/\/www.hotel-napoleon-bastia.fr\/it\/wp-json\/wp\/v2\/comments?post=386"}],"version-history":[{"count":0,"href":"https:\/\/www.hotel-napoleon-bastia.fr\/it\/wp-json\/wp\/v2\/pages\/386\/revisions"}],"up":[{"embeddable":true,"href":"https:\/\/www.hotel-napoleon-bastia.fr\/it\/wp-json\/wp\/v2\/pages\/224"}],"wp:attachment":[{"href":"https:\/\/www.hotel-napoleon-bastia.fr\/it\/wp-json\/wp\/v2\/media?parent=386"}],"curies":[{"name":"wp","href":"https:\/\/api.w.org\/{rel}","templated":true}]}}